{"id":1357,"date":"2024-02-21T23:02:27","date_gmt":"2024-02-21T21:02:27","guid":{"rendered":"https:\/\/tammetorubbq.ee\/?post_type=product&#038;p=1357"},"modified":"2026-04-28T08:00:12","modified_gmt":"2026-04-28T05:00:12","slug":"killer-hogs-bbq-tahna-454g","status":"publish","type":"product","link":"https:\/\/tammetorubbq.ee\/fi\/toode\/killer-hogs-the-bbq-kaste-454g\/","title":{"rendered":"Killer Hogs THE BBQ-kastike 454g"},"content":{"rendered":"<p>Ainesosat: (melassi, maissisiirappi, karamelliv\u00e4ri, valkosipulijauhe, anjovikset, tamarindi, luonnollinen aromi), tomaattipyree, korkeafruktoosinen maissisiirappi, sokeri, tislattu etikka, suola, muunnettu maissit\u00e4rkkelys, paprika, mausteet (puna- ja mustapippuri), valkosipulijauhe, ksantaanikumi, natriumbentsoaatti, kaliumsorbaatti, vaniljauute (vaniljapapuuutteet, etyylialkoholi), ksantaanikumi, sipulijauhe ja luontainen aromi (dekstroosi).<\/p>\n<p>SIS\u00c4LT\u00c4\u00c4: ANJOVISTA (KALAA)<\/p>\n<p>Killer Hogs -tuotteet eiv\u00e4t sis\u00e4ll\u00e4 gluteenia.<\/p>","protected":false},"excerpt":{"rendered":"<p>Malcolm Reed ja h\u00e4nen BBQ-tiimins\u00e4 Killer Hogsissa ovat kehitt\u00e4neet BBQ-kastikkeet kilpailuissa, joissa he ovat ker\u00e4nneet uutta tietoa ja ideoita, ja nyt ne on pullotettu.<\/p>\n<p>Tarvitsetko hyv\u00e4\u00e4 kastiketta grilliin? T\u00e4ss\u00e4 se on, kastike, joka toimii aina.<\/p>\n<p>&nbsp;<\/p>\n<p><img loading=\"lazy\" decoding=\"async\" class=\"wp-image-2335\" src=\"http:\/\/tammetorubbq.ee\/wp-content\/uploads\/2024\/12\/Killer-Hogs-logo-300x300.webp\" alt=\"Killer hogs logo\" width=\"137\" height=\"137\" srcset=\"https:\/\/tammetorubbq.ee\/wp-content\/uploads\/2024\/12\/Killer-Hogs-logo-300x300.webp 300w, https:\/\/tammetorubbq.ee\/wp-content\/uploads\/2024\/12\/Killer-Hogs-logo-150x150.webp 150w, https:\/\/tammetorubbq.ee\/wp-content\/uploads\/2024\/12\/Killer-Hogs-logo-768x768.webp 768w, https:\/\/tammetorubbq.ee\/wp-content\/uploads\/2024\/12\/Killer-Hogs-logo-12x12.webp 12w, https:\/\/tammetorubbq.ee\/wp-content\/uploads\/2024\/12\/Killer-Hogs-logo-600x600.webp 600w, https:\/\/tammetorubbq.ee\/wp-content\/uploads\/2024\/12\/Killer-Hogs-logo-64x64.webp 64w, https:\/\/tammetorubbq.ee\/wp-content\/uploads\/2024\/12\/Killer-Hogs-logo.webp 800w\" sizes=\"auto, (max-width: 137px) 100vw, 137px\" \/><\/p>","protected":false},"featured_media":2350,"comment_status":"open","ping_status":"closed","template":"","meta":{"_uf_show_specific_survey":0,"_uf_disable_surveys":false},"pwb-brand":[103],"product_brand":[],"product_cat":[22],"product_tag":[],"class_list":{"0":"post-1357","1":"product","2":"type-product","3":"status-publish","4":"has-post-thumbnail","6":"pwb-brand-killer-hogs-bbq","7":"product_cat-kastmed-ja-marinaadid","9":"first","10":"outofstock","11":"taxable","12":"shipping-taxable","13":"purchasable","14":"product-type-simple"},"brands":[{"id":103,"name":"Killer Hogs BBQ","slug":"killer-hogs-bbq"}],"_links":{"self":[{"href":"https:\/\/tammetorubbq.ee\/fi\/wp-json\/wp\/v2\/product\/1357","targetHints":{"allow":["GET"]}}],"collection":[{"href":"https:\/\/tammetorubbq.ee\/fi\/wp-json\/wp\/v2\/product"}],"about":[{"href":"https:\/\/tammetorubbq.ee\/fi\/wp-json\/wp\/v2\/types\/product"}],"replies":[{"embeddable":true,"href":"https:\/\/tammetorubbq.ee\/fi\/wp-json\/wp\/v2\/comments?post=1357"}],"wp:featuredmedia":[{"embeddable":true,"href":"https:\/\/tammetorubbq.ee\/fi\/wp-json\/wp\/v2\/media\/2350"}],"wp:attachment":[{"href":"https:\/\/tammetorubbq.ee\/fi\/wp-json\/wp\/v2\/media?parent=1357"}],"wp:term":[{"taxonomy":"pwb-brand","embeddable":true,"href":"https:\/\/tammetorubbq.ee\/fi\/wp-json\/wp\/v2\/pwb-brand?post=1357"},{"taxonomy":"product_brand","embeddable":true,"href":"https:\/\/tammetorubbq.ee\/fi\/wp-json\/wp\/v2\/product_brand?post=1357"},{"taxonomy":"product_cat","embeddable":true,"href":"https:\/\/tammetorubbq.ee\/fi\/wp-json\/wp\/v2\/product_cat?post=1357"},{"taxonomy":"product_tag","embeddable":true,"href":"https:\/\/tammetorubbq.ee\/fi\/wp-json\/wp\/v2\/product_tag?post=1357"}],"curies":[{"name":"wp","href":"https:\/\/api.w.org\/{rel}","templated":true}]}}