{"id":1365,"date":"2024-02-23T16:54:02","date_gmt":"2024-02-23T14:54:02","guid":{"rendered":"https:\/\/tammetorubbq.ee\/?post_type=product&#038;p=1365"},"modified":"2026-04-19T21:00:32","modified_gmt":"2026-04-19T18:00:32","slug":"proq-excel-tunnelisavustin-50-cm-versio-4-0","status":"publish","type":"product","link":"https:\/\/tammetorubbq.ee\/fi\/product-2\/proq-excel-tunnelisavustin-50-cm-versio-4-0\/","title":{"rendered":"ProQ Excel tynnyrisavustin (50 cm) versio 4.0."},"content":{"rendered":"<p>&nbsp;<\/p>\n<ul>\n<li>T\u00e4ll\u00e4 eritt\u00e4in monipuolisella BBQ-tynnyrisavustimella voit grillata, paahtaa tai savustaa ruokasi.<\/li>\n<li>T\u00e4m\u00e4 on ihanteellinen grilliuuni niille, jotka aloittavat tai etsiv\u00e4t luotettavaa grilli- \/ bbq-uunia jokap\u00e4iv\u00e4iseen k\u00e4ytt\u00f6\u00f6n.<\/li>\n<li>Sis\u00e4\u00e4nrakennetun kannen l\u00e4mp\u00f6tilamittarin ja useiden tuuletusreikien avulla voit helposti s\u00e4\u00e4t\u00e4\u00e4 l\u00e4mp\u00f6tilaa.<\/li>\n<li>T\u00e4ydellinen koko perheille ja grillijuhliin! Se toimii my\u00f6s loistavasti siirrett\u00e4v\u00e4n\u00e4 grillipaikkana rannalla, sill\u00e4 t\u00e4m\u00e4n lieden hyllyt ovat siirrett\u00e4viss\u00e4 - voit tehd\u00e4 siit\u00e4 juuri niin suuren kuin haluat.<\/li>\n<li>Saatavilla on laaja valikoima lis\u00e4varusteita, joiden avulla grillist\u00e4si tulee entist\u00e4kin monipuolisempi.<\/li>\n<li>Valmistettu korkealaatuisista materiaaleista: ter\u00e4srunko, joka on p\u00e4\u00e4llystetty kest\u00e4v\u00e4ll\u00e4 posliinilla.<\/li>\n<li>Kest\u00e4\u00e4 useita vuosia, ja tuotteella on my\u00f6s rajoitettu 10 vuoden takuu.<\/li>\n<li>Kaikki varusteet - sivukahvat, kiinnittimet sek\u00e4 mutterit ja pultit - on valmistettu ruostumattomasta ruostumattomasta ter\u00e4ksest\u00e4, my\u00f6s grilliritil\u00e4t.<\/li>\n<li>Lis\u00e4rahalla voit ostaa lis\u00e4kerroksia (ks.\u00a0<em>Pinoaja<\/em>), jotka sis\u00e4lt\u00e4v\u00e4t my\u00f6s grillin t\u00e4hteit\u00e4.<\/li>\n<\/ul>","protected":false},"excerpt":{"rendered":"<p>Excel-tynnyrisavustin on ProQ:n suurin BBQ-savustin, jonka kypsennyskapasiteetti on jopa 30 kg kerrallaan.<\/p>\n<p>Ammattikokkien ja huippugrillijoukkueiden ymp\u00e4ri maailmaa rakastama Excel on luonut maineen luotettavuudesta, laadusta ja herkullisista kulinaarisista tuloksista.<\/p>\n<p>&nbsp;<\/p>","protected":false},"featured_media":1369,"comment_status":"open","ping_status":"closed","template":"","meta":{"_uf_show_specific_survey":0,"_uf_disable_surveys":false},"pwb-brand":[75],"product_brand":[],"product_cat":[57,53],"product_tag":[146,76],"class_list":{"0":"post-1365","1":"product","2":"type-product","3":"status-publish","4":"has-post-thumbnail","6":"pwb-brand-proq","7":"product_cat-bbq-suitsuahjud","8":"product_cat-grillid","9":"product_tag-proq","10":"product_tag-suitsuahi","12":"first","13":"instock","14":"taxable","15":"shipping-taxable","16":"purchasable","17":"product-type-simple"},"brands":[{"id":75,"name":"ProQ","slug":"proq"}],"_links":{"self":[{"href":"https:\/\/tammetorubbq.ee\/fi\/wp-json\/wp\/v2\/product\/1365","targetHints":{"allow":["GET"]}}],"collection":[{"href":"https:\/\/tammetorubbq.ee\/fi\/wp-json\/wp\/v2\/product"}],"about":[{"href":"https:\/\/tammetorubbq.ee\/fi\/wp-json\/wp\/v2\/types\/product"}],"replies":[{"embeddable":true,"href":"https:\/\/tammetorubbq.ee\/fi\/wp-json\/wp\/v2\/comments?post=1365"}],"wp:featuredmedia":[{"embeddable":true,"href":"https:\/\/tammetorubbq.ee\/fi\/wp-json\/wp\/v2\/media\/1369"}],"wp:attachment":[{"href":"https:\/\/tammetorubbq.ee\/fi\/wp-json\/wp\/v2\/media?parent=1365"}],"wp:term":[{"taxonomy":"pwb-brand","embeddable":true,"href":"https:\/\/tammetorubbq.ee\/fi\/wp-json\/wp\/v2\/pwb-brand?post=1365"},{"taxonomy":"product_brand","embeddable":true,"href":"https:\/\/tammetorubbq.ee\/fi\/wp-json\/wp\/v2\/product_brand?post=1365"},{"taxonomy":"product_cat","embeddable":true,"href":"https:\/\/tammetorubbq.ee\/fi\/wp-json\/wp\/v2\/product_cat?post=1365"},{"taxonomy":"product_tag","embeddable":true,"href":"https:\/\/tammetorubbq.ee\/fi\/wp-json\/wp\/v2\/product_tag?post=1365"}],"curies":[{"name":"wp","href":"https:\/\/api.w.org\/{rel}","templated":true}]}}