{"id":1376,"date":"2024-03-01T11:25:44","date_gmt":"2024-03-01T09:25:44","guid":{"rendered":"https:\/\/tammetorubbq.ee\/?post_type=product&#038;p=1376"},"modified":"2026-04-16T23:00:17","modified_gmt":"2026-04-16T20:00:17","slug":"proq-testin-kaynnistin-ruostumatonta-terasta","status":"publish","type":"product","link":"https:\/\/tammetorubbq.ee\/fi\/product-2\/proq-testin-kaynnistin-ruostumatonta-terasta\/","title":{"rendered":"ProQ ruostumattomasta ter\u00e4ksest\u00e4 valmistettu syd\u00e4nk\u00e4ynnistin"},"content":{"rendered":"<ul>\n<li>ProQ-hiilisytytin on loistava v\u00e4line hiilien sytytt\u00e4miseen UFO-grilliss\u00e4 tai muussa perinteisess\u00e4 hiiligrilliss\u00e4. Varmistaa puuhiilen nopeamman syttymisen.<\/li>\n<li>Vahva, kest\u00e4v\u00e4 ja eritt\u00e4in helppok\u00e4ytt\u00f6inen. Ainutlaatuinen ja ergonominen kaksikahvainen j\u00e4rjestelm\u00e4, jonka ansiosta kuumien hiilien kaataminen on helppoa.<\/li>\n<li>Voit sytytt\u00e4\u00e4 hiilet joko sanomalehdenpalalla tai tulitikuilla tai vastaavalla. Sis\u00e4kartioj\u00e4rjestelm\u00e4 antaa tulelle runsaasti ilmavirtaa ja nopeuttaa sytytysaikaa.<\/li>\n<li>Erityinen l\u00e4mp\u00f6suoja suojaa k\u00e4si\u00e4si.<\/li>\n<li>Rakenne: 1,5 mm ruostumatonta ter\u00e4st\u00e4 (eli erityisen paksua ja kest\u00e4v\u00e4\u00e4!), kuumuutta kest\u00e4v\u00e4t muovikahvat.<\/li>\n<li>Mitat: 190 x 290 x 320 mm (halkaisija 190 mm), paino 2,7 kg.<\/li>\n<\/ul>\n<p>5 vuoden takuu<\/p>\n<p>&nbsp;<\/p>","protected":false},"excerpt":{"rendered":"<p>ProQ ruostumaton ter\u00e4s <a href=\"https:\/\/tammetorubbq.ee\/fi\/luokka\/grilli\/grilli-sushia\/\">ruoka\u00f6ljy<\/a> sytytin, josta on suuri apu kaikille grillauksen yst\u00e4ville - helppo k\u00e4ytt\u00e4\u00e4, sytyt\u00e4 tuli ja hiillos syttyy tasaisesti ja nopeasti.<\/p>\n<p>&nbsp;<\/p>","protected":false},"featured_media":1377,"comment_status":"open","ping_status":"closed","template":"","meta":{"_uf_show_specific_survey":0,"_uf_disable_surveys":false},"pwb-brand":[75],"product_brand":[],"product_cat":[28,30],"product_tag":[134,130,129],"class_list":{"0":"post-1376","1":"product","2":"type-product","3":"status-publish","4":"has-post-thumbnail","6":"pwb-brand-proq","7":"product_cat-grillsusi","8":"product_cat-grillimise-tarvikud","9":"product_tag-grillimise-tarvikud","10":"product_tag-grillsusi","11":"product_tag-sutestarter","13":"first","14":"instock","15":"taxable","16":"shipping-taxable","17":"purchasable","18":"product-type-simple"},"brands":[{"id":75,"name":"ProQ","slug":"proq"}],"_links":{"self":[{"href":"https:\/\/tammetorubbq.ee\/fi\/wp-json\/wp\/v2\/product\/1376","targetHints":{"allow":["GET"]}}],"collection":[{"href":"https:\/\/tammetorubbq.ee\/fi\/wp-json\/wp\/v2\/product"}],"about":[{"href":"https:\/\/tammetorubbq.ee\/fi\/wp-json\/wp\/v2\/types\/product"}],"replies":[{"embeddable":true,"href":"https:\/\/tammetorubbq.ee\/fi\/wp-json\/wp\/v2\/comments?post=1376"}],"wp:featuredmedia":[{"embeddable":true,"href":"https:\/\/tammetorubbq.ee\/fi\/wp-json\/wp\/v2\/media\/1377"}],"wp:attachment":[{"href":"https:\/\/tammetorubbq.ee\/fi\/wp-json\/wp\/v2\/media?parent=1376"}],"wp:term":[{"taxonomy":"pwb-brand","embeddable":true,"href":"https:\/\/tammetorubbq.ee\/fi\/wp-json\/wp\/v2\/pwb-brand?post=1376"},{"taxonomy":"product_brand","embeddable":true,"href":"https:\/\/tammetorubbq.ee\/fi\/wp-json\/wp\/v2\/product_brand?post=1376"},{"taxonomy":"product_cat","embeddable":true,"href":"https:\/\/tammetorubbq.ee\/fi\/wp-json\/wp\/v2\/product_cat?post=1376"},{"taxonomy":"product_tag","embeddable":true,"href":"https:\/\/tammetorubbq.ee\/fi\/wp-json\/wp\/v2\/product_tag?post=1376"}],"curies":[{"name":"wp","href":"https:\/\/api.w.org\/{rel}","templated":true}]}}