{"id":1384,"date":"2024-03-04T12:26:35","date_gmt":"2024-03-04T10:26:35","guid":{"rendered":"https:\/\/tammetorubbq.ee\/?post_type=product&#038;p=1384"},"modified":"2026-04-05T22:00:44","modified_gmt":"2026-04-05T19:00:44","slug":"beef-short-ribs-irlanti","status":"publish","type":"product","link":"https:\/\/tammetorubbq.ee\/fi\/product-2\/beef-short-ribs-irlanti\/","title":{"rendered":"Naudanlihan kylkiluita ~2,3kg (IRL)"},"content":{"rendered":"<ul>\n<li>Antibioottivapaata, luonnonmukaista naudanlihaa.<\/li>\n<li><span class=\"label\">Sy\u00f6tt\u00f6 - <\/span><span class=\"data\">rohi.<\/span><\/li>\n<li>Tyhji\u00f6pakattu.<\/li>\n<li>J\u00e4\u00e4hdytetty (s\u00e4ilytysl\u00e4mp\u00f6tila 0 + 2 \u00b0C).<\/li>\n<li>Yhden nauhan paino on 1,5-2,3 kg.<\/li>\n<li>Irtopakkaus ~9kg (~5 uurrettua levy\u00e4).<\/li>\n<li>Alkuper\u00e4maa IRLANTI.<\/li>\n<\/ul>\n<p>&nbsp;<\/p>\n<p>Tuotetta ei voi l\u00e4hett\u00e4\u00e4 pakettiautomaatilla tai kuriirilla.<\/p>\n<p>Tilauksen voi noutaa etuk\u00e4teen sovittaessa: P\u00e4rnu mnt. 232, Tallinna.<\/p>\n<p>Kirjoita meille\u00a0<a href=\"https:\/\/tammetorubbq.ee\/fi\/product-2\/swift-searibi-st-louise-usa\/info%40tammetorubbq.ee\/\">info@tammetorubbq.ee<\/a>\u00a0tai soita\u00a0<a href=\"http:\/\/+372%2056%20888%20638\/\" target=\"_blank\" rel=\"noopener\">+372 56 888 638<\/a><\/p>","protected":false},"excerpt":{"rendered":"<p>Ensiluokkaista ruohokasvatettua naudanlihaa.<\/p>\n<p>Ihanteellinen matalaan ja hitaaseen grillaukseen tai BBQ-grillaukseen.<\/p>\n<p>Lyhyet kylkiluut ovat per\u00e4isin kylkiluun osasta, joka sis\u00e4lt\u00e4\u00e4 kolmesta nelj\u00e4\u00e4n kylkiluuta. Leikkauspaikasta riippuen se voi olla 5-15 cm paksu, ja se sis\u00e4lt\u00e4\u00e4 lihaksen, rasvan ja j\u00e4nteiden sekoittamaa lihaa, mik\u00e4 antaa sille erinomaisen ja voimakkaan lihaisan maun.<\/p>\n<p>Oikein kypsennettyn\u00e4 t\u00e4m\u00e4 pala on eritt\u00e4in mureaa ja mehukasta.<\/p>\n<p>&nbsp;<\/p>\n<p>Yksitt\u00e4isen kylkilevyn keskim\u00e4\u00e4r\u00e4inen paino on ~2,0 kg.<\/p>\n<p>Kysy rohkeasti erikoishintaa suuremmista m\u00e4\u00e4rist\u00e4.<\/p>\n<p>Tuote myyd\u00e4\u00e4n painon mukaan. Tarkka hinta lasketaan tuotteen punnituksen j\u00e4lkeen.<\/p>\n<p><strong>Tuote on ennakkotilattavissa.\u00a0<\/strong><\/p>\n<p>Koska kyseess\u00e4 on punnitustuote, tilausta ei voi tehd\u00e4 verkkokaupan kautta.<\/p>\n<p>Tilausta varten kirjoita osoitteeseen <a href=\"\/fi\/info@tammetorubbq.ee\/\">info@tammetorubbq.ee<\/a> tai soita <a href=\"http:\/\/+372 56 888 638\">+372 56 888 638<\/a><\/p>\n<p>&nbsp;<\/p>","protected":false},"featured_media":1397,"comment_status":"open","ping_status":"closed","template":"","meta":{"_uf_show_specific_survey":0,"_uf_disable_surveys":false},"pwb-brand":[],"product_brand":[],"product_cat":[71],"product_tag":[],"class_list":{"0":"post-1384","1":"product","2":"type-product","3":"status-publish","4":"has-post-thumbnail","6":"product_cat-liha","8":"first","9":"outofstock","10":"taxable","11":"shipping-taxable","12":"purchasable","13":"product-type-simple"},"brands":[],"_links":{"self":[{"href":"https:\/\/tammetorubbq.ee\/fi\/wp-json\/wp\/v2\/product\/1384","targetHints":{"allow":["GET"]}}],"collection":[{"href":"https:\/\/tammetorubbq.ee\/fi\/wp-json\/wp\/v2\/product"}],"about":[{"href":"https:\/\/tammetorubbq.ee\/fi\/wp-json\/wp\/v2\/types\/product"}],"replies":[{"embeddable":true,"href":"https:\/\/tammetorubbq.ee\/fi\/wp-json\/wp\/v2\/comments?post=1384"}],"wp:featuredmedia":[{"embeddable":true,"href":"https:\/\/tammetorubbq.ee\/fi\/wp-json\/wp\/v2\/media\/1397"}],"wp:attachment":[{"href":"https:\/\/tammetorubbq.ee\/fi\/wp-json\/wp\/v2\/media?parent=1384"}],"wp:term":[{"taxonomy":"pwb-brand","embeddable":true,"href":"https:\/\/tammetorubbq.ee\/fi\/wp-json\/wp\/v2\/pwb-brand?post=1384"},{"taxonomy":"product_brand","embeddable":true,"href":"https:\/\/tammetorubbq.ee\/fi\/wp-json\/wp\/v2\/product_brand?post=1384"},{"taxonomy":"product_cat","embeddable":true,"href":"https:\/\/tammetorubbq.ee\/fi\/wp-json\/wp\/v2\/product_cat?post=1384"},{"taxonomy":"product_tag","embeddable":true,"href":"https:\/\/tammetorubbq.ee\/fi\/wp-json\/wp\/v2\/product_tag?post=1384"}],"curies":[{"name":"wp","href":"https:\/\/api.w.org\/{rel}","templated":true}]}}