{"id":1398,"date":"2024-03-04T21:21:33","date_gmt":"2024-03-04T19:21:33","guid":{"rendered":"https:\/\/tammetorubbq.ee\/?post_type=product&#038;p=1398"},"modified":"2026-04-16T23:00:01","modified_gmt":"2026-04-16T20:00:01","slug":"castor","status":"publish","type":"product","link":"https:\/\/tammetorubbq.ee\/fi\/product-2\/castor\/","title":{"rendered":"Leikkuulauta tammea 50x30x3cm"},"content":{"rendered":"<p>Ulkomitat: 30cm x 50cm.<\/p>\n<p>Leikkuulaudan paksuus: 4cm.<\/p>\n<p>Materiaali: Tammi<\/p>\n<p>Suojaus: Osmo leikkuulaudan \u00f6ljyvaha (koodi 3099).<\/p>\n<p>&nbsp;<\/p>\n<p>Suosittelemme, ett\u00e4 leikkuulaudan pinta k\u00e4sitell\u00e4\u00e4n v\u00e4hint\u00e4\u00e4n muutaman kerran vuodessa Osmo-leikkuulauta\u00f6ljyll\u00e4 k\u00e4ytt\u00f6tiheydest\u00e4 riippuen.<\/p>\n<p>Ennen \u00f6ljy\u00e4mist\u00e4 p\u00f6yt\u00e4 on pest\u00e4v\u00e4 ja kuivattava huolellisesti. \u00d6ljy\u00e4 aina p\u00f6yd\u00e4n molemmat puolet v\u00e4\u00e4ntymisen est\u00e4miseksi. Pesun tai \u00f6ljy\u00e4misen j\u00e4lkeen aseta leikkuulauta kuivausasentoon, jossa on ilmaa molemmin puolin, jotta lautanen kuivuu tasaisesti.  T\u00e4m\u00e4 est\u00e4\u00e4 leikkuulautaa v\u00e4\u00e4ntym\u00e4st\u00e4.<\/p>\n<p><strong>Sit\u00e4 ei voi pest\u00e4 koneessa!<\/strong><\/p>","protected":false},"excerpt":{"rendered":"<p>K\u00e4sintehty, k\u00e4yt\u00e4nn\u00f6llinen ja kest\u00e4v\u00e4 tammileikkuulauta, jonka pinta kest\u00e4\u00e4 lohkeilua ja leikkaamista ja pysyy kauniina pitk\u00e4\u00e4n asianmukaisella hoidolla.<\/p>\n<p>Leikkuulaudassa on ura lihanesteille, jotta mehut eiv\u00e4t p\u00e4\u00e4se valumaan yli, ja k\u00e4tev\u00e4t \"sormenp\u00e4\u00e4t\" p\u00e4iss\u00e4, jotta leikkuulaudan siirt\u00e4minen on helppoa.<\/p>\n<p>&nbsp;<\/p>\n<p>Sopii herkullisten liharuokien viipalointiin sek\u00e4 tarjoiluun.<\/p>","protected":false},"featured_media":1399,"comment_status":"open","ping_status":"closed","template":"","meta":{"_uf_show_specific_survey":0,"_uf_disable_surveys":false},"pwb-brand":[],"product_brand":[],"product_cat":[30],"product_tag":[],"class_list":{"0":"post-1398","1":"product","2":"type-product","3":"status-publish","4":"has-post-thumbnail","6":"product_cat-grillimise-tarvikud","8":"first","9":"outofstock","10":"taxable","11":"shipping-taxable","12":"purchasable","13":"product-type-simple"},"brands":[],"_links":{"self":[{"href":"https:\/\/tammetorubbq.ee\/fi\/wp-json\/wp\/v2\/product\/1398","targetHints":{"allow":["GET"]}}],"collection":[{"href":"https:\/\/tammetorubbq.ee\/fi\/wp-json\/wp\/v2\/product"}],"about":[{"href":"https:\/\/tammetorubbq.ee\/fi\/wp-json\/wp\/v2\/types\/product"}],"replies":[{"embeddable":true,"href":"https:\/\/tammetorubbq.ee\/fi\/wp-json\/wp\/v2\/comments?post=1398"}],"wp:featuredmedia":[{"embeddable":true,"href":"https:\/\/tammetorubbq.ee\/fi\/wp-json\/wp\/v2\/media\/1399"}],"wp:attachment":[{"href":"https:\/\/tammetorubbq.ee\/fi\/wp-json\/wp\/v2\/media?parent=1398"}],"wp:term":[{"taxonomy":"pwb-brand","embeddable":true,"href":"https:\/\/tammetorubbq.ee\/fi\/wp-json\/wp\/v2\/pwb-brand?post=1398"},{"taxonomy":"product_brand","embeddable":true,"href":"https:\/\/tammetorubbq.ee\/fi\/wp-json\/wp\/v2\/product_brand?post=1398"},{"taxonomy":"product_cat","embeddable":true,"href":"https:\/\/tammetorubbq.ee\/fi\/wp-json\/wp\/v2\/product_cat?post=1398"},{"taxonomy":"product_tag","embeddable":true,"href":"https:\/\/tammetorubbq.ee\/fi\/wp-json\/wp\/v2\/product_tag?post=1398"}],"curies":[{"name":"wp","href":"https:\/\/api.w.org\/{rel}","templated":true}]}}