{"id":1438,"date":"2024-03-08T20:38:23","date_gmt":"2024-03-08T18:38:23","guid":{"rendered":"https:\/\/tammetorubbq.ee\/?post_type=product&#038;p=1438"},"modified":"2026-05-03T12:00:11","modified_gmt":"2026-05-03T09:00:11","slug":"blues-hog-champions-blend-bbq-tahna-680g","status":"publish","type":"product","link":"https:\/\/tammetorubbq.ee\/fi\/toode\/blues-hog-champions-blend-bbq-kaste-680g\/","title":{"rendered":"Blues Hog Champions' Blend BBQ-kastike 680g"},"content":{"rendered":"<p><strong>Ainesosat:<\/strong> ruskea sokeri, ketsuppi (tomaattitiiviste kypsist\u00e4 punaisista tomaateista, tislattu etikka, korkeafruktoosinen maissisiirappi, suola, mausteet, sipulijauhe, luontaiset mausteet), omenaviinietikka, vesi, suola, mausteet, mukaan lukien paprika, Worchestershire-kastike, nestem\u00e4inen savu, vaniljauute, kuivattu valkosipuli.<\/p>","protected":false},"excerpt":{"rendered":"<p><strong data-start=\"0\" data-end=\"40\">Blues Hog Champions' Blend BBQ-kastike<\/strong> on amerikkalaisvalmisteinen premium BBQ-kastike, jota monet grillimestarit pit\u00e4v\u00e4t yhten\u00e4 maailman parhaista.<\/p>\n<p>T\u00e4ss\u00e4 kastikkeessa yhdistyv\u00e4t Blues Hogin eri kastikkeiden parhaat ominaisuudet - makeat, savuiset ja hieman mausteiset maut, jotka sopivat erinomaisesti lihalle, kanalle, ribseille ja hampurilaisille.<\/p>\n<p>Blues Hogin gourmet-kastikkeet ovat gluteenittomia ja valmistettu luonnollisista, korkealaatuisista raaka-aineista.<\/p>\n<p>Blues Hog -tuotteilla on enemm\u00e4n palkintoja kuin mill\u00e4\u00e4n muulla markkinoilla olevalla \"kilpailijalla\", mink\u00e4 vuoksi Blues Hog -tuotteita k\u00e4ytt\u00e4v\u00e4t 90% kilpailevat grillijoukkueet ymp\u00e4ri maailmaa.<\/p>\n<p><span style=\"color: #0000ff;\"><strong>Blues Hog on palkittujen mestareiden valinta!<\/strong><\/span><\/p>\n<p><img loading=\"lazy\" decoding=\"async\" class=\"alignnone wp-image-3462\" src=\"http:\/\/tammetorubbq.ee\/wp-content\/uploads\/2024\/02\/BH_Logo_2022-300x280.avif\" alt=\"\" width=\"166\" height=\"155\" srcset=\"https:\/\/tammetorubbq.ee\/wp-content\/uploads\/2024\/02\/BH_Logo_2022-300x280.avif 300w, https:\/\/tammetorubbq.ee\/wp-content\/uploads\/2024\/02\/BH_Logo_2022-13x12.avif 13w, https:\/\/tammetorubbq.ee\/wp-content\/uploads\/2024\/02\/BH_Logo_2022-64x60.avif 64w, https:\/\/tammetorubbq.ee\/wp-content\/uploads\/2024\/02\/BH_Logo_2022.avif 322w\" sizes=\"auto, (max-width: 166px) 100vw, 166px\" \/><\/p>","protected":false},"featured_media":4759,"comment_status":"open","ping_status":"closed","template":"","meta":{"_uf_show_specific_survey":0,"_uf_disable_surveys":false},"pwb-brand":[74],"product_brand":[],"product_cat":[22],"product_tag":[331,354,118,114,119],"class_list":{"0":"post-1438","1":"product","2":"type-product","3":"status-publish","4":"has-post-thumbnail","6":"pwb-brand-blues-hog","7":"product_cat-kastmed-ja-marinaadid","8":"product_tag-blues-hog","9":"product_tag-blues-hog-kastmed","10":"product_tag-kanaliha","11":"product_tag-sealiha","12":"product_tag-veiseliha","14":"first","15":"instock","16":"taxable","17":"shipping-taxable","18":"purchasable","19":"product-type-simple"},"brands":[{"id":74,"name":"Blues Hog","slug":"blues-hog"}],"_links":{"self":[{"href":"https:\/\/tammetorubbq.ee\/fi\/wp-json\/wp\/v2\/product\/1438","targetHints":{"allow":["GET"]}}],"collection":[{"href":"https:\/\/tammetorubbq.ee\/fi\/wp-json\/wp\/v2\/product"}],"about":[{"href":"https:\/\/tammetorubbq.ee\/fi\/wp-json\/wp\/v2\/types\/product"}],"replies":[{"embeddable":true,"href":"https:\/\/tammetorubbq.ee\/fi\/wp-json\/wp\/v2\/comments?post=1438"}],"wp:featuredmedia":[{"embeddable":true,"href":"https:\/\/tammetorubbq.ee\/fi\/wp-json\/wp\/v2\/media\/4759"}],"wp:attachment":[{"href":"https:\/\/tammetorubbq.ee\/fi\/wp-json\/wp\/v2\/media?parent=1438"}],"wp:term":[{"taxonomy":"pwb-brand","embeddable":true,"href":"https:\/\/tammetorubbq.ee\/fi\/wp-json\/wp\/v2\/pwb-brand?post=1438"},{"taxonomy":"product_brand","embeddable":true,"href":"https:\/\/tammetorubbq.ee\/fi\/wp-json\/wp\/v2\/product_brand?post=1438"},{"taxonomy":"product_cat","embeddable":true,"href":"https:\/\/tammetorubbq.ee\/fi\/wp-json\/wp\/v2\/product_cat?post=1438"},{"taxonomy":"product_tag","embeddable":true,"href":"https:\/\/tammetorubbq.ee\/fi\/wp-json\/wp\/v2\/product_tag?post=1438"}],"curies":[{"name":"wp","href":"https:\/\/api.w.org\/{rel}","templated":true}]}}