{"id":1471,"date":"2024-03-10T19:19:02","date_gmt":"2024-03-10T17:19:02","guid":{"rendered":"https:\/\/tammetorubbq.ee\/?post_type=product&#038;p=1471"},"modified":"2026-04-15T04:00:12","modified_gmt":"2026-04-15T01:00:12","slug":"franklin-barbecue-brisket-rub-170g","status":"publish","type":"product","link":"https:\/\/tammetorubbq.ee\/fi\/product-2\/franklin-barbecue-brisket-rub-170g\/","title":{"rendered":"Franklin Barbecue Brisket Rub 170g"},"content":{"rendered":"<p>Yksinkertaisuudessa on voimaa!<\/p>\n<p>Ainekset: suola, mustapippuri.<\/p>","protected":false},"excerpt":{"rendered":"<p>Franklin BBQ tunnetaan parhaiten rintafileist\u00e4\u00e4n, ja Aaron Franklin k\u00e4ytt\u00e4\u00e4 t\u00e4t\u00e4 suolaa ja pippuria sis\u00e4lt\u00e4v\u00e4\u00e4 mausteseosta p\u00e4ivitt\u00e4in ravintolassaan.<\/p>\n<p>Jos olet koskaan kokeillut Franklin BBQ:ta, tied\u00e4t, ett\u00e4 se on parhaista parhaita.<\/p>\n<p>T\u00e4m\u00e4 mauste on tarkoitettu ennen kaikkea naudanlihapihville, mutta se sopii erinomaisesti my\u00f6s esimerkiksi kylkiluiden kanssa.<\/p>\n<p>&nbsp;<\/p>\n<p>&nbsp;<\/p>\n<p>&nbsp;<\/p>\n<p><img loading=\"lazy\" decoding=\"async\" class=\"alignnone  wp-image-1842\" src=\"http:\/\/tammetorubbq.ee\/wp-content\/uploads\/2024\/07\/Franklin-BBQ-logo.svg\" alt=\"Franklin BBQ:n logo\" width=\"195\" height=\"110\" \/><\/p>","protected":false},"featured_media":1472,"comment_status":"open","ping_status":"closed","template":"","meta":{"_uf_show_specific_survey":0,"_uf_disable_surveys":false},"pwb-brand":[83],"product_brand":[],"product_cat":[21],"product_tag":[],"class_list":{"0":"post-1471","1":"product","2":"type-product","3":"status-publish","4":"has-post-thumbnail","6":"pwb-brand-franklin-barbecue","7":"product_cat-maitseainesegud","9":"first","10":"outofstock","11":"taxable","12":"shipping-taxable","13":"purchasable","14":"product-type-simple"},"brands":[{"id":83,"name":"Franklin Barbecue","slug":"franklin-barbecue"}],"_links":{"self":[{"href":"https:\/\/tammetorubbq.ee\/fi\/wp-json\/wp\/v2\/product\/1471","targetHints":{"allow":["GET"]}}],"collection":[{"href":"https:\/\/tammetorubbq.ee\/fi\/wp-json\/wp\/v2\/product"}],"about":[{"href":"https:\/\/tammetorubbq.ee\/fi\/wp-json\/wp\/v2\/types\/product"}],"replies":[{"embeddable":true,"href":"https:\/\/tammetorubbq.ee\/fi\/wp-json\/wp\/v2\/comments?post=1471"}],"wp:featuredmedia":[{"embeddable":true,"href":"https:\/\/tammetorubbq.ee\/fi\/wp-json\/wp\/v2\/media\/1472"}],"wp:attachment":[{"href":"https:\/\/tammetorubbq.ee\/fi\/wp-json\/wp\/v2\/media?parent=1471"}],"wp:term":[{"taxonomy":"pwb-brand","embeddable":true,"href":"https:\/\/tammetorubbq.ee\/fi\/wp-json\/wp\/v2\/pwb-brand?post=1471"},{"taxonomy":"product_brand","embeddable":true,"href":"https:\/\/tammetorubbq.ee\/fi\/wp-json\/wp\/v2\/product_brand?post=1471"},{"taxonomy":"product_cat","embeddable":true,"href":"https:\/\/tammetorubbq.ee\/fi\/wp-json\/wp\/v2\/product_cat?post=1471"},{"taxonomy":"product_tag","embeddable":true,"href":"https:\/\/tammetorubbq.ee\/fi\/wp-json\/wp\/v2\/product_tag?post=1471"}],"curies":[{"name":"wp","href":"https:\/\/api.w.org\/{rel}","templated":true}]}}