{"id":1482,"date":"2024-03-10T20:01:16","date_gmt":"2024-03-10T18:01:16","guid":{"rendered":"https:\/\/tammetorubbq.ee\/?post_type=product&#038;p=1482"},"modified":"2026-04-15T03:00:21","modified_gmt":"2026-04-15T00:00:21","slug":"heath-riles-sweet-bbq-rub-283g","status":"publish","type":"product","link":"https:\/\/tammetorubbq.ee\/fi\/product-2\/heath-riles-sweet-bbq-rub-283g\/","title":{"rendered":"Heath Riles Sweet BBQ Rub 283g"},"content":{"rendered":"<p>Ainesosat: sokeri, paprika, ruskea sokeri, suola, mausteet, natriumglutamaatti, valkosipulijauhe, sipulijauhe, puhdistettu soija\u00f6ljy, luontainen savuaromi, paprikan oleoresiini ja paakkuuntumisen est\u00e4miseksi lis\u00e4tty trikalsiumfosfaatti (2%).<\/p>","protected":false},"excerpt":{"rendered":"<p>Heath Riles Sweet BBQ-mauste on nimens\u00e4 mukaisesti makea sokeripohjainen rub, jolla on kaunis v\u00e4ri.<\/p>\n<p>Heath Riles on mies, joka on voittanut lukemattomia titteleit\u00e4 maailmanmestaruusluokassa. Viime vuosina h\u00e4n on pysynyt haastamattomana.<\/p>","protected":false},"featured_media":1483,"comment_status":"open","ping_status":"closed","template":"","meta":{"_uf_show_specific_survey":0,"_uf_disable_surveys":false},"pwb-brand":[84],"product_brand":[],"product_cat":[21],"product_tag":[347],"class_list":{"0":"post-1482","1":"product","2":"type-product","3":"status-publish","4":"has-post-thumbnail","6":"pwb-brand-heath-riles","7":"product_cat-maitseainesegud","8":"product_tag-heath-riles","10":"first","11":"instock","12":"taxable","13":"shipping-taxable","14":"purchasable","15":"product-type-simple"},"brands":[{"id":84,"name":"Heath Riles","slug":"heath-riles"}],"_links":{"self":[{"href":"https:\/\/tammetorubbq.ee\/fi\/wp-json\/wp\/v2\/product\/1482","targetHints":{"allow":["GET"]}}],"collection":[{"href":"https:\/\/tammetorubbq.ee\/fi\/wp-json\/wp\/v2\/product"}],"about":[{"href":"https:\/\/tammetorubbq.ee\/fi\/wp-json\/wp\/v2\/types\/product"}],"replies":[{"embeddable":true,"href":"https:\/\/tammetorubbq.ee\/fi\/wp-json\/wp\/v2\/comments?post=1482"}],"wp:featuredmedia":[{"embeddable":true,"href":"https:\/\/tammetorubbq.ee\/fi\/wp-json\/wp\/v2\/media\/1483"}],"wp:attachment":[{"href":"https:\/\/tammetorubbq.ee\/fi\/wp-json\/wp\/v2\/media?parent=1482"}],"wp:term":[{"taxonomy":"pwb-brand","embeddable":true,"href":"https:\/\/tammetorubbq.ee\/fi\/wp-json\/wp\/v2\/pwb-brand?post=1482"},{"taxonomy":"product_brand","embeddable":true,"href":"https:\/\/tammetorubbq.ee\/fi\/wp-json\/wp\/v2\/product_brand?post=1482"},{"taxonomy":"product_cat","embeddable":true,"href":"https:\/\/tammetorubbq.ee\/fi\/wp-json\/wp\/v2\/product_cat?post=1482"},{"taxonomy":"product_tag","embeddable":true,"href":"https:\/\/tammetorubbq.ee\/fi\/wp-json\/wp\/v2\/product_tag?post=1482"}],"curies":[{"name":"wp","href":"https:\/\/api.w.org\/{rel}","templated":true}]}}