{"id":1495,"date":"2024-03-16T10:36:39","date_gmt":"2024-03-16T08:36:39","guid":{"rendered":"https:\/\/tammetorubbq.ee\/?post_type=product&#038;p=1495"},"modified":"2026-04-26T17:00:14","modified_gmt":"2026-04-26T14:00:14","slug":"victorinox-swiss-classic-viipaleveitsi","status":"publish","type":"product","link":"https:\/\/tammetorubbq.ee\/fi\/product-2\/victorinox-swiss-classic-viipaleveitsi\/","title":{"rendered":"Victorinox \"Swiss Classic\" viipalointiveitsi"},"content":{"rendered":"<p><strong>PAKKAUKSEN MITAT VEITSEN TIEDOT<\/strong><br \/>\nKorkeus: 19 mm Taottu: ei<br \/>\nPituus: 430 mm Reunan tyyppi: kaareva reuna<br \/>\nLeveys: 90 mm Ter\u00e4n pituus: 250 mm<br \/>\nPaino: 115 g Kahvan materiaali: termoplastinen elastomeeri (TPE).<\/p>\n<p>Astianpesukoneen kest\u00e4v\u00e4: Kyll\u00e4<\/p>\n<p><strong>TAKUU<\/strong><br \/>\nT\u00e4ll\u00e4 tuotteella on Victorinoxin elinik\u00e4inen takuu.<\/p>","protected":false},"excerpt":{"rendered":"<p>Victorinox \"SWISS CLASSIC\" on t\u00e4ydellinen ty\u00f6kalu t\u00e4ydellisen viipaleen saamiseksi. Sen ergonominen kahva istuu t\u00e4ydellisesti k\u00e4teen ja \"kaareva reuna\" takaa, ett\u00e4 se leikkaa tasaisesti repim\u00e4tt\u00e4 lihaa ja jokainen lihaviipale liukuu ter\u00e4st\u00e4 helposti.<\/p>\n<p><strong>-<\/strong> Helppo k\u00e4ytt\u00e4\u00e4 mink\u00e4 tahansa lihan viipalointiin.<br \/>\n<strong>-<\/strong> Ergonominen liukumaton kahva.<br \/>\n<strong>-<\/strong> Kulutusta kest\u00e4v\u00e4 ruostumattomasta ter\u00e4ksest\u00e4 valmistettu ter\u00e4.<br \/>\n<strong>-<\/strong> Valmistettu Sveitsiss\u00e4 \"SWISS MADE\".<\/p>\n<p>&nbsp;<\/p>\n<p><img loading=\"lazy\" decoding=\"async\" class=\"wp-image-1500\" src=\"http:\/\/tammetorubbq.ee\/wp-content\/uploads\/2024\/03\/Victorinox-300x129.png\" alt=\"Victorinox \" width=\"163\" height=\"70\" srcset=\"https:\/\/tammetorubbq.ee\/wp-content\/uploads\/2024\/03\/Victorinox-300x129.png 300w, https:\/\/tammetorubbq.ee\/wp-content\/uploads\/2024\/03\/Victorinox-1024x441.png 1024w, https:\/\/tammetorubbq.ee\/wp-content\/uploads\/2024\/03\/Victorinox-768x331.png 768w, https:\/\/tammetorubbq.ee\/wp-content\/uploads\/2024\/03\/Victorinox-18x8.png 18w, https:\/\/tammetorubbq.ee\/wp-content\/uploads\/2024\/03\/Victorinox-600x258.png 600w, https:\/\/tammetorubbq.ee\/wp-content\/uploads\/2024\/03\/Victorinox-64x28.png 64w, https:\/\/tammetorubbq.ee\/wp-content\/uploads\/2024\/03\/Victorinox.png 1280w\" sizes=\"auto, (max-width: 163px) 100vw, 163px\" \/><\/p>","protected":false},"featured_media":1498,"comment_status":"open","ping_status":"closed","template":"","meta":{"_uf_show_specific_survey":0,"_uf_disable_surveys":false},"pwb-brand":[86],"product_brand":[],"product_cat":[27,20],"product_tag":[310],"class_list":{"0":"post-1495","1":"product","2":"type-product","3":"status-publish","4":"has-post-thumbnail","6":"pwb-brand-victorinox","7":"product_cat-noad","8":"product_cat-kampaania","9":"product_tag-victorinox","11":"first","12":"instock","13":"sale","14":"taxable","15":"shipping-taxable","16":"purchasable","17":"product-type-simple"},"brands":[{"id":86,"name":"Victorinox","slug":"victorinox"}],"_links":{"self":[{"href":"https:\/\/tammetorubbq.ee\/fi\/wp-json\/wp\/v2\/product\/1495","targetHints":{"allow":["GET"]}}],"collection":[{"href":"https:\/\/tammetorubbq.ee\/fi\/wp-json\/wp\/v2\/product"}],"about":[{"href":"https:\/\/tammetorubbq.ee\/fi\/wp-json\/wp\/v2\/types\/product"}],"replies":[{"embeddable":true,"href":"https:\/\/tammetorubbq.ee\/fi\/wp-json\/wp\/v2\/comments?post=1495"}],"wp:featuredmedia":[{"embeddable":true,"href":"https:\/\/tammetorubbq.ee\/fi\/wp-json\/wp\/v2\/media\/1498"}],"wp:attachment":[{"href":"https:\/\/tammetorubbq.ee\/fi\/wp-json\/wp\/v2\/media?parent=1495"}],"wp:term":[{"taxonomy":"pwb-brand","embeddable":true,"href":"https:\/\/tammetorubbq.ee\/fi\/wp-json\/wp\/v2\/pwb-brand?post=1495"},{"taxonomy":"product_brand","embeddable":true,"href":"https:\/\/tammetorubbq.ee\/fi\/wp-json\/wp\/v2\/product_brand?post=1495"},{"taxonomy":"product_cat","embeddable":true,"href":"https:\/\/tammetorubbq.ee\/fi\/wp-json\/wp\/v2\/product_cat?post=1495"},{"taxonomy":"product_tag","embeddable":true,"href":"https:\/\/tammetorubbq.ee\/fi\/wp-json\/wp\/v2\/product_tag?post=1495"}],"curies":[{"name":"wp","href":"https:\/\/api.w.org\/{rel}","templated":true}]}}