{"id":1501,"date":"2024-03-16T11:22:58","date_gmt":"2024-03-16T09:22:58","guid":{"rendered":"https:\/\/tammetorubbq.ee\/?post_type=product&#038;p=1501"},"modified":"2026-04-15T03:00:16","modified_gmt":"2026-04-15T00:00:16","slug":"victorinox-grand-maitre-viipalointiveitsi","status":"publish","type":"product","link":"https:\/\/tammetorubbq.ee\/fi\/product-2\/victorinox-grand-maitre-viipalointiveitsi\/","title":{"rendered":"Victorinox \"Grand Maitre\" viipalointiveitsi"},"content":{"rendered":"<p><strong>PAKKAUKSEN MITAT VEITSEN TIEDOT<\/strong><br \/>\nKorkeus: 25 mm Taottu: kyll\u00e4<br \/>\nPituus: 452 mm Reunan tyyppi: kaareva reuna<br \/>\nLeveys: 94 mm Ter\u00e4n pituus: 260 mm<br \/>\nPaino: 312 g Kahvan materiaali: polyoksimetyleeni (POM).<\/p>\n<p>Astianpesukoneen kest\u00e4v\u00e4: Kyll\u00e4<\/p>\n<p><strong>TAKUU<\/strong><br \/>\nT\u00e4ll\u00e4 tuotteella on Victorinoxin elinik\u00e4inen takuu.<\/p>","protected":false},"excerpt":{"rendered":"<p>Victorinox \"GRAND MAITRE\" -taottu viipalointiveitsi t\u00e4ytt\u00e4\u00e4 teht\u00e4v\u00e4ns\u00e4 olemuksensa mukaisesti. Se ei ainoastaan n\u00e4yt\u00e4 hyv\u00e4lt\u00e4, vaan taottu ter\u00e4 on eritt\u00e4in kest\u00e4v\u00e4 ja sen \"kaareva reuna\" takaa, ett\u00e4 se leikkaa tasaisesti repim\u00e4tt\u00e4 lihaa. Tyylik\u00e4s ja ergonominen kahva takaa mukavan otteen mink\u00e4 tahansa lihatyypin viipaloimisessa.<\/p>\n<p><strong>-<\/strong> Helppo k\u00e4ytt\u00e4\u00e4 mink\u00e4 tahansa lihan viipalointiin.<br \/>\n<strong>-<\/strong> Taottu leikkuuveitsi, jossa on kaareva reuna.<br \/>\n<strong>-<\/strong> T\u00e4ydellisen tasapainoinen muotoilu, jossa on tyylik\u00e4s ergonominen kahva.<br \/>\n<strong>-<\/strong> Valmistettu Sveitsiss\u00e4 \"SWISS MADE\".<\/p>\n<p>&nbsp;<\/p>\n<p><img loading=\"lazy\" decoding=\"async\" class=\"wp-image-1500\" src=\"http:\/\/tammetorubbq.ee\/wp-content\/uploads\/2024\/03\/Victorinox-300x129.png\" alt=\"Victorinox\" width=\"161\" height=\"69\" srcset=\"https:\/\/tammetorubbq.ee\/wp-content\/uploads\/2024\/03\/Victorinox-300x129.png 300w, https:\/\/tammetorubbq.ee\/wp-content\/uploads\/2024\/03\/Victorinox-1024x441.png 1024w, https:\/\/tammetorubbq.ee\/wp-content\/uploads\/2024\/03\/Victorinox-768x331.png 768w, https:\/\/tammetorubbq.ee\/wp-content\/uploads\/2024\/03\/Victorinox-18x8.png 18w, https:\/\/tammetorubbq.ee\/wp-content\/uploads\/2024\/03\/Victorinox-600x258.png 600w, https:\/\/tammetorubbq.ee\/wp-content\/uploads\/2024\/03\/Victorinox-64x28.png 64w, https:\/\/tammetorubbq.ee\/wp-content\/uploads\/2024\/03\/Victorinox.png 1280w\" sizes=\"auto, (max-width: 161px) 100vw, 161px\" \/><\/p>","protected":false},"featured_media":1502,"comment_status":"open","ping_status":"closed","template":"","meta":{"_uf_show_specific_survey":0,"_uf_disable_surveys":false},"pwb-brand":[86],"product_brand":[],"product_cat":[27,20],"product_tag":[310],"class_list":{"0":"post-1501","1":"product","2":"type-product","3":"status-publish","4":"has-post-thumbnail","6":"pwb-brand-victorinox","7":"product_cat-noad","8":"product_cat-kampaania","9":"product_tag-victorinox","11":"first","12":"instock","13":"sale","14":"taxable","15":"shipping-taxable","16":"purchasable","17":"product-type-simple"},"brands":[{"id":86,"name":"Victorinox","slug":"victorinox"}],"_links":{"self":[{"href":"https:\/\/tammetorubbq.ee\/fi\/wp-json\/wp\/v2\/product\/1501","targetHints":{"allow":["GET"]}}],"collection":[{"href":"https:\/\/tammetorubbq.ee\/fi\/wp-json\/wp\/v2\/product"}],"about":[{"href":"https:\/\/tammetorubbq.ee\/fi\/wp-json\/wp\/v2\/types\/product"}],"replies":[{"embeddable":true,"href":"https:\/\/tammetorubbq.ee\/fi\/wp-json\/wp\/v2\/comments?post=1501"}],"wp:featuredmedia":[{"embeddable":true,"href":"https:\/\/tammetorubbq.ee\/fi\/wp-json\/wp\/v2\/media\/1502"}],"wp:attachment":[{"href":"https:\/\/tammetorubbq.ee\/fi\/wp-json\/wp\/v2\/media?parent=1501"}],"wp:term":[{"taxonomy":"pwb-brand","embeddable":true,"href":"https:\/\/tammetorubbq.ee\/fi\/wp-json\/wp\/v2\/pwb-brand?post=1501"},{"taxonomy":"product_brand","embeddable":true,"href":"https:\/\/tammetorubbq.ee\/fi\/wp-json\/wp\/v2\/product_brand?post=1501"},{"taxonomy":"product_cat","embeddable":true,"href":"https:\/\/tammetorubbq.ee\/fi\/wp-json\/wp\/v2\/product_cat?post=1501"},{"taxonomy":"product_tag","embeddable":true,"href":"https:\/\/tammetorubbq.ee\/fi\/wp-json\/wp\/v2\/product_tag?post=1501"}],"curies":[{"name":"wp","href":"https:\/\/api.w.org\/{rel}","templated":true}]}}