{"id":1510,"date":"2024-03-17T11:06:55","date_gmt":"2024-03-17T09:06:55","guid":{"rendered":"https:\/\/tammetorubbq.ee\/?post_type=product&#038;p=1510"},"modified":"2026-04-16T21:00:26","modified_gmt":"2026-04-16T18:00:26","slug":"heston-blumenthalin-grilliruokaa-tangid-everdurea","status":"publish","type":"product","link":"https:\/\/tammetorubbq.ee\/fi\/product-2\/heston-blumenthalin-grilliruokaa-tangid-everdurea\/","title":{"rendered":"Everdure by Heston Blumenthal grilltangid"},"content":{"rendered":"<p>- Valmistettu korkealaatuisesta ruostumattomasta ter\u00e4ksest\u00e4.<br \/>\n- Eritt\u00e4in korroosionkest\u00e4v\u00e4.<br \/>\n- Helppok\u00e4ytt\u00f6inen kahva takaa mukavan ja helpon k\u00e4sittelyn.<br \/>\n- Ruskea nahkainen ripustushihna.<br \/>\n- Pituus 355mm.<\/p>\n<p>Mitat: 355x43x31 mm<\/p>","protected":false},"excerpt":{"rendered":"<p>Everdure by Heston Blumenthal ruostumattomasta ter\u00e4ksest\u00e4 valmistetut grillipihdit (nahkaripustimella) - laadukas ja monipuolinen grillausty\u00f6kalu.<\/p>\n<p>Ter\u00e4srakenne mahdollistaa vahvan otteen ja tekee niist\u00e4 kest\u00e4vi\u00e4 vuosien ajan.<\/p>\n<p>Valmistettu korkealaatuisesta ruostumattomasta ter\u00e4ksest\u00e4, joka tekee pihdeist\u00e4 korroosionkest\u00e4v\u00e4t ja helposti puhdistettavat.<\/p>\n<p>Grillivartaissa on k\u00e4tev\u00e4 ripustuslenkki (nahka, ruskea), joka mahdollistaa k\u00e4tev\u00e4n s\u00e4ilytyksen, kun niit\u00e4 ei k\u00e4ytet\u00e4.<\/p>\n<p>&nbsp;<\/p>\n<p><img loading=\"lazy\" decoding=\"async\" class=\"wp-image-1517\" src=\"http:\/\/tammetorubbq.ee\/wp-content\/uploads\/2024\/03\/Everdure-by-Heston-Blumenthal-logo-300x58.png\" alt=\"Everdure by Heston Blumenthal -logo\" width=\"197\" height=\"38\" srcset=\"https:\/\/tammetorubbq.ee\/wp-content\/uploads\/2024\/03\/Everdure-by-Heston-Blumenthal-logo-300x58.png 300w, https:\/\/tammetorubbq.ee\/wp-content\/uploads\/2024\/03\/Everdure-by-Heston-Blumenthal-logo-768x147.png 768w, https:\/\/tammetorubbq.ee\/wp-content\/uploads\/2024\/03\/Everdure-by-Heston-Blumenthal-logo-18x3.png 18w, https:\/\/tammetorubbq.ee\/wp-content\/uploads\/2024\/03\/Everdure-by-Heston-Blumenthal-logo-600x115.png 600w, https:\/\/tammetorubbq.ee\/wp-content\/uploads\/2024\/03\/Everdure-by-Heston-Blumenthal-logo-64x12.png 64w, https:\/\/tammetorubbq.ee\/wp-content\/uploads\/2024\/03\/Everdure-by-Heston-Blumenthal-logo.png 1000w\" sizes=\"auto, (max-width: 197px) 100vw, 197px\" \/><\/p>","protected":false},"featured_media":1511,"comment_status":"open","ping_status":"closed","template":"","meta":{"_uf_show_specific_survey":0,"_uf_disable_surveys":false},"pwb-brand":[],"product_brand":[],"product_cat":[30],"product_tag":[134,355],"class_list":{"0":"post-1510","1":"product","2":"type-product","3":"status-publish","4":"has-post-thumbnail","6":"product_cat-grillimise-tarvikud","7":"product_tag-grillimise-tarvikud","8":"product_tag-grilltangid","10":"first","11":"instock","12":"taxable","13":"shipping-taxable","14":"purchasable","15":"product-type-simple"},"brands":[],"_links":{"self":[{"href":"https:\/\/tammetorubbq.ee\/fi\/wp-json\/wp\/v2\/product\/1510","targetHints":{"allow":["GET"]}}],"collection":[{"href":"https:\/\/tammetorubbq.ee\/fi\/wp-json\/wp\/v2\/product"}],"about":[{"href":"https:\/\/tammetorubbq.ee\/fi\/wp-json\/wp\/v2\/types\/product"}],"replies":[{"embeddable":true,"href":"https:\/\/tammetorubbq.ee\/fi\/wp-json\/wp\/v2\/comments?post=1510"}],"wp:featuredmedia":[{"embeddable":true,"href":"https:\/\/tammetorubbq.ee\/fi\/wp-json\/wp\/v2\/media\/1511"}],"wp:attachment":[{"href":"https:\/\/tammetorubbq.ee\/fi\/wp-json\/wp\/v2\/media?parent=1510"}],"wp:term":[{"taxonomy":"pwb-brand","embeddable":true,"href":"https:\/\/tammetorubbq.ee\/fi\/wp-json\/wp\/v2\/pwb-brand?post=1510"},{"taxonomy":"product_brand","embeddable":true,"href":"https:\/\/tammetorubbq.ee\/fi\/wp-json\/wp\/v2\/product_brand?post=1510"},{"taxonomy":"product_cat","embeddable":true,"href":"https:\/\/tammetorubbq.ee\/fi\/wp-json\/wp\/v2\/product_cat?post=1510"},{"taxonomy":"product_tag","embeddable":true,"href":"https:\/\/tammetorubbq.ee\/fi\/wp-json\/wp\/v2\/product_tag?post=1510"}],"curies":[{"name":"wp","href":"https:\/\/api.w.org\/{rel}","templated":true}]}}