{"id":1520,"date":"2024-03-18T12:38:44","date_gmt":"2024-03-18T10:38:44","guid":{"rendered":"https:\/\/tammetorubbq.ee\/?post_type=product&#038;p=1520"},"modified":"2026-04-20T02:00:01","modified_gmt":"2026-04-19T23:00:01","slug":"omberg-grillaustarvikkeet-3-osainen-setti","status":"publish","type":"product","link":"https:\/\/tammetorubbq.ee\/fi\/product-2\/omberg-grillaustarvikkeet-3-osainen-setti\/","title":{"rendered":"Omberg 3-osainen grillaustarvikesarja"},"content":{"rendered":"<p><strong>Omberg grillaustarvikesarja<\/strong>\u00a0tarjoaa kaiken, mit\u00e4 tarvitset sujuvaan ja tehokkaaseen grillaukseen.<\/p>\n<p>Setti sis\u00e4lt\u00e4\u00e4:<\/p>\n<ul>\n<li><strong>Barbecue labidas<\/strong>V: Siin\u00e4 on ter\u00e4v\u00e4, ter\u00e4v\u00e4 p\u00e4\u00e4, jonka avulla on helppo poimia grilliritil\u00f6ille tai grillilevylle juuttuneet ruoat. Grillilapiossa on my\u00f6s hammastettu vasen puoli, jonka avulla ruokaa on helppo leikata nopeasti ja helposti ilman esteit\u00e4.<\/li>\n<li><strong>Grillin ritil\u00e4n puhdistusharja<\/strong>: Harjassa on tukeva kahva, joka ei taivu tai katkea edes raskaassa harjauksessa. Harjan p\u00e4\u00e4 koostuu ter\u00e4sharjoista, jotka puhdistavat sek\u00e4 valurauta- ett\u00e4 ruostumattomasta ter\u00e4ksest\u00e4 valmistetut ritil\u00e4t ongelmitta.<\/li>\n<li><strong>Grillitangot (41 cm)<\/strong>: Niiss\u00e4 on pidempi kahva ja pehme\u00e4 jousi, joka ei ole liian j\u00e4ykk\u00e4, mik\u00e4 takaa mukavuuden, kun ruokaa on k\u00e4\u00e4nnett\u00e4v\u00e4 toistuvasti grillauksen aikana.<\/li>\n<\/ul>\n<p>T\u00e4m\u00e4 setti on paitsi k\u00e4yt\u00e4nn\u00f6llinen my\u00f6s visuaalisesti houkutteleva ruostumattomasta ter\u00e4ksest\u00e4 valmistettujen lis\u00e4varusteiden ja osittain puisten kahvojen ansiosta, jotka antavat todellisen grillimestarin tunnelman.<\/p>","protected":false},"excerpt":{"rendered":"<p>Ombergin 3-osainen grillaustarvikesetti on tyylik\u00e4s ja korkealaatuinen, ja se sis\u00e4lt\u00e4\u00e4 grillivartaan, grilliritil\u00e4n puhdistusharjan ja grillauslastan.<\/p>\n<p>Kaikki lis\u00e4varusteet on valmistettu ruostumattomasta ter\u00e4ksest\u00e4 ja osittain puukahvoilla, mik\u00e4 lis\u00e4\u00e4 ylellist\u00e4 tunnetta.<\/p>\n<p>&nbsp;<\/p>\n<p>&nbsp;<\/p>\n<p><img loading=\"lazy\" decoding=\"async\" class=\"size-full wp-image-1521\" src=\"http:\/\/tammetorubbq.ee\/wp-content\/uploads\/2024\/03\/Omberg-kitchen-logo.webp\" alt=\"Ombergin keitti\u00f6n logo\" width=\"120\" height=\"120\" srcset=\"https:\/\/tammetorubbq.ee\/wp-content\/uploads\/2024\/03\/Omberg-kitchen-logo.webp 120w, https:\/\/tammetorubbq.ee\/wp-content\/uploads\/2024\/03\/Omberg-kitchen-logo-12x12.webp 12w, https:\/\/tammetorubbq.ee\/wp-content\/uploads\/2024\/03\/Omberg-kitchen-logo-64x64.webp 64w\" sizes=\"auto, (max-width: 120px) 100vw, 120px\" \/><\/p>","protected":false},"featured_media":1522,"comment_status":"open","ping_status":"closed","template":"","meta":{"_uf_show_specific_survey":0,"_uf_disable_surveys":false},"pwb-brand":[87],"product_brand":[],"product_cat":[30],"product_tag":[356,134,357,355],"class_list":{"0":"post-1520","1":"product","2":"type-product","3":"status-publish","4":"has-post-thumbnail","6":"pwb-brand-omberg","7":"product_cat-grillimise-tarvikud","8":"product_tag-grilli-labidas","9":"product_tag-grillimise-tarvikud","10":"product_tag-grillresti-puhastushari","11":"product_tag-grilltangid","13":"first","14":"instock","15":"taxable","16":"shipping-taxable","17":"purchasable","18":"product-type-simple"},"brands":[{"id":87,"name":"Omberg","slug":"omberg"}],"_links":{"self":[{"href":"https:\/\/tammetorubbq.ee\/fi\/wp-json\/wp\/v2\/product\/1520","targetHints":{"allow":["GET"]}}],"collection":[{"href":"https:\/\/tammetorubbq.ee\/fi\/wp-json\/wp\/v2\/product"}],"about":[{"href":"https:\/\/tammetorubbq.ee\/fi\/wp-json\/wp\/v2\/types\/product"}],"replies":[{"embeddable":true,"href":"https:\/\/tammetorubbq.ee\/fi\/wp-json\/wp\/v2\/comments?post=1520"}],"wp:featuredmedia":[{"embeddable":true,"href":"https:\/\/tammetorubbq.ee\/fi\/wp-json\/wp\/v2\/media\/1522"}],"wp:attachment":[{"href":"https:\/\/tammetorubbq.ee\/fi\/wp-json\/wp\/v2\/media?parent=1520"}],"wp:term":[{"taxonomy":"pwb-brand","embeddable":true,"href":"https:\/\/tammetorubbq.ee\/fi\/wp-json\/wp\/v2\/pwb-brand?post=1520"},{"taxonomy":"product_brand","embeddable":true,"href":"https:\/\/tammetorubbq.ee\/fi\/wp-json\/wp\/v2\/product_brand?post=1520"},{"taxonomy":"product_cat","embeddable":true,"href":"https:\/\/tammetorubbq.ee\/fi\/wp-json\/wp\/v2\/product_cat?post=1520"},{"taxonomy":"product_tag","embeddable":true,"href":"https:\/\/tammetorubbq.ee\/fi\/wp-json\/wp\/v2\/product_tag?post=1520"}],"curies":[{"name":"wp","href":"https:\/\/api.w.org\/{rel}","templated":true}]}}