{"id":1536,"date":"2024-03-22T21:24:20","date_gmt":"2024-03-22T19:24:20","guid":{"rendered":"https:\/\/tammetorubbq.ee\/?post_type=product&#038;p=1536"},"modified":"2026-04-26T21:00:14","modified_gmt":"2026-04-26T18:00:14","slug":"proq-ulti-mitt-lampoa-kestava-grillikinnas","status":"publish","type":"product","link":"https:\/\/tammetorubbq.ee\/fi\/product-2\/proq-ulti-mitt-lampoa-kestava-grillikinnas\/","title":{"rendered":"ProQ Ulti-Mitt kuumuutta kest\u00e4v\u00e4 grillik\u00e4sine"},"content":{"rendered":"","protected":false},"excerpt":{"rendered":"<p>ProQ Ulti-Mitt -k\u00e4sineiss\u00e4 on korkea l\u00e4mm\u00f6nkest\u00e4vyys ja luistamattomat silikonirenkaat (puuvillavuori), jotka tekev\u00e4t niist\u00e4 parhaat saatavilla olevat k\u00e4sineet.<\/p>\n<p>Sarjaan sis\u00e4ltyy yksi k\u00e4tev\u00e4 kuumuutta kest\u00e4v\u00e4 grillikinnas.<\/p>\n<p>Sopii sek\u00e4 oikealle ett\u00e4 vasemmalle k\u00e4delle.<\/p>\n<p>&nbsp;<\/p>\n<p><img loading=\"lazy\" decoding=\"async\" class=\"alignnone wp-image-1540\" src=\"http:\/\/tammetorubbq.ee\/wp-content\/uploads\/2024\/03\/ProQ-logo.svg\" alt=\"ProQ-logo\" width=\"98\" height=\"57\" \/><\/p>\n<p>&nbsp;<\/p>","protected":false},"featured_media":1542,"comment_status":"open","ping_status":"closed","template":"","meta":{"_uf_show_specific_survey":0,"_uf_disable_surveys":false},"pwb-brand":[75],"product_brand":[],"product_cat":[30],"product_tag":[],"class_list":{"0":"post-1536","1":"product","2":"type-product","3":"status-publish","4":"has-post-thumbnail","6":"pwb-brand-proq","7":"product_cat-grillimise-tarvikud","9":"first","10":"outofstock","11":"taxable","12":"shipping-taxable","13":"purchasable","14":"product-type-simple"},"brands":[{"id":75,"name":"ProQ","slug":"proq"}],"_links":{"self":[{"href":"https:\/\/tammetorubbq.ee\/fi\/wp-json\/wp\/v2\/product\/1536","targetHints":{"allow":["GET"]}}],"collection":[{"href":"https:\/\/tammetorubbq.ee\/fi\/wp-json\/wp\/v2\/product"}],"about":[{"href":"https:\/\/tammetorubbq.ee\/fi\/wp-json\/wp\/v2\/types\/product"}],"replies":[{"embeddable":true,"href":"https:\/\/tammetorubbq.ee\/fi\/wp-json\/wp\/v2\/comments?post=1536"}],"wp:featuredmedia":[{"embeddable":true,"href":"https:\/\/tammetorubbq.ee\/fi\/wp-json\/wp\/v2\/media\/1542"}],"wp:attachment":[{"href":"https:\/\/tammetorubbq.ee\/fi\/wp-json\/wp\/v2\/media?parent=1536"}],"wp:term":[{"taxonomy":"pwb-brand","embeddable":true,"href":"https:\/\/tammetorubbq.ee\/fi\/wp-json\/wp\/v2\/pwb-brand?post=1536"},{"taxonomy":"product_brand","embeddable":true,"href":"https:\/\/tammetorubbq.ee\/fi\/wp-json\/wp\/v2\/product_brand?post=1536"},{"taxonomy":"product_cat","embeddable":true,"href":"https:\/\/tammetorubbq.ee\/fi\/wp-json\/wp\/v2\/product_cat?post=1536"},{"taxonomy":"product_tag","embeddable":true,"href":"https:\/\/tammetorubbq.ee\/fi\/wp-json\/wp\/v2\/product_tag?post=1536"}],"curies":[{"name":"wp","href":"https:\/\/api.w.org\/{rel}","templated":true}]}}