{"id":1559,"date":"2024-03-31T11:18:32","date_gmt":"2024-03-31T08:18:32","guid":{"rendered":"https:\/\/tammetorubbq.ee\/?post_type=product&#038;p=1559"},"modified":"2026-04-15T03:00:14","modified_gmt":"2026-04-15T00:00:14","slug":"big-poppa-smokers-money-rub-397g","status":"publish","type":"product","link":"https:\/\/tammetorubbq.ee\/fi\/product-2\/big-poppa-smokers-money-rub-397g\/","title":{"rendered":"Big Poppa Smokers Money Rub 397g"},"content":{"rendered":"<p>Ainesosat: haihdutettu sokeriruokomehu, merisuola, dehydratoitu valkosipuli, sipuli, paprika ja sitruuna, mausteet, mukaan lukien chilipippuri, sitruunahappo, dinatriuminosinaatti ja -guanylaatti, sellerijauhe, kurkuma (v\u00e4ri), luontaiset aromit, paprikauutteet (v\u00e4ri) ja enint\u00e4\u00e4n 2% trikalsiumfosfaattia paakkuuntumisen est\u00e4miseksi.<\/p>","protected":false},"excerpt":{"rendered":"<p>Big Poppa Smokers Money -mausteseos on heid\u00e4n valikoimansa ylivoimaisesti tunnetuin mausteseos, ja se on BBQ-mestareiden p\u00f6ydill\u00e4 ymp\u00e4ri maailmaa.<\/p>\n<p>Miellytt\u00e4v\u00e4 sekoitus suolaa, pippuria ja sokeria.<\/p>\n<p>Big Poppa Smokers Money Rubin suolaisen t\u00e4ydellisyyden salaisuus piilee suurissa suolakiteiss\u00e4, jotka sulavat sulavasti lihaan j\u00e4tt\u00e4en j\u00e4lkeens\u00e4 yksinkertaisesti vastustamattoman suolaisen lopputuloksen.<\/p>\n<p>Money BBQ rub ei kuitenkaan ole vain makua - se antaa lihalle my\u00f6s t\u00e4ytel\u00e4isen ja ruokahalua her\u00e4tt\u00e4v\u00e4n v\u00e4rin, joka tekee siit\u00e4 sek\u00e4 visuaalisesti houkuttelevan ett\u00e4 herkullisen.<\/p>\n<p>Sopii erinomaisesti naudan-, sian- ja kananlihan kanssa.<br \/>\nGluteeniton.<\/p>\n<p><strong>Money Rub ei tunne rajoja, kun on kyse maun parantamisesta.<\/strong><\/p>\n<p><img loading=\"lazy\" decoding=\"async\" class=\"wp-image-1557\" src=\"http:\/\/tammetorubbq.ee\/wp-content\/uploads\/2024\/03\/Big-Poppa-Smokers-Logo-Vector-300x225.webp\" alt=\"Big Poppa Smokers\" width=\"167\" height=\"125\" srcset=\"https:\/\/tammetorubbq.ee\/wp-content\/uploads\/2024\/03\/Big-Poppa-Smokers-Logo-Vector-300x225.webp 300w, https:\/\/tammetorubbq.ee\/wp-content\/uploads\/2024\/03\/Big-Poppa-Smokers-Logo-Vector-768x576.webp 768w, https:\/\/tammetorubbq.ee\/wp-content\/uploads\/2024\/03\/Big-Poppa-Smokers-Logo-Vector-16x12.webp 16w, https:\/\/tammetorubbq.ee\/wp-content\/uploads\/2024\/03\/Big-Poppa-Smokers-Logo-Vector-600x450.webp 600w, https:\/\/tammetorubbq.ee\/wp-content\/uploads\/2024\/03\/Big-Poppa-Smokers-Logo-Vector-64x48.webp 64w, https:\/\/tammetorubbq.ee\/wp-content\/uploads\/2024\/03\/Big-Poppa-Smokers-Logo-Vector.webp 866w\" sizes=\"auto, (max-width: 167px) 100vw, 167px\" \/><\/p>","protected":false},"featured_media":1563,"comment_status":"open","ping_status":"closed","template":"","meta":{"_uf_show_specific_survey":0,"_uf_disable_surveys":false},"pwb-brand":[80],"product_brand":[],"product_cat":[21],"product_tag":[],"class_list":{"0":"post-1559","1":"product","2":"type-product","3":"status-publish","4":"has-post-thumbnail","6":"pwb-brand-big-poppas","7":"product_cat-maitseainesegud","9":"first","10":"outofstock","11":"taxable","12":"shipping-taxable","13":"purchasable","14":"product-type-simple"},"brands":[{"id":80,"name":"Big Poppa's","slug":"big-poppas"}],"_links":{"self":[{"href":"https:\/\/tammetorubbq.ee\/fi\/wp-json\/wp\/v2\/product\/1559","targetHints":{"allow":["GET"]}}],"collection":[{"href":"https:\/\/tammetorubbq.ee\/fi\/wp-json\/wp\/v2\/product"}],"about":[{"href":"https:\/\/tammetorubbq.ee\/fi\/wp-json\/wp\/v2\/types\/product"}],"replies":[{"embeddable":true,"href":"https:\/\/tammetorubbq.ee\/fi\/wp-json\/wp\/v2\/comments?post=1559"}],"wp:featuredmedia":[{"embeddable":true,"href":"https:\/\/tammetorubbq.ee\/fi\/wp-json\/wp\/v2\/media\/1563"}],"wp:attachment":[{"href":"https:\/\/tammetorubbq.ee\/fi\/wp-json\/wp\/v2\/media?parent=1559"}],"wp:term":[{"taxonomy":"pwb-brand","embeddable":true,"href":"https:\/\/tammetorubbq.ee\/fi\/wp-json\/wp\/v2\/pwb-brand?post=1559"},{"taxonomy":"product_brand","embeddable":true,"href":"https:\/\/tammetorubbq.ee\/fi\/wp-json\/wp\/v2\/product_brand?post=1559"},{"taxonomy":"product_cat","embeddable":true,"href":"https:\/\/tammetorubbq.ee\/fi\/wp-json\/wp\/v2\/product_cat?post=1559"},{"taxonomy":"product_tag","embeddable":true,"href":"https:\/\/tammetorubbq.ee\/fi\/wp-json\/wp\/v2\/product_tag?post=1559"}],"curies":[{"name":"wp","href":"https:\/\/api.w.org\/{rel}","templated":true}]}}