{"id":1570,"date":"2024-04-01T10:43:15","date_gmt":"2024-04-01T07:43:15","guid":{"rendered":"https:\/\/tammetorubbq.ee\/?post_type=product&#038;p=1570"},"modified":"2026-04-26T20:00:09","modified_gmt":"2026-04-26T17:00:09","slug":"grilliritilan-puhdistusharja-traeger","status":"publish","type":"product","link":"https:\/\/tammetorubbq.ee\/fi\/product-2\/grilliritilan-puhdistusharja-traeger\/","title":{"rendered":"Grilliritil\u00e4n puhdistusharja Traeger"},"content":{"rendered":"<ul>\n<li>Suunniteltu j\u00e4\u00e4hdytettyjen grillien puhdistamiseen.<\/li>\n<li>Nylonharjakset eiv\u00e4t vahingoita reisi\u00e4.<\/li>\n<li>Ruostumattomasta ter\u00e4ksest\u00e4 valmistettu rakenne takaa kest\u00e4vyyden.<\/li>\n<li>Tukeva tiikkikahva.<\/li>\n<li>K\u00e4tev\u00e4 silmukka ripustamista varten.<\/li>\n<li>Kaksoiskahva.<\/li>\n<li>Saatavana on vaihtoharjoja.<\/li>\n<\/ul>","protected":false},"excerpt":{"rendered":"<p>TRAEGER Grill Grillin puhdistusharja on turvallisin tapa puhdistaa j\u00e4\u00e4htyneet grillitelineet - grillin puhdistusharjassa on nailonharjakset, jotka eiv\u00e4t vahingoita grillitelineit\u00e4 tai j\u00e4\u00e4 kiinni ruokaan.<\/p>\n<p>Ruostumattomasta ter\u00e4ksest\u00e4 valmistettu rakenne takaa kest\u00e4vyyden, tukeva teak-kahva, mukava nahkalenkki ripustamista varten, kaksoiskahva.<\/p>\n<p>Saatavana on my\u00f6s vaihtoharjoja.<\/p>\n<p><img loading=\"lazy\" decoding=\"async\" class=\"wp-image-1509\" src=\"http:\/\/tammetorubbq.ee\/wp-content\/uploads\/2024\/03\/traeger-grills-logo-vector-300x167.png\" alt=\"Traegerin logo\" width=\"137\" height=\"76\" srcset=\"https:\/\/tammetorubbq.ee\/wp-content\/uploads\/2024\/03\/traeger-grills-logo-vector-300x167.png 300w, https:\/\/tammetorubbq.ee\/wp-content\/uploads\/2024\/03\/traeger-grills-logo-vector-768x427.png 768w, https:\/\/tammetorubbq.ee\/wp-content\/uploads\/2024\/03\/traeger-grills-logo-vector-18x10.png 18w, https:\/\/tammetorubbq.ee\/wp-content\/uploads\/2024\/03\/traeger-grills-logo-vector-600x333.png 600w, https:\/\/tammetorubbq.ee\/wp-content\/uploads\/2024\/03\/traeger-grills-logo-vector-64x36.png 64w, https:\/\/tammetorubbq.ee\/wp-content\/uploads\/2024\/03\/traeger-grills-logo-vector.png 900w\" sizes=\"auto, (max-width: 137px) 100vw, 137px\" \/><\/p>","protected":false},"featured_media":1571,"comment_status":"open","ping_status":"closed","template":"","meta":{"_uf_show_specific_survey":0,"_uf_disable_surveys":false},"pwb-brand":[62],"product_brand":[],"product_cat":[30],"product_tag":[134,357,141],"class_list":{"0":"post-1570","1":"product","2":"type-product","3":"status-publish","4":"has-post-thumbnail","6":"pwb-brand-traeger","7":"product_cat-grillimise-tarvikud","8":"product_tag-grillimise-tarvikud","9":"product_tag-grillresti-puhastushari","10":"product_tag-traeger","12":"first","13":"instock","14":"taxable","15":"shipping-taxable","16":"purchasable","17":"product-type-simple"},"brands":[{"id":62,"name":"Traeger","slug":"traeger"}],"_links":{"self":[{"href":"https:\/\/tammetorubbq.ee\/fi\/wp-json\/wp\/v2\/product\/1570","targetHints":{"allow":["GET"]}}],"collection":[{"href":"https:\/\/tammetorubbq.ee\/fi\/wp-json\/wp\/v2\/product"}],"about":[{"href":"https:\/\/tammetorubbq.ee\/fi\/wp-json\/wp\/v2\/types\/product"}],"replies":[{"embeddable":true,"href":"https:\/\/tammetorubbq.ee\/fi\/wp-json\/wp\/v2\/comments?post=1570"}],"wp:featuredmedia":[{"embeddable":true,"href":"https:\/\/tammetorubbq.ee\/fi\/wp-json\/wp\/v2\/media\/1571"}],"wp:attachment":[{"href":"https:\/\/tammetorubbq.ee\/fi\/wp-json\/wp\/v2\/media?parent=1570"}],"wp:term":[{"taxonomy":"pwb-brand","embeddable":true,"href":"https:\/\/tammetorubbq.ee\/fi\/wp-json\/wp\/v2\/pwb-brand?post=1570"},{"taxonomy":"product_brand","embeddable":true,"href":"https:\/\/tammetorubbq.ee\/fi\/wp-json\/wp\/v2\/product_brand?post=1570"},{"taxonomy":"product_cat","embeddable":true,"href":"https:\/\/tammetorubbq.ee\/fi\/wp-json\/wp\/v2\/product_cat?post=1570"},{"taxonomy":"product_tag","embeddable":true,"href":"https:\/\/tammetorubbq.ee\/fi\/wp-json\/wp\/v2\/product_tag?post=1570"}],"curies":[{"name":"wp","href":"https:\/\/api.w.org\/{rel}","templated":true}]}}