{"id":1672,"date":"2024-05-21T11:44:34","date_gmt":"2024-05-21T08:44:34","guid":{"rendered":"https:\/\/tammetorubbq.ee\/?post_type=product&#038;p=1672"},"modified":"2026-04-16T23:00:02","modified_gmt":"2026-04-16T20:00:02","slug":"looft-sytytin-sahkogrilli-sulatin-fuusori","status":"publish","type":"product","link":"https:\/\/tammetorubbq.ee\/fi\/product-2\/looft-sytytin-sahkogrilli-sulatin-fuusori\/","title":{"rendered":"Looft Lighter s\u00e4hk\u00f6inen grillaussytytin"},"content":{"rendered":"<h3 data-start=\"1177\" data-end=\"1198\">Tekniset tiedot<\/h3>\n<ul data-start=\"1200\" data-end=\"1457\">\n<li data-start=\"1200\" data-end=\"1252\">\n<p data-start=\"1202\" data-end=\"1252\">S\u00fc\u00fctab \u00fclikuum \u00f5hk temperatuuriga kuni <strong data-start=\"1241\" data-end=\"1250\">650\u00b0C<\/strong><\/p>\n<\/li>\n<li data-start=\"1253\" data-end=\"1313\">\n<p data-start=\"1255\" data-end=\"1313\">Sobib grills\u00f6ele, grillbrikettidele ja l\u00f5kke s\u00fc\u00fctamiseks<\/p>\n<\/li>\n<li data-start=\"1314\" data-end=\"1350\">\n<p data-start=\"1316\" data-end=\"1350\">Teho: <strong data-start=\"1325\" data-end=\"1348\">1750W \/ 230V \/ 50Hz<\/strong><\/p>\n<\/li>\n<li data-start=\"1351\" data-end=\"1371\">\n<p data-start=\"1353\" data-end=\"1371\">Toitejuhe: 1,3 m<\/p>\n<\/li>\n<li data-start=\"1372\" data-end=\"1389\">\n<p data-start=\"1374\" data-end=\"1389\">Pikkus: 42 cm<\/p>\n<\/li>\n<li data-start=\"1390\" data-end=\"1417\">\n<p data-start=\"1392\" data-end=\"1417\">Diameeter: 6,5 \/ 7,5 cm<\/p>\n<\/li>\n<li data-start=\"1418\" data-end=\"1434\">\n<p data-start=\"1420\" data-end=\"1434\">Kaal: 0,7 kg<\/p>\n<\/li>\n<li data-start=\"1435\" data-end=\"1457\">\n<p data-start=\"1437\" data-end=\"1457\">Garantii: 2 aastat<\/p>\n<\/li>\n<\/ul>\n<h3 data-start=\"702\" data-end=\"732\">Miks valida Looft Lighter?<\/h3>\n<p data-start=\"734\" data-end=\"998\"><strong data-start=\"734\" data-end=\"743\">Kiire<\/strong> \u2013 saavutab ideaalse h\u00f5\u00f5gumise m\u00f5ne hetkega.<br data-start=\"787\" data-end=\"790\" \/><strong data-start=\"790\" data-end=\"800\">Lihtne<\/strong> \u2013 vajuta nuppu ja s\u00fc\u00fcta s\u00fcsi. Lihtsamat viisi pole.<br data-start=\"852\" data-end=\"855\" \/><strong data-start=\"855\" data-end=\"864\">Puhas<\/strong> \u2013 ei leeki, ei gaasi ega m\u00fcrgiseid kemikaale. Ainult kuum \u00f5hk.<br data-start=\"927\" data-end=\"930\" \/><strong data-start=\"930\" data-end=\"939\">Ohutu<\/strong> \u2013 kontrollitud ja suunatud s\u00fc\u00fctamine ilma lahtise leegita.<\/p>\n<h3 data-start=\"1005\" data-end=\"1022\">K\u00e4ytt\u00e4j\u00e4n k\u00e4sikirja<\/h3>\n<ol data-start=\"1024\" data-end=\"1313\">\n<li data-start=\"1024\" data-end=\"1072\">\n<p data-start=\"1027\" data-end=\"1072\">Lao grills\u00f6ed grillile p\u00fcramiidikujuliselt.<\/p>\n<\/li>\n<li data-start=\"1073\" data-end=\"1120\">\n<p data-start=\"1076\" data-end=\"1120\">Aseta Loofti ots vastu s\u00f6ehunniku keskosa.<\/p>\n<\/li>\n<li data-start=\"1121\" data-end=\"1201\">\n<p data-start=\"1124\" data-end=\"1201\">Vajuta nuppu ja hoia seadet paigal, kuni tekib h\u00f5\u00f5gumine (s\u00e4demed ja kuma).<\/p>\n<\/li>\n<li data-start=\"1202\" data-end=\"1313\">\n<p data-start=\"1205\" data-end=\"1313\">Seej\u00e4rel eemalda seadet veidi ning suuna \u00f5huvool h\u00f5\u00f5guvatele s\u00fctele, kuni kogu s\u00fcsi on \u00fchtlaselt s\u00fcttinud.<\/p>\n<\/li>\n<\/ol>\n<p data-start=\"1315\" data-end=\"1419\">Tavaliselt piisab umbes <strong data-start=\"1339\" data-end=\"1355\">60 sekundist<\/strong>, et s\u00fcsi s\u00fcttiks ideaalselt ja grill oleks valmis kasutamiseks.<\/p>\n<p>&nbsp;<\/p>","protected":false},"excerpt":{"rendered":"<p data-start=\"67\" data-end=\"307\">LOOFT LIGHTER on kiire ja mugav lahendus grills\u00f6e, brikettide, kamina- v\u00f5i l\u00f5kkepuude s\u00fc\u00fctamiseks. Unusta tulemasinad, s\u00fc\u00fctevedelikud ja gaas \u2013 Looft kasutab s\u00fc\u00fctamiseks \u00fclikuumutatud \u00f5hku, mis teeb protsessi puhtaks, ohutuks ja t\u00f5husaks.<\/p>\n<p>Looft-sytytin on nopein, turvallisin ja puhtain tapa sytytt\u00e4\u00e4 grilli, nuotio tai liesi.<\/p>\n<p>Aseta grills\u00f6ed p\u00fcramiidikujuliselt grillile, pane Loofti s\u00fc\u00fctaja ots vastu grills\u00fctt (hunniku keskele) ja vajuta Loofti nuppu, Hoia vastu s\u00fcsisid kuniks tekib s\u00fcteh\u00f5\u00f5gumine (s\u00e4demed ja s\u00e4ra), siis eemaldu veidi s\u00fctest ja hoia Looft suunaga h\u00f5\u00f5gumise suunas kuniks s\u00fcsi on k\u00f5ik h\u00f5\u00f5guma hakanud.<\/p>\n<p><strong>Tavaliselt piisab umbes 60 sekundist, et s\u00fcsi ideaalselt s\u00fcttiks.<\/strong><\/p>\n<p>&nbsp;<\/p>\n<p>&nbsp;<\/p>\n<p><img loading=\"lazy\" decoding=\"async\" class=\"wp-image-1673\" src=\"http:\/\/tammetorubbq.ee\/wp-content\/uploads\/2024\/05\/Looft-logo-300x120.png\" alt=\"looft \" width=\"170\" height=\"68\" srcset=\"https:\/\/tammetorubbq.ee\/wp-content\/uploads\/2024\/05\/Looft-logo-300x120.png 300w, https:\/\/tammetorubbq.ee\/wp-content\/uploads\/2024\/05\/Looft-logo-18x7.png 18w, https:\/\/tammetorubbq.ee\/wp-content\/uploads\/2024\/05\/Looft-logo-64x26.png 64w, https:\/\/tammetorubbq.ee\/wp-content\/uploads\/2024\/05\/Looft-logo.png 400w\" sizes=\"auto, (max-width: 170px) 100vw, 170px\" \/><\/p>\n<p>&nbsp;<\/p>","protected":false},"featured_media":1674,"comment_status":"open","ping_status":"closed","template":"","meta":{"_uf_show_specific_survey":0,"_uf_disable_surveys":false},"pwb-brand":[],"product_brand":[],"product_cat":[60,30],"product_tag":[134],"class_list":{"0":"post-1672","1":"product","2":"type-product","3":"status-publish","4":"has-post-thumbnail","6":"product_cat-suutepulgad","7":"product_cat-grillimise-tarvikud","8":"product_tag-grillimise-tarvikud","10":"first","11":"instock","12":"taxable","13":"shipping-taxable","14":"purchasable","15":"product-type-simple"},"brands":[],"_links":{"self":[{"href":"https:\/\/tammetorubbq.ee\/fi\/wp-json\/wp\/v2\/product\/1672","targetHints":{"allow":["GET"]}}],"collection":[{"href":"https:\/\/tammetorubbq.ee\/fi\/wp-json\/wp\/v2\/product"}],"about":[{"href":"https:\/\/tammetorubbq.ee\/fi\/wp-json\/wp\/v2\/types\/product"}],"replies":[{"embeddable":true,"href":"https:\/\/tammetorubbq.ee\/fi\/wp-json\/wp\/v2\/comments?post=1672"}],"wp:featuredmedia":[{"embeddable":true,"href":"https:\/\/tammetorubbq.ee\/fi\/wp-json\/wp\/v2\/media\/1674"}],"wp:attachment":[{"href":"https:\/\/tammetorubbq.ee\/fi\/wp-json\/wp\/v2\/media?parent=1672"}],"wp:term":[{"taxonomy":"pwb-brand","embeddable":true,"href":"https:\/\/tammetorubbq.ee\/fi\/wp-json\/wp\/v2\/pwb-brand?post=1672"},{"taxonomy":"product_brand","embeddable":true,"href":"https:\/\/tammetorubbq.ee\/fi\/wp-json\/wp\/v2\/product_brand?post=1672"},{"taxonomy":"product_cat","embeddable":true,"href":"https:\/\/tammetorubbq.ee\/fi\/wp-json\/wp\/v2\/product_cat?post=1672"},{"taxonomy":"product_tag","embeddable":true,"href":"https:\/\/tammetorubbq.ee\/fi\/wp-json\/wp\/v2\/product_tag?post=1672"}],"curies":[{"name":"wp","href":"https:\/\/api.w.org\/{rel}","templated":true}]}}