{"id":1682,"date":"2024-05-21T18:15:15","date_gmt":"2024-05-21T15:15:15","guid":{"rendered":"https:\/\/tammetorubbq.ee\/?post_type=product&#038;p=1682"},"modified":"2026-04-15T03:00:14","modified_gmt":"2026-04-15T00:00:14","slug":"plowboys-bbq-yardbird-rub-198g","status":"publish","type":"product","link":"https:\/\/tammetorubbq.ee\/fi\/product-2\/plowboys-bbq-yardbird-rub-198g\/","title":{"rendered":"Plowboys BBQ Yardbird Rub 198g"},"content":{"rendered":"<p><strong>Ainesosat:<\/strong> suola, sokeri, mausteet (my\u00f6s chilipippuri), paprika, valkosipuli, sipuli, sellerin siemenet, sinapinsiemenet. MSG:t\u00e4 ja gluteenitonta.<\/p>","protected":false},"excerpt":{"rendered":"<h3 data-start=\"114\" data-end=\"178\"><strong data-start=\"118\" data-end=\"178\">Plowboys BBQ Yardbird Rub - Maku, joka voittaa kisat!<\/strong><\/h3>\n<p data-start=\"180\" data-end=\"490\"><strong data-start=\"180\" data-end=\"205\">Plowboys Yardbird Rub<\/strong> on legendaarinen BBQ-mauste, joka on kehitetty erityisesti kanan- ja sianlihalle, mutta se tekee taikojaan my\u00f6s muille lihoille ja grilleille. T\u00e4m\u00e4 rub on tunnettu tasapainoisesta makeasta, savuisesta ja kevyesti mausteisesta makuprofiilistaan, joka tuo lihan mehevyyden ja syvyyden mahdollisimman hyvin esiin.<\/p>\n<p>Sopii erinomaisesti kanalle, porsaankyljyksille, sianlihalle, siiville ja jopa popcornille!<\/p>\n<p data-start=\"131\" data-end=\"150\">\ud83d\udd25 <strong data-start=\"138\" data-end=\"150\">Ammattilaisten vinkki: <\/strong><strong data-start=\"151\" data-end=\"176\">Plowboys Yardbird Rub<\/strong> toimii erityisen hyvin, jos annat maun imeyty\u00e4 lihaan 30 minuuttia ennen grillausta. Viel\u00e4 parempia tuloksia saat, kun j\u00e4t\u00e4t maustetun kanan j\u00e4\u00e4kaappiin. <em data-start=\"327\" data-end=\"346\">marinoidaan y\u00f6n yli<\/em> - T\u00e4m\u00e4 tuo esiin hieronnan t\u00e4yden potentiaalin ja takaa mehev\u00e4n ja maukkaan lopputuloksen.<\/p>\n<p><img loading=\"lazy\" decoding=\"async\" class=\"wp-image-1685\" src=\"http:\/\/tammetorubbq.ee\/wp-content\/uploads\/2024\/05\/Plowboys-BBQ-logo-300x183.jpg\" alt=\"Plowboys BBQ logo\" width=\"167\" height=\"102\" srcset=\"https:\/\/tammetorubbq.ee\/wp-content\/uploads\/2024\/05\/Plowboys-BBQ-logo-300x183.jpg 300w, https:\/\/tammetorubbq.ee\/wp-content\/uploads\/2024\/05\/Plowboys-BBQ-logo-18x12.jpg 18w, https:\/\/tammetorubbq.ee\/wp-content\/uploads\/2024\/05\/Plowboys-BBQ-logo-64x39.jpg 64w, https:\/\/tammetorubbq.ee\/wp-content\/uploads\/2024\/05\/Plowboys-BBQ-logo.jpg 414w\" sizes=\"auto, (max-width: 167px) 100vw, 167px\" \/><\/p>","protected":false},"featured_media":3237,"comment_status":"open","ping_status":"closed","template":"","meta":{"_uf_show_specific_survey":0,"_uf_disable_surveys":false},"pwb-brand":[79],"product_brand":[],"product_cat":[21],"product_tag":[118,159,114,122],"class_list":{"0":"post-1682","1":"product","2":"type-product","3":"status-publish","4":"has-post-thumbnail","6":"pwb-brand-plowboys","7":"product_cat-maitseainesegud","8":"product_tag-kanaliha","9":"product_tag-kanatiivad","10":"product_tag-sealiha","11":"product_tag-searibi","13":"first","14":"instock","15":"taxable","16":"shipping-taxable","17":"purchasable","18":"product-type-simple"},"brands":[{"id":79,"name":"Plowboy's","slug":"plowboys"}],"_links":{"self":[{"href":"https:\/\/tammetorubbq.ee\/fi\/wp-json\/wp\/v2\/product\/1682","targetHints":{"allow":["GET"]}}],"collection":[{"href":"https:\/\/tammetorubbq.ee\/fi\/wp-json\/wp\/v2\/product"}],"about":[{"href":"https:\/\/tammetorubbq.ee\/fi\/wp-json\/wp\/v2\/types\/product"}],"replies":[{"embeddable":true,"href":"https:\/\/tammetorubbq.ee\/fi\/wp-json\/wp\/v2\/comments?post=1682"}],"wp:featuredmedia":[{"embeddable":true,"href":"https:\/\/tammetorubbq.ee\/fi\/wp-json\/wp\/v2\/media\/3237"}],"wp:attachment":[{"href":"https:\/\/tammetorubbq.ee\/fi\/wp-json\/wp\/v2\/media?parent=1682"}],"wp:term":[{"taxonomy":"pwb-brand","embeddable":true,"href":"https:\/\/tammetorubbq.ee\/fi\/wp-json\/wp\/v2\/pwb-brand?post=1682"},{"taxonomy":"product_brand","embeddable":true,"href":"https:\/\/tammetorubbq.ee\/fi\/wp-json\/wp\/v2\/product_brand?post=1682"},{"taxonomy":"product_cat","embeddable":true,"href":"https:\/\/tammetorubbq.ee\/fi\/wp-json\/wp\/v2\/product_cat?post=1682"},{"taxonomy":"product_tag","embeddable":true,"href":"https:\/\/tammetorubbq.ee\/fi\/wp-json\/wp\/v2\/product_tag?post=1682"}],"curies":[{"name":"wp","href":"https:\/\/api.w.org\/{rel}","templated":true}]}}