{"id":1686,"date":"2024-05-21T18:34:46","date_gmt":"2024-05-21T15:34:46","guid":{"rendered":"https:\/\/tammetorubbq.ee\/?post_type=product&#038;p=1686"},"modified":"2026-04-14T22:00:25","modified_gmt":"2026-04-14T19:00:25","slug":"big-poppa-smokers-double-secret-steak-rub-397g","status":"publish","type":"product","link":"https:\/\/tammetorubbq.ee\/fi\/product-2\/big-poppa-smokers-double-secret-steak-rub-397g\/","title":{"rendered":"Big Poppa Smokers Double Secret Steak Rub 397g"},"content":{"rendered":"<p><strong>Ainesosat:<\/strong> meresool; kuivatatud k\u00fc\u00fcslauk, sibul, paprika ja sidrun, v\u00fcrtsid, suhkur, paprika, pruun suhkur, sidrunhape, selleriseemned, kurkum (v\u00e4rv), naturaalsed maitseained\u00a0 ja paprika ekstrakt (v\u00e4rv).<\/p>","protected":false},"excerpt":{"rendered":"<p><strong><span style=\"color: #0000ff;\">Double Secret -mausteseos on salainen aseesi!<\/span><\/strong><\/p>\n<p>T\u00e4m\u00e4n poikkeuksellisen mausteseoksen ytimess\u00e4 on runsas karkean merisuolan sekoitus, joka sekoittuu t\u00e4ydellisesti ensiluokkaisten mausteiden kanssa t\u00e4ydent\u00e4m\u00e4\u00e4n naudanlihan luonnollista makua.<\/p>\n<p>Tulos? Vastustamattoman herkullisia naudanlihapaloja, jotka kutkuttavat makunystyr\u00f6it\u00e4si ja j\u00e4tt\u00e4v\u00e4t sinulle unohtumattoman herkun.<\/p>\n<p>Big Poppa Smokers on tunnettu ja vakiintunut hahmo Yhdysvaltain markkinoilla, ja h\u00e4nell\u00e4 on monia nimikkeit\u00e4.<\/p>\n<p><img loading=\"lazy\" decoding=\"async\" class=\"wp-image-1557\" src=\"http:\/\/tammetorubbq.ee\/wp-content\/uploads\/2024\/03\/Big-Poppa-Smokers-Logo-Vector-300x225.webp\" alt=\"Big Poppa Smokers\" width=\"167\" height=\"125\" srcset=\"https:\/\/tammetorubbq.ee\/wp-content\/uploads\/2024\/03\/Big-Poppa-Smokers-Logo-Vector-300x225.webp 300w, https:\/\/tammetorubbq.ee\/wp-content\/uploads\/2024\/03\/Big-Poppa-Smokers-Logo-Vector-768x576.webp 768w, https:\/\/tammetorubbq.ee\/wp-content\/uploads\/2024\/03\/Big-Poppa-Smokers-Logo-Vector-16x12.webp 16w, https:\/\/tammetorubbq.ee\/wp-content\/uploads\/2024\/03\/Big-Poppa-Smokers-Logo-Vector-600x450.webp 600w, https:\/\/tammetorubbq.ee\/wp-content\/uploads\/2024\/03\/Big-Poppa-Smokers-Logo-Vector-64x48.webp 64w, https:\/\/tammetorubbq.ee\/wp-content\/uploads\/2024\/03\/Big-Poppa-Smokers-Logo-Vector.webp 866w\" sizes=\"auto, (max-width: 167px) 100vw, 167px\" \/><\/p>","protected":false},"featured_media":1689,"comment_status":"open","ping_status":"closed","template":"","meta":{"_uf_show_specific_survey":0,"_uf_disable_surveys":false},"pwb-brand":[80],"product_brand":[],"product_cat":[21],"product_tag":[114,123,119,165],"class_list":{"0":"post-1686","1":"product","2":"type-product","3":"status-publish","4":"has-post-thumbnail","6":"pwb-brand-big-poppas","7":"product_cat-maitseainesegud","8":"product_tag-sealiha","9":"product_tag-steik","10":"product_tag-veiseliha","11":"product_tag-veiseribi","13":"first","14":"instock","15":"taxable","16":"shipping-taxable","17":"purchasable","18":"product-type-simple"},"brands":[{"id":80,"name":"Big Poppa's","slug":"big-poppas"}],"_links":{"self":[{"href":"https:\/\/tammetorubbq.ee\/fi\/wp-json\/wp\/v2\/product\/1686","targetHints":{"allow":["GET"]}}],"collection":[{"href":"https:\/\/tammetorubbq.ee\/fi\/wp-json\/wp\/v2\/product"}],"about":[{"href":"https:\/\/tammetorubbq.ee\/fi\/wp-json\/wp\/v2\/types\/product"}],"replies":[{"embeddable":true,"href":"https:\/\/tammetorubbq.ee\/fi\/wp-json\/wp\/v2\/comments?post=1686"}],"wp:featuredmedia":[{"embeddable":true,"href":"https:\/\/tammetorubbq.ee\/fi\/wp-json\/wp\/v2\/media\/1689"}],"wp:attachment":[{"href":"https:\/\/tammetorubbq.ee\/fi\/wp-json\/wp\/v2\/media?parent=1686"}],"wp:term":[{"taxonomy":"pwb-brand","embeddable":true,"href":"https:\/\/tammetorubbq.ee\/fi\/wp-json\/wp\/v2\/pwb-brand?post=1686"},{"taxonomy":"product_brand","embeddable":true,"href":"https:\/\/tammetorubbq.ee\/fi\/wp-json\/wp\/v2\/product_brand?post=1686"},{"taxonomy":"product_cat","embeddable":true,"href":"https:\/\/tammetorubbq.ee\/fi\/wp-json\/wp\/v2\/product_cat?post=1686"},{"taxonomy":"product_tag","embeddable":true,"href":"https:\/\/tammetorubbq.ee\/fi\/wp-json\/wp\/v2\/product_tag?post=1686"}],"curies":[{"name":"wp","href":"https:\/\/api.w.org\/{rel}","templated":true}]}}