{"id":1691,"date":"2024-05-21T18:47:38","date_gmt":"2024-05-21T15:47:38","guid":{"rendered":"https:\/\/tammetorubbq.ee\/?post_type=product&#038;p=1691"},"modified":"2026-04-19T18:00:45","modified_gmt":"2026-04-19T15:00:45","slug":"smoke-this-kansas-city-style-bbq-paste-511g","status":"publish","type":"product","link":"https:\/\/tammetorubbq.ee\/fi\/product-2\/smoke-this-kansas-city-style-bbq-paste-511g\/","title":{"rendered":"Smoke This Kansas City Style BBQ-kastike 511g"},"content":{"rendered":"<p>Valinta, joka tekee kaikesta helppoa!<\/p>","protected":false},"excerpt":{"rendered":"<p>Smoke This KC Style BBQ Sauce on yksi palkituimmista kastikkeista, joita k\u00e4ytet\u00e4\u00e4n kilpailuissa ja kotipuutarhassa.<\/p>\n<p>Se on makea ja suolainen, siin\u00e4 on yrttej\u00e4, mausteita ja hieman savua.<\/p>\n<p>Sopii erinomaisesti kanalle, ribseille, sianlihalle ja rintaleiv\u00e4lle. Kiistaton suosikki my\u00f6s dippikastikkeena.<\/p>","protected":false},"featured_media":1692,"comment_status":"open","ping_status":"closed","template":"","meta":{"_uf_show_specific_survey":0,"_uf_disable_surveys":false},"pwb-brand":[93],"product_brand":[],"product_cat":[22],"product_tag":[],"class_list":{"0":"post-1691","1":"product","2":"type-product","3":"status-publish","4":"has-post-thumbnail","6":"pwb-brand-smoke-this-bbq","7":"product_cat-kastmed-ja-marinaadid","9":"first","10":"instock","11":"taxable","12":"shipping-taxable","13":"purchasable","14":"product-type-simple"},"brands":[{"id":93,"name":"Smoke This BBQ","slug":"smoke-this-bbq"}],"_links":{"self":[{"href":"https:\/\/tammetorubbq.ee\/fi\/wp-json\/wp\/v2\/product\/1691","targetHints":{"allow":["GET"]}}],"collection":[{"href":"https:\/\/tammetorubbq.ee\/fi\/wp-json\/wp\/v2\/product"}],"about":[{"href":"https:\/\/tammetorubbq.ee\/fi\/wp-json\/wp\/v2\/types\/product"}],"replies":[{"embeddable":true,"href":"https:\/\/tammetorubbq.ee\/fi\/wp-json\/wp\/v2\/comments?post=1691"}],"wp:featuredmedia":[{"embeddable":true,"href":"https:\/\/tammetorubbq.ee\/fi\/wp-json\/wp\/v2\/media\/1692"}],"wp:attachment":[{"href":"https:\/\/tammetorubbq.ee\/fi\/wp-json\/wp\/v2\/media?parent=1691"}],"wp:term":[{"taxonomy":"pwb-brand","embeddable":true,"href":"https:\/\/tammetorubbq.ee\/fi\/wp-json\/wp\/v2\/pwb-brand?post=1691"},{"taxonomy":"product_brand","embeddable":true,"href":"https:\/\/tammetorubbq.ee\/fi\/wp-json\/wp\/v2\/product_brand?post=1691"},{"taxonomy":"product_cat","embeddable":true,"href":"https:\/\/tammetorubbq.ee\/fi\/wp-json\/wp\/v2\/product_cat?post=1691"},{"taxonomy":"product_tag","embeddable":true,"href":"https:\/\/tammetorubbq.ee\/fi\/wp-json\/wp\/v2\/product_tag?post=1691"}],"curies":[{"name":"wp","href":"https:\/\/api.w.org\/{rel}","templated":true}]}}