{"id":1693,"date":"2024-05-21T19:13:12","date_gmt":"2024-05-21T16:13:12","guid":{"rendered":"https:\/\/tammetorubbq.ee\/?post_type=product&#038;p=1693"},"modified":"2026-04-19T21:00:03","modified_gmt":"2026-04-19T18:00:03","slug":"kosmos-q-op-x1-bbq-tahna-439g","status":"publish","type":"product","link":"https:\/\/tammetorubbq.ee\/fi\/product-2\/kosmos-q-op-x1-bbq-tahna-439g\/","title":{"rendered":"Kosmo's Q OP X1 BBQ-kastike 439g"},"content":{"rendered":"<p>Ainesosat: ruokosokeri, omenaviinietikka, tomaattipyree, tislattu etikka, vesi, melassi, sitruunamehutiiviste, vaniljauute, mausteseos (suola, paprika, ancho-chilijauhe, kuivattu sipuli, sinapinsiemenet, kuivattu valkosipuli, inkiv\u00e4\u00e4rijauhe, luontainen savuaromi).<\/p>","protected":false},"excerpt":{"rendered":"<p>\"En voi koskea toiseen BBQ-kastikkeeseen en\u00e4\u00e4!!!!! T\u00e4m\u00e4 vie asiat yl\u00f6sp\u00e4in! Kiitos Kosmos!\"<\/p>\n<p>OP X1 on Kosmo's Q:n uusin BBQ-kastike. Se on sekoitus makeita ja suolaisia yrttej\u00e4 ja mausteisia nestem\u00e4isi\u00e4 ainesosia, jotka kaikki yhdess\u00e4 luovat rohkean, vertaansa vailla olevan maun!<\/p>\n<p>OP X1 on Kosmon Q-sarjan is\u00e4nmaallisin kastike!<\/p>\n<p>Etsitp\u00e4 sitten kastiketta kilpailuun tai grillijuhliin, t\u00e4m\u00e4 kastike on tehty voittamaan.<\/p>\n<p>&nbsp;<\/p>\n<p><img loading=\"lazy\" decoding=\"async\" class=\"wp-image-1698\" src=\"http:\/\/tammetorubbq.ee\/wp-content\/uploads\/2024\/05\/Kosmos-Q-logo.avif\" alt=\"Kosmon Q \" width=\"144\" height=\"108\" srcset=\"https:\/\/tammetorubbq.ee\/wp-content\/uploads\/2024\/05\/Kosmos-Q-logo.avif 258w, https:\/\/tammetorubbq.ee\/wp-content\/uploads\/2024\/05\/Kosmos-Q-logo-16x12.avif 16w, https:\/\/tammetorubbq.ee\/wp-content\/uploads\/2024\/05\/Kosmos-Q-logo-64x48.avif 64w\" sizes=\"auto, (max-width: 144px) 100vw, 144px\" \/><\/p>","protected":false},"featured_media":1695,"comment_status":"open","ping_status":"closed","template":"","meta":{"_uf_show_specific_survey":0,"_uf_disable_surveys":false},"pwb-brand":[81],"product_brand":[],"product_cat":[22],"product_tag":[],"class_list":{"0":"post-1693","1":"product","2":"type-product","3":"status-publish","4":"has-post-thumbnail","6":"pwb-brand-kosmos-q","7":"product_cat-kastmed-ja-marinaadid","9":"first","10":"instock","11":"taxable","12":"shipping-taxable","13":"purchasable","14":"product-type-simple"},"brands":[{"id":81,"name":"Kosmon Q","slug":"kosmos-q"}],"_links":{"self":[{"href":"https:\/\/tammetorubbq.ee\/fi\/wp-json\/wp\/v2\/product\/1693","targetHints":{"allow":["GET"]}}],"collection":[{"href":"https:\/\/tammetorubbq.ee\/fi\/wp-json\/wp\/v2\/product"}],"about":[{"href":"https:\/\/tammetorubbq.ee\/fi\/wp-json\/wp\/v2\/types\/product"}],"replies":[{"embeddable":true,"href":"https:\/\/tammetorubbq.ee\/fi\/wp-json\/wp\/v2\/comments?post=1693"}],"wp:featuredmedia":[{"embeddable":true,"href":"https:\/\/tammetorubbq.ee\/fi\/wp-json\/wp\/v2\/media\/1695"}],"wp:attachment":[{"href":"https:\/\/tammetorubbq.ee\/fi\/wp-json\/wp\/v2\/media?parent=1693"}],"wp:term":[{"taxonomy":"pwb-brand","embeddable":true,"href":"https:\/\/tammetorubbq.ee\/fi\/wp-json\/wp\/v2\/pwb-brand?post=1693"},{"taxonomy":"product_brand","embeddable":true,"href":"https:\/\/tammetorubbq.ee\/fi\/wp-json\/wp\/v2\/product_brand?post=1693"},{"taxonomy":"product_cat","embeddable":true,"href":"https:\/\/tammetorubbq.ee\/fi\/wp-json\/wp\/v2\/product_cat?post=1693"},{"taxonomy":"product_tag","embeddable":true,"href":"https:\/\/tammetorubbq.ee\/fi\/wp-json\/wp\/v2\/product_tag?post=1693"}],"curies":[{"name":"wp","href":"https:\/\/api.w.org\/{rel}","templated":true}]}}