{"id":1713,"date":"2024-05-29T16:01:49","date_gmt":"2024-05-29T13:01:49","guid":{"rendered":"https:\/\/tammetorubbq.ee\/?post_type=product&#038;p=1713"},"modified":"2026-04-29T17:00:23","modified_gmt":"2026-04-29T14:00:23","slug":"chargriller-akron-kamado-soegrilli","status":"publish","type":"product","link":"https:\/\/tammetorubbq.ee\/fi\/toode\/chargriller-akron-kamado-soegrill\/","title":{"rendered":"Char-Griller Akorn Kamado 20\u201d s\u00f6egrill"},"content":{"rendered":"<ul>\n<li>Grilliritil\u00e4n halkaisija 20\" (50,8 cm).<\/li>\n<li>CharGriller, Middleby Outdoorsin omistama takkien tuotemerkki, ryhm\u00e4\u00e4n kuuluvat my\u00f6s Kamado Joe ja Masterbuilt.<\/li>\n<li>CharGriller AKORN\u00ae Kamado -hiiligrilli on Kamado-hiiligrilli, jossa on eritt\u00e4in hyv\u00e4 hinta-laatusuhde.<\/li>\n<li>Soveltuu sek\u00e4 korkealla ett\u00e4 matalalla l\u00e4mm\u00f6ll\u00e4 grillaamiseen.<\/li>\n<li>Vahva ter\u00e4srakenne ja polttoainetehokas kolminkertainen eristys.<\/li>\n<li>Kevyt, helppok\u00e4ytt\u00f6inen, kest\u00e4v\u00e4 ja kest\u00e4v\u00e4!<\/li>\n<li>Aidot valurautagrillit ja Easy Dump\u2122 -tuhka-astia (eritt\u00e4in helppo poistaa).<\/li>\n<li>Irrotettava l\u00e4mmitysteline ja kokoontaitettavat sivuhyllyt.<\/li>\n<li>S\u00e4\u00e4dett\u00e4v\u00e4t iskunvaimentimet ja suuret 8\" (20 cm) lukittavat py\u00f6r\u00e4t.<\/li>\n<li>Kokonaiskypsennyspinta-ala: 447 neli\u00f6tuumaa (2884 cm2), p\u00e4\u00e4kypsennyspinta-ala: 314 neli\u00f6tuumaa (2026 cm2) + 133 neli\u00f6tuumaa l\u00e4mmitysteline (337,8 cm2).<\/li>\n<li>Saatavana mustana.<\/li>\n<li>Paino: 49kg<\/li>\n<\/ul>\n<p><iframe loading=\"lazy\" title=\"Char-Griller AKORN Kamado Grill Spotlight | Char-Griller\" width=\"500\" height=\"281\" src=\"https:\/\/www.youtube.com\/embed\/GP5uqr9B384?feature=oembed\" frameborder=\"0\" allow=\"accelerometer; autoplay; clipboard-write; encrypted-media; gyroscope; picture-in-picture; web-share\" referrerpolicy=\"strict-origin-when-cross-origin\" allowfullscreen><\/iframe><\/p>\n<p>&nbsp;<\/p>","protected":false},"excerpt":{"rendered":"<p data-start=\"160\" data-end=\"202\"><strong data-start=\"160\" data-end=\"202\">Huippuluokan kamado-hiiligrilli edulliseen hintaan!<\/strong><\/p>\n<p data-start=\"204\" data-end=\"526\">Char-Griller Akorn Kamado on monipuolinen ja tehokas kamadotyyppinen hiiligrilli, joka tarjoaa keraamisen kamadogrillin edut ilman korkeaa hintaa. Kolmikerroksisen ter\u00e4srakenteensa ansiosta se s\u00e4ilytt\u00e4\u00e4 erinomaisen l\u00e4mm\u00f6n ja tarjoaa s\u00e4\u00e4steli\u00e4\u00e4n puuhiilen kulutuksen - ihanteellinen grillaukseen, savustamiseen, paistamiseen ja paahtamiseen.<\/p>\n<ul>\n<li><strong data-start=\"1336\" data-end=\"1358\">Suotuisa vaihtoehto<\/strong>: Kamado-tyylinen grillaus murto-osalla keraamisten mallien hinnasta.<\/li>\n<li><strong data-start=\"1439\" data-end=\"1454\">Eri<\/strong>: Grillaa, savusta, paista tai paahda - kaikki yhdell\u00e4 laitteella.<\/li>\n<li><strong data-start=\"1517\" data-end=\"1540\">Kevyt ja kest\u00e4v\u00e4<\/strong>: Ter\u00e4srakenne on kevyempi ja kest\u00e4v\u00e4mpi kuin keraamiset vaihtoehdot.<\/li>\n<li><strong data-start=\"1626\" data-end=\"1646\">K\u00e4ytt\u00e4j\u00e4yst\u00e4v\u00e4llinen<\/strong>: Sopii sek\u00e4 aloittelijoille ett\u00e4 kokeneille grillimestareille.<\/li>\n<\/ul>\n<p><strong data-start=\"2237\" data-end=\"2266\">Char-Griller Akorn Kamado<\/strong> on t\u00e4ydellinen valinta, jos haluat nautinnollisen grillauskokemuksen kuluttamatta liikaa rahaa. T\u00e4ydellinen valinta jokaiselle kotikokille, joka arvostaa makua, tehokkuutta ja kest\u00e4vyytt\u00e4.<\/p>\n<p>Kindlasti soovitame ka juurde osta <strong><a href=\"https:\/\/tammetorubbq.ee\/fi\/product-2\/char-griller-akorn-20-kamado-soegrillile-ilmastikukindel-grillikate\/\">ilmastikukindla grillikatte<\/a><\/strong> mis pakub usaldusv\u00e4\u00e4rset kaitset vihma, lume, p\u00e4ikese ja mustuse eest, pikendades grilli eluiga ning hoides selle puhtana j\u00e4rgmiseks kasutuskorraks.<\/p>\n<p><img loading=\"lazy\" decoding=\"async\" class=\"size-full wp-image-1726\" src=\"http:\/\/tammetorubbq.ee\/wp-content\/uploads\/2024\/05\/char-griller_brandmark_1x.png\" alt=\"hiillostin\" width=\"195\" height=\"195\" srcset=\"https:\/\/tammetorubbq.ee\/wp-content\/uploads\/2024\/05\/char-griller_brandmark_1x.png 195w, https:\/\/tammetorubbq.ee\/wp-content\/uploads\/2024\/05\/char-griller_brandmark_1x-150x150.png 150w, https:\/\/tammetorubbq.ee\/wp-content\/uploads\/2024\/05\/char-griller_brandmark_1x-12x12.png 12w, https:\/\/tammetorubbq.ee\/wp-content\/uploads\/2024\/05\/char-griller_brandmark_1x-64x64.png 64w\" sizes=\"auto, (max-width: 195px) 100vw, 195px\" \/><\/p>\n<p><a href=\"https:\/\/tammetorubbq.ee\/fi\/maksa-myohemmin\/\"><strong>OSTA NYT, MAKSA MY\u00d6HEMMIN<\/strong><\/a>\u00a0- korotonta!<\/p>\n<p><img loading=\"lazy\" decoding=\"async\" class=\"alignnone wp-image-2646\" src=\"http:\/\/tammetorubbq.ee\/wp-content\/uploads\/2023\/12\/inbank-wordmark.png\" alt=\"Inbank\" width=\"164\" height=\"74\" srcset=\"https:\/\/tammetorubbq.ee\/wp-content\/uploads\/2023\/12\/inbank-wordmark.png 300w, https:\/\/tammetorubbq.ee\/wp-content\/uploads\/2023\/12\/inbank-wordmark-18x8.png 18w, https:\/\/tammetorubbq.ee\/wp-content\/uploads\/2023\/12\/inbank-wordmark-64x29.png 64w\" sizes=\"auto, (max-width: 164px) 100vw, 164px\" \/><\/p>\n<p>Tarjoamme my\u00f6s mahdollisuuden maksaa my\u00f6hemmin - yhdess\u00e4, kahdessa tai kolmessa samansuuruisessa er\u00e4ss\u00e4 ilman korkoa tai lis\u00e4maksua.<\/p>\n<p>L\u00f6yd\u00e4t valikoiman eri maksuvaihtoehtoja ostoskoristamme.<\/p>","protected":false},"featured_media":1725,"comment_status":"open","ping_status":"closed","template":"","meta":{"_uf_show_specific_survey":0,"_uf_disable_surveys":false},"pwb-brand":[95],"product_brand":[],"product_cat":[169,20],"product_tag":[140,78],"class_list":{"0":"post-1713","1":"product","2":"type-product","3":"status-publish","4":"has-post-thumbnail","6":"pwb-brand-chargriller","7":"product_cat-soegrillid","8":"product_cat-kampaania","9":"product_tag-chargriller","10":"product_tag-soegrill","12":"first","13":"instock","14":"sale","15":"taxable","16":"shipping-taxable","17":"purchasable","18":"product-type-simple"},"brands":[{"id":95,"name":"CharGriller","slug":"chargriller"}],"_links":{"self":[{"href":"https:\/\/tammetorubbq.ee\/fi\/wp-json\/wp\/v2\/product\/1713","targetHints":{"allow":["GET"]}}],"collection":[{"href":"https:\/\/tammetorubbq.ee\/fi\/wp-json\/wp\/v2\/product"}],"about":[{"href":"https:\/\/tammetorubbq.ee\/fi\/wp-json\/wp\/v2\/types\/product"}],"replies":[{"embeddable":true,"href":"https:\/\/tammetorubbq.ee\/fi\/wp-json\/wp\/v2\/comments?post=1713"}],"wp:featuredmedia":[{"embeddable":true,"href":"https:\/\/tammetorubbq.ee\/fi\/wp-json\/wp\/v2\/media\/1725"}],"wp:attachment":[{"href":"https:\/\/tammetorubbq.ee\/fi\/wp-json\/wp\/v2\/media?parent=1713"}],"wp:term":[{"taxonomy":"pwb-brand","embeddable":true,"href":"https:\/\/tammetorubbq.ee\/fi\/wp-json\/wp\/v2\/pwb-brand?post=1713"},{"taxonomy":"product_brand","embeddable":true,"href":"https:\/\/tammetorubbq.ee\/fi\/wp-json\/wp\/v2\/product_brand?post=1713"},{"taxonomy":"product_cat","embeddable":true,"href":"https:\/\/tammetorubbq.ee\/fi\/wp-json\/wp\/v2\/product_cat?post=1713"},{"taxonomy":"product_tag","embeddable":true,"href":"https:\/\/tammetorubbq.ee\/fi\/wp-json\/wp\/v2\/product_tag?post=1713"}],"curies":[{"name":"wp","href":"https:\/\/api.w.org\/{rel}","templated":true}]}}