{"id":1728,"date":"2024-05-29T16:41:12","date_gmt":"2024-05-29T13:41:12","guid":{"rendered":"https:\/\/tammetorubbq.ee\/?post_type=product&#038;p=1728"},"modified":"2026-04-16T22:00:06","modified_gmt":"2026-04-16T19:00:06","slug":"chargriller-savustusmestari-soegrill-suitsukepoltin","status":"publish","type":"product","link":"https:\/\/tammetorubbq.ee\/fi\/product-2\/chargriller-savustusmestari-soegrill-suitsukepoltin\/","title":{"rendered":"Char-Griller Smoking Champ"},"content":{"rendered":"<ul>\n<li>CharGriller, Middleby Outdoorsin omistama takkien tuotemerkki, ryhm\u00e4\u00e4n kuuluvat my\u00f6s Kamado Joe ja Masterbuilt.<\/li>\n<li>Kokonaisleivontapinta-ala: 1235 neli\u00f6tuumaa eli 7967 cm2 (mukaan lukien yl\u00e4pinta).<\/li>\n<li>Soveltuu sek\u00e4 korkealla ett\u00e4 matalalla l\u00e4mm\u00f6ll\u00e4 grillaamiseen.<\/li>\n<li>Valurautaiset grilliritil\u00e4t + ter\u00e4ksinen grilliritil\u00e4 korkeammalla tasolla.<\/li>\n<li>Kaksoiskoukut ritil\u00f6iden nostamista varten.<\/li>\n<li>20 cm:n kumiset tukevat py\u00f6r\u00e4t, tukeva uunirakenne.<\/li>\n<li>Easy Dump\u2122 -tuhka-astia, s\u00e4\u00e4dett\u00e4v\u00e4 hiiliastia.<\/li>\n<li>Ty\u00f6kalukoukut, tukeva alahylly.<\/li>\n<li>Saatavana mustana.<\/li>\n<\/ul>","protected":false},"excerpt":{"rendered":"<p>Char-Griller Smokin Champ \"offset\"-uuni on paras mahdollinen uunityyppi herkullisten ja mehukkaiden grilliruokien valmistamiseen tai mink\u00e4 tahansa haluamasi savustamiseen.<\/p>\n<p><span style=\"color: #0000ff;\"><strong>Nauti aidoista BBQ-mauista.\u00a0<\/strong><\/span><\/p>\n<p>Kindlasti soovitame ka juurde osta\u00a0<a href=\"https:\/\/tammetorubbq.ee\/fi\/product-2\/char-griller-smokin-champ-ilmastikukindel-grillikate\/\"><strong>ilmastikukindla grillikatte<\/strong><\/a>\u00a0mis pakub usaldusv\u00e4\u00e4rset kaitset vihma, lume, p\u00e4ikese ja mustuse eest, pikendades grilli eluiga ning hoides selle puhtana j\u00e4rgmiseks kasutuskorraks.<\/p>\n<p><img loading=\"lazy\" decoding=\"async\" class=\"size-full wp-image-1726\" src=\"http:\/\/tammetorubbq.ee\/wp-content\/uploads\/2024\/05\/char-griller_brandmark_1x.png\" alt=\"hiillostin\" width=\"195\" height=\"195\" srcset=\"https:\/\/tammetorubbq.ee\/wp-content\/uploads\/2024\/05\/char-griller_brandmark_1x.png 195w, https:\/\/tammetorubbq.ee\/wp-content\/uploads\/2024\/05\/char-griller_brandmark_1x-150x150.png 150w, https:\/\/tammetorubbq.ee\/wp-content\/uploads\/2024\/05\/char-griller_brandmark_1x-12x12.png 12w, https:\/\/tammetorubbq.ee\/wp-content\/uploads\/2024\/05\/char-griller_brandmark_1x-64x64.png 64w\" sizes=\"auto, (max-width: 195px) 100vw, 195px\" \/><\/p>\n<p><a href=\"https:\/\/tammetorubbq.ee\/fi\/maksa-myohemmin\/\"><strong>OSTA NYT, MAKSA MY\u00d6HEMMIN<\/strong><\/a>\u00a0- korotonta!<\/p>\n<p><img loading=\"lazy\" decoding=\"async\" class=\"alignnone wp-image-2646\" src=\"http:\/\/tammetorubbq.ee\/wp-content\/uploads\/2023\/12\/inbank-wordmark.png\" alt=\"\" width=\"167\" height=\"75\" srcset=\"https:\/\/tammetorubbq.ee\/wp-content\/uploads\/2023\/12\/inbank-wordmark.png 300w, https:\/\/tammetorubbq.ee\/wp-content\/uploads\/2023\/12\/inbank-wordmark-18x8.png 18w, https:\/\/tammetorubbq.ee\/wp-content\/uploads\/2023\/12\/inbank-wordmark-64x29.png 64w\" sizes=\"auto, (max-width: 167px) 100vw, 167px\" \/><\/p>\n<p>Tarjoamme my\u00f6s mahdollisuuden maksaa my\u00f6hemmin - yhdess\u00e4, kahdessa tai kolmessa samansuuruisessa er\u00e4ss\u00e4 ilman korkoa tai lis\u00e4maksua.<\/p>\n<p>L\u00f6yd\u00e4t valikoiman eri maksuvaihtoehtoja ostoskoristamme.<\/p>","protected":false},"featured_media":1729,"comment_status":"open","ping_status":"closed","template":"","meta":{"_uf_show_specific_survey":0,"_uf_disable_surveys":false},"pwb-brand":[95],"product_brand":[],"product_cat":[57,169],"product_tag":[140,78,76],"class_list":{"0":"post-1728","1":"product","2":"type-product","3":"status-publish","4":"has-post-thumbnail","6":"pwb-brand-chargriller","7":"product_cat-bbq-suitsuahjud","8":"product_cat-soegrillid","9":"product_tag-chargriller","10":"product_tag-soegrill","11":"product_tag-suitsuahi","13":"first","14":"instock","15":"taxable","16":"shipping-taxable","17":"purchasable","18":"product-type-simple"},"brands":[{"id":95,"name":"CharGriller","slug":"chargriller"}],"_links":{"self":[{"href":"https:\/\/tammetorubbq.ee\/fi\/wp-json\/wp\/v2\/product\/1728","targetHints":{"allow":["GET"]}}],"collection":[{"href":"https:\/\/tammetorubbq.ee\/fi\/wp-json\/wp\/v2\/product"}],"about":[{"href":"https:\/\/tammetorubbq.ee\/fi\/wp-json\/wp\/v2\/types\/product"}],"replies":[{"embeddable":true,"href":"https:\/\/tammetorubbq.ee\/fi\/wp-json\/wp\/v2\/comments?post=1728"}],"wp:featuredmedia":[{"embeddable":true,"href":"https:\/\/tammetorubbq.ee\/fi\/wp-json\/wp\/v2\/media\/1729"}],"wp:attachment":[{"href":"https:\/\/tammetorubbq.ee\/fi\/wp-json\/wp\/v2\/media?parent=1728"}],"wp:term":[{"taxonomy":"pwb-brand","embeddable":true,"href":"https:\/\/tammetorubbq.ee\/fi\/wp-json\/wp\/v2\/pwb-brand?post=1728"},{"taxonomy":"product_brand","embeddable":true,"href":"https:\/\/tammetorubbq.ee\/fi\/wp-json\/wp\/v2\/product_brand?post=1728"},{"taxonomy":"product_cat","embeddable":true,"href":"https:\/\/tammetorubbq.ee\/fi\/wp-json\/wp\/v2\/product_cat?post=1728"},{"taxonomy":"product_tag","embeddable":true,"href":"https:\/\/tammetorubbq.ee\/fi\/wp-json\/wp\/v2\/product_tag?post=1728"}],"curies":[{"name":"wp","href":"https:\/\/api.w.org\/{rel}","templated":true}]}}