{"id":1771,"date":"2024-06-01T15:17:17","date_gmt":"2024-06-01T12:17:17","guid":{"rendered":"https:\/\/tammetorubbq.ee\/?post_type=product&#038;p=1771"},"modified":"2026-04-15T00:00:04","modified_gmt":"2026-04-14T21:00:04","slug":"ahja-tupakoitsija-kuumsuitsuahi-mi5","status":"publish","type":"product","link":"https:\/\/tammetorubbq.ee\/fi\/product-2\/ahja-tupakoitsija-kuumsuitsuahi-mi5\/","title":{"rendered":"Ahja Smoker kuumasavuliesi MI5"},"content":{"rendered":"<p>Ulkomitat: 1550*500*500 mm<br \/>\nLihakammion mitat: 80*45*45 cm<br \/>\nLihalokeron tilavuus: 195 litraa.<\/p>\n<p>Materiaalin paksuus: 2mm<br \/>\nL\u00e4mmityskammion paksuus: 6mm<br \/>\nLevyjen v\u00e4li: 15cm.<br \/>\nLepotauot: 4<\/p>","protected":false},"excerpt":{"rendered":"<p><strong>\ud83d\udca5 Parim hind turul + <span style=\"color: #ff0000;\">TASUTA transport!<\/span> \u00c4ra maksa rohkem \u2013 telli kohe ja s\u00e4\u00e4sta topelt!<\/strong><\/p>\n<p><em><strong>Korkealaatuinen kaksoissein\u00e4m\u00e4inen savustin.<\/strong><\/em><\/p>\n<p>Uunissa on kaksi kammiota. Uunin alaosassa on polttokammio, jossa puu poltetaan, ja yl\u00e4osassa on lihakammio.<\/p>\n<p>Kaksisein\u00e4isess\u00e4 kiukaassa puun palamisesta syntyv\u00e4 savu kulkeutuu savupiippua pitkin kaksinkertaisten seinien l\u00e4pi. T\u00e4m\u00e4ntyyppist\u00e4 kiuasta k\u00e4ytett\u00e4ess\u00e4 ei ole t\u00e4rke\u00e4\u00e4, ett\u00e4 poltettava puu soveltuu savustukseen.<\/p>\n<p>Polttosavu ei p\u00e4\u00e4se kosketuksiin lihan kanssa - kyseess\u00e4 on kuumasavu-uuni.<\/p>\n<p>Ylemm\u00e4ss\u00e4 kammiossa savua syntyy hakkeista, sahanpurusta tai vastaavasta.<\/p>\n<p>Uunissa on rasvapannu, nelj\u00e4 ritil\u00e4\u00e4, l\u00e4mp\u00f6mittari ja k\u00e4ytt\u00f6ohje.<\/p>\n<p>Takana py\u00f6r\u00e4t uunin helppoa liikuttelua varten.<\/p>\n<p>&nbsp;<\/p>\n<p><img loading=\"lazy\" decoding=\"async\" class=\"alignnone wp-image-1752\" src=\"http:\/\/tammetorubbq.ee\/wp-content\/uploads\/2024\/06\/Ahja-Smoker-logo.svg\" alt=\"Ahja Smoker logo\" width=\"204\" height=\"93\" \/><\/p>\n<p>&nbsp;<\/p>\n<p><a href=\"https:\/\/tammetorubbq.ee\/fi\/maksa-myohemmin\/\"><strong>OSTA NYT, MAKSA MY\u00d6HEMMIN<\/strong><\/a>\u00a0- korotonta!<\/p>\n<p><img loading=\"lazy\" decoding=\"async\" class=\"alignnone wp-image-2646\" src=\"http:\/\/tammetorubbq.ee\/wp-content\/uploads\/2023\/12\/inbank-wordmark.png\" alt=\"Inbank\" width=\"167\" height=\"75\" srcset=\"https:\/\/tammetorubbq.ee\/wp-content\/uploads\/2023\/12\/inbank-wordmark.png 300w, https:\/\/tammetorubbq.ee\/wp-content\/uploads\/2023\/12\/inbank-wordmark-18x8.png 18w, https:\/\/tammetorubbq.ee\/wp-content\/uploads\/2023\/12\/inbank-wordmark-64x29.png 64w\" sizes=\"auto, (max-width: 167px) 100vw, 167px\" \/><\/p>\n<p>Tarjoamme my\u00f6s mahdollisuuden maksaa my\u00f6hemmin - yhdess\u00e4, kahdessa tai kolmessa samansuuruisessa er\u00e4ss\u00e4 ilman korkoa tai lis\u00e4maksua.<\/p>\n<p>L\u00f6yd\u00e4t valikoiman eri maksuvaihtoehtoja ostoskoristamme.<\/p>","protected":false},"featured_media":1772,"comment_status":"open","ping_status":"closed","template":"","meta":{"_uf_show_specific_survey":0,"_uf_disable_surveys":false},"pwb-brand":[144],"product_brand":[],"product_cat":[57,20],"product_tag":[145,76],"class_list":{"0":"post-1771","1":"product","2":"type-product","3":"status-publish","4":"has-post-thumbnail","6":"pwb-brand-ahja-smoker","7":"product_cat-bbq-suitsuahjud","8":"product_cat-kampaania","9":"product_tag-ahja-smoker","10":"product_tag-suitsuahi","12":"first","13":"instock","14":"sale","15":"taxable","16":"shipping-taxable","17":"purchasable","18":"product-type-simple"},"brands":[{"id":144,"name":"Ahja Smoker","slug":"ahja-tupakoitsija"}],"_links":{"self":[{"href":"https:\/\/tammetorubbq.ee\/fi\/wp-json\/wp\/v2\/product\/1771","targetHints":{"allow":["GET"]}}],"collection":[{"href":"https:\/\/tammetorubbq.ee\/fi\/wp-json\/wp\/v2\/product"}],"about":[{"href":"https:\/\/tammetorubbq.ee\/fi\/wp-json\/wp\/v2\/types\/product"}],"replies":[{"embeddable":true,"href":"https:\/\/tammetorubbq.ee\/fi\/wp-json\/wp\/v2\/comments?post=1771"}],"wp:featuredmedia":[{"embeddable":true,"href":"https:\/\/tammetorubbq.ee\/fi\/wp-json\/wp\/v2\/media\/1772"}],"wp:attachment":[{"href":"https:\/\/tammetorubbq.ee\/fi\/wp-json\/wp\/v2\/media?parent=1771"}],"wp:term":[{"taxonomy":"pwb-brand","embeddable":true,"href":"https:\/\/tammetorubbq.ee\/fi\/wp-json\/wp\/v2\/pwb-brand?post=1771"},{"taxonomy":"product_brand","embeddable":true,"href":"https:\/\/tammetorubbq.ee\/fi\/wp-json\/wp\/v2\/product_brand?post=1771"},{"taxonomy":"product_cat","embeddable":true,"href":"https:\/\/tammetorubbq.ee\/fi\/wp-json\/wp\/v2\/product_cat?post=1771"},{"taxonomy":"product_tag","embeddable":true,"href":"https:\/\/tammetorubbq.ee\/fi\/wp-json\/wp\/v2\/product_tag?post=1771"}],"curies":[{"name":"wp","href":"https:\/\/api.w.org\/{rel}","templated":true}]}}