{"id":1785,"date":"2024-06-07T16:50:40","date_gmt":"2024-06-07T13:50:40","guid":{"rendered":"https:\/\/tammetorubbq.ee\/?post_type=product&#038;p=1785"},"modified":"2026-04-15T00:00:15","modified_gmt":"2026-04-14T21:00:15","slug":"kosmos-q-spg-rub-340g","status":"publish","type":"product","link":"https:\/\/tammetorubbq.ee\/fi\/product-2\/kosmos-q-spg-rub-340g\/","title":{"rendered":"Kosmo's Q SPG Rub 340g"},"content":{"rendered":"<p><strong>Ainesosat:<\/strong> meresool, must pipar, k\u00fc\u00fcslauk, orgaaniline roosuhkur ja v\u00fcrtsid.<\/p>","protected":false},"excerpt":{"rendered":"<h5 data-pm-slice=\"1 1 []\"><strong>Kosmo's Q SPG Rub (tai suola, pippuri, valkosipuli ja paljon taikuutta).<\/strong><\/h5>\n<p>Rub on monipuolinen ja palkittu kuiva mausteseos, joka on valmistettu yksinkertaisista mutta tehokkaista ainesosista: merisuolasta, mustapippurista, valkosipulista ja luomuruokosokerista.<\/p>\n<p>T\u00e4m\u00e4 klassinen SPG-sekoitus (suola, pippuri, valkosipuli) on tunnettu siit\u00e4, ett\u00e4 se tuo esiin lihan luonnolliset aromit, ja grillauksen harrastajat arvostavat sit\u00e4 suuresti.<\/p>\n<ul>\n<li>Makuprofiili: tasapainoinen sekoitus suolaisia, hieman makeita ja aromaattisia makuja.<\/li>\n<li>Sopii erinomaisesti naudan- ja sianlihalle, kanalle, kalalle, ribseille, rintafileelle, siiville ja jopa vihanneksille.<\/li>\n<li>K\u00e4ytt\u00f6: Sopii erinomaisesti grillaukseen, grillaukseen, savustukseen tai paahtamiseen - ripottele vain lihan p\u00e4\u00e4lle ennen kypsennyst\u00e4.<\/li>\n<\/ul>\n<p><strong>Miksi valita Kosmon Q SPG Rub?<\/strong><\/p>\n<ul>\n<li>Kilpailulaatu: suunniteltu t\u00e4ytt\u00e4m\u00e4\u00e4n BBQ-kilpailujen korkeat vaatimukset.<\/li>\n<li>100% luonnolliset ainesosat: ei sis\u00e4ll\u00e4 keinotekoisia lis\u00e4- tai s\u00e4il\u00f6nt\u00e4aineita.<\/li>\n<li>Monipuolinen k\u00e4ytt\u00f6: antaa erinomaisen maun muillekin ruokalajeille kuin lihalle.<\/li>\n<\/ul>\n<p><strong>Kosmo's Q on tehnyt SPG-mausteseoksen, jossa on eritt\u00e4in hyv\u00e4 suhde.<\/strong><\/p>\n<p>&nbsp;<\/p>\n<p><img loading=\"lazy\" decoding=\"async\" class=\"wp-image-1698\" src=\"http:\/\/tammetorubbq.ee\/wp-content\/uploads\/2024\/05\/Kosmos-Q-logo.avif\" alt=\"Kosmon Q\" width=\"146\" height=\"110\" srcset=\"https:\/\/tammetorubbq.ee\/wp-content\/uploads\/2024\/05\/Kosmos-Q-logo.avif 258w, https:\/\/tammetorubbq.ee\/wp-content\/uploads\/2024\/05\/Kosmos-Q-logo-16x12.avif 16w, https:\/\/tammetorubbq.ee\/wp-content\/uploads\/2024\/05\/Kosmos-Q-logo-64x48.avif 64w\" sizes=\"auto, (max-width: 146px) 100vw, 146px\" \/><\/p>","protected":false},"featured_media":6623,"comment_status":"open","ping_status":"closed","template":"","meta":{"_uf_show_specific_survey":0,"_uf_disable_surveys":false},"pwb-brand":[81],"product_brand":[],"product_cat":[21,20],"product_tag":[163,118,159,121,120,319,114,122,123,119,165],"class_list":{"0":"post-1785","1":"product","2":"type-product","3":"status-publish","4":"has-post-thumbnail","6":"pwb-brand-kosmos-q","7":"product_cat-maitseainesegud","8":"product_cat-kampaania","9":"product_tag-kala","10":"product_tag-kanaliha","11":"product_tag-kanatiivad","12":"product_tag-koogiviljad","13":"product_tag-mereannid","14":"product_tag-pardi-rinnafilee","15":"product_tag-sealiha","16":"product_tag-searibi","17":"product_tag-steik","18":"product_tag-veiseliha","19":"product_tag-veiseribi","21":"first","22":"instock","23":"sale","24":"taxable","25":"shipping-taxable","26":"purchasable","27":"product-type-simple"},"brands":[{"id":81,"name":"Kosmon Q","slug":"kosmos-q"}],"_links":{"self":[{"href":"https:\/\/tammetorubbq.ee\/fi\/wp-json\/wp\/v2\/product\/1785","targetHints":{"allow":["GET"]}}],"collection":[{"href":"https:\/\/tammetorubbq.ee\/fi\/wp-json\/wp\/v2\/product"}],"about":[{"href":"https:\/\/tammetorubbq.ee\/fi\/wp-json\/wp\/v2\/types\/product"}],"replies":[{"embeddable":true,"href":"https:\/\/tammetorubbq.ee\/fi\/wp-json\/wp\/v2\/comments?post=1785"}],"wp:featuredmedia":[{"embeddable":true,"href":"https:\/\/tammetorubbq.ee\/fi\/wp-json\/wp\/v2\/media\/6623"}],"wp:attachment":[{"href":"https:\/\/tammetorubbq.ee\/fi\/wp-json\/wp\/v2\/media?parent=1785"}],"wp:term":[{"taxonomy":"pwb-brand","embeddable":true,"href":"https:\/\/tammetorubbq.ee\/fi\/wp-json\/wp\/v2\/pwb-brand?post=1785"},{"taxonomy":"product_brand","embeddable":true,"href":"https:\/\/tammetorubbq.ee\/fi\/wp-json\/wp\/v2\/product_brand?post=1785"},{"taxonomy":"product_cat","embeddable":true,"href":"https:\/\/tammetorubbq.ee\/fi\/wp-json\/wp\/v2\/product_cat?post=1785"},{"taxonomy":"product_tag","embeddable":true,"href":"https:\/\/tammetorubbq.ee\/fi\/wp-json\/wp\/v2\/product_tag?post=1785"}],"curies":[{"name":"wp","href":"https:\/\/api.w.org\/{rel}","templated":true}]}}