{"id":1800,"date":"2024-06-11T18:09:36","date_gmt":"2024-06-11T15:09:36","guid":{"rendered":"https:\/\/tammetorubbq.ee\/?post_type=product&#038;p=1800"},"modified":"2026-04-15T00:00:05","modified_gmt":"2026-04-14T21:00:05","slug":"lihan-kirkko-texas-sugar-rub","status":"publish","type":"product","link":"https:\/\/tammetorubbq.ee\/fi\/product-2\/lihan-kirkko-texas-sugar-rub\/","title":{"rendered":"Lihakirkko Texas Sugar Rub"},"content":{"rendered":"<p>Ainesosat: sokeri, hunajajauhe (puhdistettu siirappi, hunaja), suola, mausteet, paprika, kuivattu valkosipuli ja kuivattu sipuli.<\/p>","protected":false},"excerpt":{"rendered":"<p><span style=\"color: #0000ff;\"><strong>EI, se ei ole naudanlihaa!<\/strong><\/span><\/p>\n<p>Texas Sugar on makea, mutta ei liian makea, vaan siin\u00e4 on juuri sopiva m\u00e4\u00e4r\u00e4 makeutta, jotta se pysyy tasapainossa.<\/p>\n<p>Texas Sugar on vain tarttuva nimi, jota Matti on aina halunnut k\u00e4ytt\u00e4\u00e4!<\/p>\n<p>Monet lihan yst\u00e4v\u00e4t ovat saaneet BBQ-kilpailuissa palkinnon siit\u00e4, ett\u00e4 he ovat k\u00e4ytt\u00e4neet t\u00e4t\u00e4 Meat Church Texas Sugar rubia kylkiluihinsa, sianlihaansa ja kanaansa KCBS- ja IBCA-kilpailuissa.<\/p>\n<p>Sopii t\u00e4ydellisesti ribsien, sianlihan, kanan, kalkkunan, merenel\u00e4vien, savustetun tuorejuuston ja popcornin kanssa.<\/p>\n<p><img loading=\"lazy\" decoding=\"async\" class=\"wp-image-1702\" src=\"http:\/\/tammetorubbq.ee\/wp-content\/uploads\/2024\/02\/Meat-Church-logo-300x300.webp\" alt=\"Lihakirkon logo\" width=\"164\" height=\"164\" \/><\/p>","protected":false},"featured_media":1801,"comment_status":"open","ping_status":"closed","template":"","meta":{"_uf_show_specific_survey":0,"_uf_disable_surveys":false},"pwb-brand":[96],"product_brand":[],"product_cat":[21],"product_tag":[],"class_list":{"0":"post-1800","1":"product","2":"type-product","3":"status-publish","4":"has-post-thumbnail","6":"pwb-brand-meat-church","7":"product_cat-maitseainesegud","9":"first","10":"outofstock","11":"taxable","12":"shipping-taxable","13":"purchasable","14":"product-type-simple"},"brands":[{"id":96,"name":"Lihakirkko","slug":"meat-church"}],"_links":{"self":[{"href":"https:\/\/tammetorubbq.ee\/fi\/wp-json\/wp\/v2\/product\/1800","targetHints":{"allow":["GET"]}}],"collection":[{"href":"https:\/\/tammetorubbq.ee\/fi\/wp-json\/wp\/v2\/product"}],"about":[{"href":"https:\/\/tammetorubbq.ee\/fi\/wp-json\/wp\/v2\/types\/product"}],"replies":[{"embeddable":true,"href":"https:\/\/tammetorubbq.ee\/fi\/wp-json\/wp\/v2\/comments?post=1800"}],"wp:featuredmedia":[{"embeddable":true,"href":"https:\/\/tammetorubbq.ee\/fi\/wp-json\/wp\/v2\/media\/1801"}],"wp:attachment":[{"href":"https:\/\/tammetorubbq.ee\/fi\/wp-json\/wp\/v2\/media?parent=1800"}],"wp:term":[{"taxonomy":"pwb-brand","embeddable":true,"href":"https:\/\/tammetorubbq.ee\/fi\/wp-json\/wp\/v2\/pwb-brand?post=1800"},{"taxonomy":"product_brand","embeddable":true,"href":"https:\/\/tammetorubbq.ee\/fi\/wp-json\/wp\/v2\/product_brand?post=1800"},{"taxonomy":"product_cat","embeddable":true,"href":"https:\/\/tammetorubbq.ee\/fi\/wp-json\/wp\/v2\/product_cat?post=1800"},{"taxonomy":"product_tag","embeddable":true,"href":"https:\/\/tammetorubbq.ee\/fi\/wp-json\/wp\/v2\/product_tag?post=1800"}],"curies":[{"name":"wp","href":"https:\/\/api.w.org\/{rel}","templated":true}]}}