{"id":1825,"date":"2024-07-03T14:54:06","date_gmt":"2024-07-03T11:54:06","guid":{"rendered":"https:\/\/tammetorubbq.ee\/?post_type=product&#038;p=1825"},"modified":"2026-04-16T21:00:22","modified_gmt":"2026-04-16T18:00:22","slug":"kosmos-q-valkosipuli-jalapeno-rub-429g","status":"publish","type":"product","link":"https:\/\/tammetorubbq.ee\/fi\/product-2\/kosmos-q-valkosipuli-jalapeno-rub-429g\/","title":{"rendered":"Kosmo's Q Garlic Jalapeno Rub 429g"},"content":{"rendered":"<p>Ainesosat: suola, sokeri, mausteet, natriumglutamaatti, dehydratoitu valkosipuli, puhdistettu soija\u00f6ljy, luontaiset mausteet ja alle 2% piidioksidia paakkuuntumisen est\u00e4miseksi.<\/p>","protected":false},"excerpt":{"rendered":"<p><span style=\"color: #0000ff;\"><strong>PARAS VALKOSIPULI-JALAPENO RUB<\/strong><\/span><\/p>\n<p>Kosmo's Q Garlic Jalapeno on ainutlaatuinen valkosipuli- ja jalapeno-rub, josta tulee nopeasti suosikkisi, jos haluat rohkean maun ja mukavan mausteisuuden.<\/p>\n<p class=\"\" data-start=\"290\" data-end=\"514\">Se sopii erinomaisesti kanan, sian- ja naudanlihan kanssa, mutta se antaa j\u00e4nnitt\u00e4v\u00e4\u00e4 makua my\u00f6s vihanneksille, frittatoille tai jopa aamiaiselle. Rubia voidaan k\u00e4ytt\u00e4\u00e4 kuivamarinadina, kastikkeissa tai maustekastikkeiden ainesosana.<\/p>\n<p class=\"\" data-start=\"516\" data-end=\"647\">Monipuolisuutensa ansiosta t\u00e4m\u00e4 rub on t\u00e4ydellinen lis\u00e4 kaikille grillimestareille, jotka arvostavat sek\u00e4 tuttuja ett\u00e4 yll\u00e4tt\u00e4vi\u00e4 makuja.<\/p>\n<p>&nbsp;<\/p>\n<p><img loading=\"lazy\" decoding=\"async\" class=\"wp-image-1698\" src=\"http:\/\/tammetorubbq.ee\/wp-content\/uploads\/2024\/05\/Kosmos-Q-logo.avif\" alt=\"Kosmon Q\" width=\"142\" height=\"107\" srcset=\"https:\/\/tammetorubbq.ee\/wp-content\/uploads\/2024\/05\/Kosmos-Q-logo.avif 258w, https:\/\/tammetorubbq.ee\/wp-content\/uploads\/2024\/05\/Kosmos-Q-logo-16x12.avif 16w, https:\/\/tammetorubbq.ee\/wp-content\/uploads\/2024\/05\/Kosmos-Q-logo-64x48.avif 64w\" sizes=\"auto, (max-width: 142px) 100vw, 142px\" \/><\/p>","protected":false},"featured_media":1826,"comment_status":"open","ping_status":"closed","template":"","meta":{"_uf_show_specific_survey":0,"_uf_disable_surveys":false},"pwb-brand":[81],"product_brand":[],"product_cat":[21],"product_tag":[118,159,121,114,122,119,165],"class_list":{"0":"post-1825","1":"product","2":"type-product","3":"status-publish","4":"has-post-thumbnail","6":"pwb-brand-kosmos-q","7":"product_cat-maitseainesegud","8":"product_tag-kanaliha","9":"product_tag-kanatiivad","10":"product_tag-koogiviljad","11":"product_tag-sealiha","12":"product_tag-searibi","13":"product_tag-veiseliha","14":"product_tag-veiseribi","16":"first","17":"instock","18":"taxable","19":"shipping-taxable","20":"purchasable","21":"product-type-simple"},"brands":[{"id":81,"name":"Kosmon Q","slug":"kosmos-q"}],"_links":{"self":[{"href":"https:\/\/tammetorubbq.ee\/fi\/wp-json\/wp\/v2\/product\/1825","targetHints":{"allow":["GET"]}}],"collection":[{"href":"https:\/\/tammetorubbq.ee\/fi\/wp-json\/wp\/v2\/product"}],"about":[{"href":"https:\/\/tammetorubbq.ee\/fi\/wp-json\/wp\/v2\/types\/product"}],"replies":[{"embeddable":true,"href":"https:\/\/tammetorubbq.ee\/fi\/wp-json\/wp\/v2\/comments?post=1825"}],"wp:featuredmedia":[{"embeddable":true,"href":"https:\/\/tammetorubbq.ee\/fi\/wp-json\/wp\/v2\/media\/1826"}],"wp:attachment":[{"href":"https:\/\/tammetorubbq.ee\/fi\/wp-json\/wp\/v2\/media?parent=1825"}],"wp:term":[{"taxonomy":"pwb-brand","embeddable":true,"href":"https:\/\/tammetorubbq.ee\/fi\/wp-json\/wp\/v2\/pwb-brand?post=1825"},{"taxonomy":"product_brand","embeddable":true,"href":"https:\/\/tammetorubbq.ee\/fi\/wp-json\/wp\/v2\/product_brand?post=1825"},{"taxonomy":"product_cat","embeddable":true,"href":"https:\/\/tammetorubbq.ee\/fi\/wp-json\/wp\/v2\/product_cat?post=1825"},{"taxonomy":"product_tag","embeddable":true,"href":"https:\/\/tammetorubbq.ee\/fi\/wp-json\/wp\/v2\/product_tag?post=1825"}],"curies":[{"name":"wp","href":"https:\/\/api.w.org\/{rel}","templated":true}]}}