{"id":1854,"date":"2024-07-29T18:09:35","date_gmt":"2024-07-29T15:09:35","guid":{"rendered":"https:\/\/tammetorubbq.ee\/?post_type=product&#038;p=1854"},"modified":"2026-04-15T04:00:01","modified_gmt":"2026-04-15T01:00:01","slug":"slaps-perfect-blend-rub-164g","status":"publish","type":"product","link":"https:\/\/tammetorubbq.ee\/fi\/product-2\/slaps-perfect-blend-rub-164g\/","title":{"rendered":"Slap`s Perfect Blend Rub 164g"},"content":{"rendered":"<p>Ainesosat: suola, sokeri, ruskea sokeri, chili, paprika, Worchestershire-kastike, sipuli, valkosipuli, paprika, sellerin siemenet, mausteet.<\/p>","protected":false},"excerpt":{"rendered":"<p>Slaps BBQ:n perustaja Joe Pearce aloitti BBQ-kilpailut jo nuorena, ja laajan kokemuksensa ansiosta nyky\u00e4\u00e4n kukaan ei ole kiinnostunut kilpailemaan h\u00e4nt\u00e4 vastaan, varsinkaan brisket-luokassa. Juuri t\u00e4ss\u00e4 kategoriassa Joe Pearce on saavuttanut lukemattomia t\u00e4ydellisi\u00e4 pisteit\u00e4 ja luonut \"Perfect Blend\" -mausteseoksen, jota h\u00e4n k\u00e4ytt\u00e4\u00e4 kilpailuissa.<\/p>\n<p>Perfect Blend on suolaisen, makean ja mausteisen sekoitus, joka sopii kaikkeen.<\/p>\n<p>Erinomainen naudanlihan, sianlihan, siipikarjan ja merenel\u00e4vien kanssa.<\/p>\n<p>&nbsp;<\/p>\n<p><img loading=\"lazy\" decoding=\"async\" class=\"wp-image-1700\" src=\"http:\/\/tammetorubbq.ee\/wp-content\/uploads\/2024\/05\/Logo-300x186.png\" alt=\"Slap&#039;s BBQ:n logo\" width=\"166\" height=\"103\" srcset=\"https:\/\/tammetorubbq.ee\/wp-content\/uploads\/2024\/05\/Logo-300x186.png 300w, https:\/\/tammetorubbq.ee\/wp-content\/uploads\/2024\/05\/Logo-18x12.png 18w, https:\/\/tammetorubbq.ee\/wp-content\/uploads\/2024\/05\/Logo-64x40.png 64w, https:\/\/tammetorubbq.ee\/wp-content\/uploads\/2024\/05\/Logo.png 512w\" sizes=\"auto, (max-width: 166px) 100vw, 166px\" \/><\/p>","protected":false},"featured_media":1855,"comment_status":"open","ping_status":"closed","template":"","meta":{"_uf_show_specific_survey":0,"_uf_disable_surveys":false},"pwb-brand":[94],"product_brand":[],"product_cat":[21],"product_tag":[],"class_list":{"0":"post-1854","1":"product","2":"type-product","3":"status-publish","4":"has-post-thumbnail","6":"pwb-brand-slaps-bbq","7":"product_cat-maitseainesegud","9":"first","10":"outofstock","11":"taxable","12":"shipping-taxable","13":"purchasable","14":"product-type-simple"},"brands":[{"id":94,"name":"Slap's BBQ","slug":"slaps-bbq"}],"_links":{"self":[{"href":"https:\/\/tammetorubbq.ee\/fi\/wp-json\/wp\/v2\/product\/1854","targetHints":{"allow":["GET"]}}],"collection":[{"href":"https:\/\/tammetorubbq.ee\/fi\/wp-json\/wp\/v2\/product"}],"about":[{"href":"https:\/\/tammetorubbq.ee\/fi\/wp-json\/wp\/v2\/types\/product"}],"replies":[{"embeddable":true,"href":"https:\/\/tammetorubbq.ee\/fi\/wp-json\/wp\/v2\/comments?post=1854"}],"wp:featuredmedia":[{"embeddable":true,"href":"https:\/\/tammetorubbq.ee\/fi\/wp-json\/wp\/v2\/media\/1855"}],"wp:attachment":[{"href":"https:\/\/tammetorubbq.ee\/fi\/wp-json\/wp\/v2\/media?parent=1854"}],"wp:term":[{"taxonomy":"pwb-brand","embeddable":true,"href":"https:\/\/tammetorubbq.ee\/fi\/wp-json\/wp\/v2\/pwb-brand?post=1854"},{"taxonomy":"product_brand","embeddable":true,"href":"https:\/\/tammetorubbq.ee\/fi\/wp-json\/wp\/v2\/product_brand?post=1854"},{"taxonomy":"product_cat","embeddable":true,"href":"https:\/\/tammetorubbq.ee\/fi\/wp-json\/wp\/v2\/product_cat?post=1854"},{"taxonomy":"product_tag","embeddable":true,"href":"https:\/\/tammetorubbq.ee\/fi\/wp-json\/wp\/v2\/product_tag?post=1854"}],"curies":[{"name":"wp","href":"https:\/\/api.w.org\/{rel}","templated":true}]}}