{"id":1856,"date":"2024-07-29T18:41:30","date_gmt":"2024-07-29T15:41:30","guid":{"rendered":"https:\/\/tammetorubbq.ee\/?post_type=product&#038;p=1856"},"modified":"2026-04-15T03:00:12","modified_gmt":"2026-04-15T00:00:12","slug":"pitmaster-x-texas-rub-240g","status":"publish","type":"product","link":"https:\/\/tammetorubbq.ee\/fi\/product-2\/pitmaster-x-texas-rub-240g\/","title":{"rendered":"Pitmaster X Texas Rub 240g"},"content":{"rendered":"<p>Ainesosat: ranskalainen merisuola, karkea mustapippuri, kuivatut sipulirakeet, kuivatut valkosipulirakeet.<\/p>","protected":false},"excerpt":{"rendered":"<p>Pitmaster X Texas rub on melkein SPG, mutta hieman enemm\u00e4n - siin\u00e4 on my\u00f6s sipulipellettej\u00e4.<\/p>\n<p>T\u00e4ydellinen teksasilaiselle ribille.<\/p>\n<p><img loading=\"lazy\" decoding=\"async\" class=\"wp-image-1857\" src=\"http:\/\/tammetorubbq.ee\/wp-content\/uploads\/2024\/07\/PITMASTERX-300x296.webp\" alt=\"Pitmaster X \" width=\"166\" height=\"164\" srcset=\"https:\/\/tammetorubbq.ee\/wp-content\/uploads\/2024\/07\/PITMASTERX-300x296.webp 300w, https:\/\/tammetorubbq.ee\/wp-content\/uploads\/2024\/07\/PITMASTERX-12x12.webp 12w, https:\/\/tammetorubbq.ee\/wp-content\/uploads\/2024\/07\/PITMASTERX-64x63.webp 64w, https:\/\/tammetorubbq.ee\/wp-content\/uploads\/2024\/07\/PITMASTERX.webp 600w\" sizes=\"auto, (max-width: 166px) 100vw, 166px\" \/><\/p>","protected":false},"featured_media":1859,"comment_status":"open","ping_status":"closed","template":"","meta":{"_uf_show_specific_survey":0,"_uf_disable_surveys":false},"pwb-brand":[97],"product_brand":[],"product_cat":[21],"product_tag":[],"class_list":{"0":"post-1856","1":"product","2":"type-product","3":"status-publish","4":"has-post-thumbnail","6":"pwb-brand-pitmaster-x","7":"product_cat-maitseainesegud","9":"first","10":"outofstock","11":"taxable","12":"shipping-taxable","13":"purchasable","14":"product-type-simple"},"brands":[{"id":97,"name":"Pitmaster X","slug":"pitmaster-x"}],"_links":{"self":[{"href":"https:\/\/tammetorubbq.ee\/fi\/wp-json\/wp\/v2\/product\/1856","targetHints":{"allow":["GET"]}}],"collection":[{"href":"https:\/\/tammetorubbq.ee\/fi\/wp-json\/wp\/v2\/product"}],"about":[{"href":"https:\/\/tammetorubbq.ee\/fi\/wp-json\/wp\/v2\/types\/product"}],"replies":[{"embeddable":true,"href":"https:\/\/tammetorubbq.ee\/fi\/wp-json\/wp\/v2\/comments?post=1856"}],"wp:featuredmedia":[{"embeddable":true,"href":"https:\/\/tammetorubbq.ee\/fi\/wp-json\/wp\/v2\/media\/1859"}],"wp:attachment":[{"href":"https:\/\/tammetorubbq.ee\/fi\/wp-json\/wp\/v2\/media?parent=1856"}],"wp:term":[{"taxonomy":"pwb-brand","embeddable":true,"href":"https:\/\/tammetorubbq.ee\/fi\/wp-json\/wp\/v2\/pwb-brand?post=1856"},{"taxonomy":"product_brand","embeddable":true,"href":"https:\/\/tammetorubbq.ee\/fi\/wp-json\/wp\/v2\/product_brand?post=1856"},{"taxonomy":"product_cat","embeddable":true,"href":"https:\/\/tammetorubbq.ee\/fi\/wp-json\/wp\/v2\/product_cat?post=1856"},{"taxonomy":"product_tag","embeddable":true,"href":"https:\/\/tammetorubbq.ee\/fi\/wp-json\/wp\/v2\/product_tag?post=1856"}],"curies":[{"name":"wp","href":"https:\/\/api.w.org\/{rel}","templated":true}]}}