{"id":1888,"date":"2024-07-29T20:42:11","date_gmt":"2024-07-29T17:42:11","guid":{"rendered":"https:\/\/tammetorubbq.ee\/?post_type=product&#038;p=1888"},"modified":"2026-04-20T01:01:15","modified_gmt":"2026-04-19T22:01:15","slug":"lootn-booty-kirsikka-chipotle-bbq-kastike-545g","status":"publish","type":"product","link":"https:\/\/tammetorubbq.ee\/fi\/product-2\/lootn-booty-kirsikka-chipotle-bbq-kastike-545g\/","title":{"rendered":"Loot'n Booty Cherry Chipotle BBQ-kastike 545g"},"content":{"rendered":"<p>Ainesosat: (tislattu etikka, melassi, maissisiirappi, vesi, suola, suola, etikka), suola, Worcestershire-kastike ((tislattu etikka, melassi, maissisiirappi, vesi, suola, karamelliv\u00e4ri, valkosipulijauhe, sokeri, mausteet, sellerin siemenet, tamarindiuute, luontainen aromi), luontainen savuaromi, valkosipuli, kirsikkamehutiiviste, luontaiset aromit, sinappijauho, mausteet, mukaan lukien chipotlepippuri, sipuli.<\/p>","protected":false},"excerpt":{"rendered":"<p>Kuten nimest\u00e4 voi p\u00e4\u00e4tell\u00e4, se on hedelm\u00e4inen ja keskivahvan mausteinen kastike. Siin\u00e4 on mukavan kirsikkainen ja luonnollinen maku, ja loppupuolella chipotle-pippurin mausteisuus p\u00e4\u00e4see oikeuksiinsa.<\/p>\n<p><strong>Kirsikat ja sika ovat 100%. Kylkiluut, revitty liha jne.\u00a0<\/strong><\/p>\n<p><img loading=\"lazy\" decoding=\"async\" class=\"wp-image-1862\" src=\"http:\/\/tammetorubbq.ee\/wp-content\/uploads\/2024\/07\/Loot-n-Booty-logo.png\" alt=\"Loot-n-Booty-logo\" width=\"170\" height=\"170\" srcset=\"https:\/\/tammetorubbq.ee\/wp-content\/uploads\/2024\/07\/Loot-n-Booty-logo.png 300w, https:\/\/tammetorubbq.ee\/wp-content\/uploads\/2024\/07\/Loot-n-Booty-logo-150x150.png 150w, https:\/\/tammetorubbq.ee\/wp-content\/uploads\/2024\/07\/Loot-n-Booty-logo-12x12.png 12w, https:\/\/tammetorubbq.ee\/wp-content\/uploads\/2024\/07\/Loot-n-Booty-logo-64x64.png 64w\" sizes=\"auto, (max-width: 170px) 100vw, 170px\" \/><\/p>","protected":false},"featured_media":1889,"comment_status":"open","ping_status":"closed","template":"","meta":{"_uf_show_specific_survey":0,"_uf_disable_surveys":false},"pwb-brand":[98],"product_brand":[],"product_cat":[22],"product_tag":[],"class_list":{"0":"post-1888","1":"product","2":"type-product","3":"status-publish","4":"has-post-thumbnail","6":"pwb-brand-loot-n-booty-bbq","7":"product_cat-kastmed-ja-marinaadid","9":"first","10":"instock","11":"taxable","12":"shipping-taxable","13":"purchasable","14":"product-type-simple"},"brands":[{"id":98,"name":"Loot N' Booty BBQ","slug":"loot-n-booty-bbq"}],"_links":{"self":[{"href":"https:\/\/tammetorubbq.ee\/fi\/wp-json\/wp\/v2\/product\/1888","targetHints":{"allow":["GET"]}}],"collection":[{"href":"https:\/\/tammetorubbq.ee\/fi\/wp-json\/wp\/v2\/product"}],"about":[{"href":"https:\/\/tammetorubbq.ee\/fi\/wp-json\/wp\/v2\/types\/product"}],"replies":[{"embeddable":true,"href":"https:\/\/tammetorubbq.ee\/fi\/wp-json\/wp\/v2\/comments?post=1888"}],"wp:featuredmedia":[{"embeddable":true,"href":"https:\/\/tammetorubbq.ee\/fi\/wp-json\/wp\/v2\/media\/1889"}],"wp:attachment":[{"href":"https:\/\/tammetorubbq.ee\/fi\/wp-json\/wp\/v2\/media?parent=1888"}],"wp:term":[{"taxonomy":"pwb-brand","embeddable":true,"href":"https:\/\/tammetorubbq.ee\/fi\/wp-json\/wp\/v2\/pwb-brand?post=1888"},{"taxonomy":"product_brand","embeddable":true,"href":"https:\/\/tammetorubbq.ee\/fi\/wp-json\/wp\/v2\/product_brand?post=1888"},{"taxonomy":"product_cat","embeddable":true,"href":"https:\/\/tammetorubbq.ee\/fi\/wp-json\/wp\/v2\/product_cat?post=1888"},{"taxonomy":"product_tag","embeddable":true,"href":"https:\/\/tammetorubbq.ee\/fi\/wp-json\/wp\/v2\/product_tag?post=1888"}],"curies":[{"name":"wp","href":"https:\/\/api.w.org\/{rel}","templated":true}]}}