{"id":1902,"date":"2024-08-13T14:19:44","date_gmt":"2024-08-13T11:19:44","guid":{"rendered":"https:\/\/tammetorubbq.ee\/?post_type=product&#038;p=1902"},"modified":"2026-04-19T21:00:35","modified_gmt":"2026-04-19T18:00:35","slug":"kosmos-q-vadelma-chipotle-bbq-kastike-468g","status":"publish","type":"product","link":"https:\/\/tammetorubbq.ee\/fi\/product-2\/kosmos-q-vadelma-chipotle-bbq-kastike-468g\/","title":{"rendered":"Kosmo's Q Raspberry Chipotle BBQ-kastike 468g"},"content":{"rendered":"<p><strong>Ainesosat:<\/strong> ruokosokeri, vesi, tomaattipyree, vadelmat, tislattu valkoviinietikka, suola, paprika, melassi, tamarinditiiviste, karamelliv\u00e4ri, valkosipulijauhe, sipulijauhe, mausteet, luonnollinen vadelma-aromi.<\/p>","protected":false},"excerpt":{"rendered":"<p>Raspberry Chipotle on Kosmo's Q:n uusin BBQ-kastike.<\/p>\n<p><span style=\"color: #0000ff;\"><strong>Siit\u00e4 tulee varmasti uusi suosikkisi - makea ja mausteinen!<\/strong><\/span><\/p>\n<p>Kolme erilaista vadelmasekoitusta ja juuri oikea m\u00e4\u00e4r\u00e4 chipotle-pippuria - se on todella t\u00e4ydellinen yhdistelm\u00e4 kaikille lihan yst\u00e4ville.<\/p>\n<p><img loading=\"lazy\" decoding=\"async\" class=\"wp-image-1698\" src=\"http:\/\/tammetorubbq.ee\/wp-content\/uploads\/2024\/05\/Kosmos-Q-logo.avif\" alt=\"Kosmon Q\" width=\"144\" height=\"108\" srcset=\"https:\/\/tammetorubbq.ee\/wp-content\/uploads\/2024\/05\/Kosmos-Q-logo.avif 258w, https:\/\/tammetorubbq.ee\/wp-content\/uploads\/2024\/05\/Kosmos-Q-logo-16x12.avif 16w, https:\/\/tammetorubbq.ee\/wp-content\/uploads\/2024\/05\/Kosmos-Q-logo-64x48.avif 64w\" sizes=\"auto, (max-width: 144px) 100vw, 144px\" \/><\/p>","protected":false},"featured_media":1903,"comment_status":"open","ping_status":"closed","template":"","meta":{"_uf_show_specific_survey":0,"_uf_disable_surveys":false},"pwb-brand":[81],"product_brand":[],"product_cat":[22],"product_tag":[],"class_list":{"0":"post-1902","1":"product","2":"type-product","3":"status-publish","4":"has-post-thumbnail","6":"pwb-brand-kosmos-q","7":"product_cat-kastmed-ja-marinaadid","9":"first","10":"instock","11":"taxable","12":"shipping-taxable","13":"purchasable","14":"product-type-simple"},"brands":[{"id":81,"name":"Kosmon Q","slug":"kosmos-q"}],"_links":{"self":[{"href":"https:\/\/tammetorubbq.ee\/fi\/wp-json\/wp\/v2\/product\/1902","targetHints":{"allow":["GET"]}}],"collection":[{"href":"https:\/\/tammetorubbq.ee\/fi\/wp-json\/wp\/v2\/product"}],"about":[{"href":"https:\/\/tammetorubbq.ee\/fi\/wp-json\/wp\/v2\/types\/product"}],"replies":[{"embeddable":true,"href":"https:\/\/tammetorubbq.ee\/fi\/wp-json\/wp\/v2\/comments?post=1902"}],"wp:featuredmedia":[{"embeddable":true,"href":"https:\/\/tammetorubbq.ee\/fi\/wp-json\/wp\/v2\/media\/1903"}],"wp:attachment":[{"href":"https:\/\/tammetorubbq.ee\/fi\/wp-json\/wp\/v2\/media?parent=1902"}],"wp:term":[{"taxonomy":"pwb-brand","embeddable":true,"href":"https:\/\/tammetorubbq.ee\/fi\/wp-json\/wp\/v2\/pwb-brand?post=1902"},{"taxonomy":"product_brand","embeddable":true,"href":"https:\/\/tammetorubbq.ee\/fi\/wp-json\/wp\/v2\/product_brand?post=1902"},{"taxonomy":"product_cat","embeddable":true,"href":"https:\/\/tammetorubbq.ee\/fi\/wp-json\/wp\/v2\/product_cat?post=1902"},{"taxonomy":"product_tag","embeddable":true,"href":"https:\/\/tammetorubbq.ee\/fi\/wp-json\/wp\/v2\/product_tag?post=1902"}],"curies":[{"name":"wp","href":"https:\/\/api.w.org\/{rel}","templated":true}]}}