{"id":1921,"date":"2024-09-03T14:26:48","date_gmt":"2024-09-03T11:26:48","guid":{"rendered":"https:\/\/tammetorubbq.ee\/?post_type=product&#038;p=1921"},"modified":"2026-04-15T03:00:03","modified_gmt":"2026-04-15T00:00:03","slug":"richard-fergola-bbq-honey-habanero-rub-312g","status":"publish","type":"product","link":"https:\/\/tammetorubbq.ee\/fi\/product-2\/richard-fergola-bbq-honey-habanero-rub-312g\/","title":{"rendered":"Richard Fergola BBQ Honey Habanero Rub 312g"},"content":{"rendered":"<p><strong>Ainesosat<\/strong>: sokeri, suola, mausteet, mukaan lukien habanero chilipippuri, kuivattu valkosipuli ja sipuli, paprika, sokeri- ja hunajajauhe (ruokosokeri, hunaja), paprikauutteet (v\u00e4ri), dinatriuminosinaatti ja dinatriumguanylaatti, luonnollinen savuaromi ja enint\u00e4\u00e4n 2% trikalsiumfosfaattia paakkuuntumisen est\u00e4miseksi.<\/p>\n<p>Gluteeniton ja MSG-VABA.<\/p>","protected":false},"excerpt":{"rendered":"<p><strong>Richard Fergola - mies, josta on tullut todellinen laadun ja tiet\u00e4myksen symboli BBQ-yhteis\u00f6ss\u00e4.<\/strong><\/p>\n<p data-start=\"88\" data-end=\"266\">Makea, mausteinen ja uskomattoman maukas - sen on luonut maailmanmestari Richard Fergola. <strong data-start=\"243\" data-end=\"265\">Hunaja Habanero Rub<\/strong>.<\/p>\n<p data-start=\"268\" data-end=\"457\">T\u00e4ss\u00e4 hieronnassa yhdistyv\u00e4t t\u00e4ydellisesti luonnonhunajan makeus ja habanero chilin mausteisuus, ja se tarjoaa tasapainoisen kokemuksen, joka sopii erinomaisesti kanalle, sianlihalle, ribseille ja jopa vihanneksille.<\/p>\n<p data-start=\"459\" data-end=\"614\">Tuloksena on kullanruskea ja kevyesti karamellisoitunut kuori, joka antaa jokaiselle paistille todellisen BBQ-kuninkaan arvoisen lopputuloksen sek\u00e4 ulkon\u00e4\u00f6lt\u00e4\u00e4n ett\u00e4 maultaan.<\/p>\n<p data-start=\"616\" data-end=\"738\">\u2714\ufe0fMagus &amp; mausteinen<br data-start=\"635\" data-end=\"638\" \/>\u2714\ufe0fLoodud Richard Fergola, BBQ-kilpailun mestari.<br data-start=\"688\" data-end=\"691\" \/>\u2714\ufe0fT\u00e4iuslik kana- ja sianlihahieronta<br data-start=\"721\" data-end=\"724\" \/>\u2714\ufe0fGluteenivaba<\/p>\n<p data-start=\"740\" data-end=\"827\"><strong data-start=\"740\" data-end=\"752\">\ud83d\udca1Pro vinkki:<\/strong> Kokeile sit\u00e4 popcornin tai paahdettujen p\u00e4hkin\u00f6iden p\u00e4\u00e4ll\u00e4 - yll\u00e4tt\u00e4v\u00e4n koukuttavaa!<\/p>\n<p><strong><span style=\"color: #000000;\">\ud83d\udc4c 10\/10 porsaankyljyksille, kyljyspaistille ja kanalle.\u00a0<\/span><\/strong><\/p>\n<p>&nbsp;<\/p>\n<p><img loading=\"lazy\" decoding=\"async\" class=\"wp-image-2007\" src=\"http:\/\/tammetorubbq.ee\/wp-content\/uploads\/2024\/11\/Richardfergolabbq-298x300.jpg\" alt=\"Richardfergolabbq\" width=\"193\" height=\"194\" srcset=\"https:\/\/tammetorubbq.ee\/wp-content\/uploads\/2024\/11\/Richardfergolabbq-298x300.jpg 298w, https:\/\/tammetorubbq.ee\/wp-content\/uploads\/2024\/11\/Richardfergolabbq-150x150.jpg 150w, https:\/\/tammetorubbq.ee\/wp-content\/uploads\/2024\/11\/Richardfergolabbq-768x774.jpg 768w, https:\/\/tammetorubbq.ee\/wp-content\/uploads\/2024\/11\/Richardfergolabbq-12x12.jpg 12w, https:\/\/tammetorubbq.ee\/wp-content\/uploads\/2024\/11\/Richardfergolabbq-300x300.jpg 300w, https:\/\/tammetorubbq.ee\/wp-content\/uploads\/2024\/11\/Richardfergolabbq-600x605.jpg 600w, https:\/\/tammetorubbq.ee\/wp-content\/uploads\/2024\/11\/Richardfergolabbq-64x65.jpg 64w, https:\/\/tammetorubbq.ee\/wp-content\/uploads\/2024\/11\/Richardfergolabbq.jpg 952w\" sizes=\"auto, (max-width: 193px) 100vw, 193px\" \/><\/p>","protected":false},"featured_media":2001,"comment_status":"open","ping_status":"closed","template":"","meta":{"_uf_show_specific_survey":0,"_uf_disable_surveys":false},"pwb-brand":[82],"product_brand":[],"product_cat":[21],"product_tag":[],"class_list":{"0":"post-1921","1":"product","2":"type-product","3":"status-publish","4":"has-post-thumbnail","6":"pwb-brand-fergolicious","7":"product_cat-maitseainesegud","9":"first","10":"outofstock","11":"taxable","12":"shipping-taxable","13":"purchasable","14":"product-type-simple"},"brands":[{"id":82,"name":"Fergolicious","slug":"fergolicious"}],"_links":{"self":[{"href":"https:\/\/tammetorubbq.ee\/fi\/wp-json\/wp\/v2\/product\/1921","targetHints":{"allow":["GET"]}}],"collection":[{"href":"https:\/\/tammetorubbq.ee\/fi\/wp-json\/wp\/v2\/product"}],"about":[{"href":"https:\/\/tammetorubbq.ee\/fi\/wp-json\/wp\/v2\/types\/product"}],"replies":[{"embeddable":true,"href":"https:\/\/tammetorubbq.ee\/fi\/wp-json\/wp\/v2\/comments?post=1921"}],"wp:featuredmedia":[{"embeddable":true,"href":"https:\/\/tammetorubbq.ee\/fi\/wp-json\/wp\/v2\/media\/2001"}],"wp:attachment":[{"href":"https:\/\/tammetorubbq.ee\/fi\/wp-json\/wp\/v2\/media?parent=1921"}],"wp:term":[{"taxonomy":"pwb-brand","embeddable":true,"href":"https:\/\/tammetorubbq.ee\/fi\/wp-json\/wp\/v2\/pwb-brand?post=1921"},{"taxonomy":"product_brand","embeddable":true,"href":"https:\/\/tammetorubbq.ee\/fi\/wp-json\/wp\/v2\/product_brand?post=1921"},{"taxonomy":"product_cat","embeddable":true,"href":"https:\/\/tammetorubbq.ee\/fi\/wp-json\/wp\/v2\/product_cat?post=1921"},{"taxonomy":"product_tag","embeddable":true,"href":"https:\/\/tammetorubbq.ee\/fi\/wp-json\/wp\/v2\/product_tag?post=1921"}],"curies":[{"name":"wp","href":"https:\/\/api.w.org\/{rel}","templated":true}]}}