{"id":1924,"date":"2024-09-04T17:38:54","date_gmt":"2024-09-04T14:38:54","guid":{"rendered":"https:\/\/tammetorubbq.ee\/?post_type=product&#038;p=1924"},"modified":"2026-04-19T18:00:35","modified_gmt":"2026-04-19T15:00:35","slug":"poppamies-naga-jolokian-korianterikastikkeessa-150ml","status":"publish","type":"product","link":"https:\/\/tammetorubbq.ee\/fi\/product-2\/poppamies-naga-jolokian-korianterikastikkeessa-150ml\/","title":{"rendered":"Poppamies Naga In Jolokia chilikastike 150ml"},"content":{"rendered":"<p><strong>Ainesosat:<\/strong> vesi, naga jolokia (28,8%), habanero, suola, sokerietikka, sakeuttamisaine (ksantaanikumi), happamuudens\u00e4\u00e4t\u00f6aine (etikkahappo), valkosipuli.<\/p>\n<p>Koko: 150 ml<br \/>\nMausteisuus: 8\/10<\/p>\n<p>Gluteeniton, laktoositon ja vegaaniyst\u00e4v\u00e4llinen.<\/p>","protected":false},"excerpt":{"rendered":"<p>Naga Jolokia tunnetaan yhten\u00e4 maailman tulisimmista chiliversioista.<\/p>\n<p>Kastike on kuitenkin tarkoituksella sekoitettu mahdollisimman pehme\u00e4ksi, jotta my\u00f6s ne, jotka eiv\u00e4t v\u00e4lit\u00e4 \u00e4\u00e4rimm\u00e4isest\u00e4 chilist\u00e4, voivat nauttia sen mausta.<\/p>\n<p>Kastike on kuitenkin 20 kertaa tulisempi kuin perinteinen Tabasco, joten mausteisuus on tallella.<\/p>\n<p>Yksi Naga Jolokian ominaispiirteist\u00e4 on hitaasti nouseva mausteisuus, joka voi kest\u00e4\u00e4 minuutteja.<\/p>\n<p><span style=\"color: #0000ff;\"><strong>Se on oikea tapa nauttia jolokian upeasta ja ainutlaatuisesta mausta!<\/strong><\/span><\/p>\n<p><img loading=\"lazy\" decoding=\"async\" class=\"alignnone wp-image-281\" src=\"http:\/\/tammetorubbq.ee\/wp-content\/uploads\/2023\/11\/Kauppakarnevaali-logo-poppamies-transparent-300x153.webp\" alt=\"\" width=\"165\" height=\"84\" srcset=\"https:\/\/tammetorubbq.ee\/wp-content\/uploads\/2023\/11\/Kauppakarnevaali-logo-poppamies-transparent-300x153.webp 300w, https:\/\/tammetorubbq.ee\/wp-content\/uploads\/2023\/11\/Kauppakarnevaali-logo-poppamies-transparent-768x393.webp 768w, https:\/\/tammetorubbq.ee\/wp-content\/uploads\/2023\/11\/Kauppakarnevaali-logo-poppamies-transparent-18x9.webp 18w, https:\/\/tammetorubbq.ee\/wp-content\/uploads\/2023\/11\/Kauppakarnevaali-logo-poppamies-transparent-600x307.webp 600w, https:\/\/tammetorubbq.ee\/wp-content\/uploads\/2023\/11\/Kauppakarnevaali-logo-poppamies-transparent-64x33.webp 64w, https:\/\/tammetorubbq.ee\/wp-content\/uploads\/2023\/11\/Kauppakarnevaali-logo-poppamies-transparent.webp 900w\" sizes=\"auto, (max-width: 165px) 100vw, 165px\" \/><\/p>","protected":false},"featured_media":1926,"comment_status":"open","ping_status":"closed","template":"","meta":{"_uf_show_specific_survey":0,"_uf_disable_surveys":false},"pwb-brand":[],"product_brand":[],"product_cat":[22],"product_tag":[],"class_list":{"0":"post-1924","1":"product","2":"type-product","3":"status-publish","4":"has-post-thumbnail","6":"product_cat-kastmed-ja-marinaadid","8":"first","9":"outofstock","10":"taxable","11":"shipping-taxable","12":"purchasable","13":"product-type-simple"},"brands":[],"_links":{"self":[{"href":"https:\/\/tammetorubbq.ee\/fi\/wp-json\/wp\/v2\/product\/1924","targetHints":{"allow":["GET"]}}],"collection":[{"href":"https:\/\/tammetorubbq.ee\/fi\/wp-json\/wp\/v2\/product"}],"about":[{"href":"https:\/\/tammetorubbq.ee\/fi\/wp-json\/wp\/v2\/types\/product"}],"replies":[{"embeddable":true,"href":"https:\/\/tammetorubbq.ee\/fi\/wp-json\/wp\/v2\/comments?post=1924"}],"wp:featuredmedia":[{"embeddable":true,"href":"https:\/\/tammetorubbq.ee\/fi\/wp-json\/wp\/v2\/media\/1926"}],"wp:attachment":[{"href":"https:\/\/tammetorubbq.ee\/fi\/wp-json\/wp\/v2\/media?parent=1924"}],"wp:term":[{"taxonomy":"pwb-brand","embeddable":true,"href":"https:\/\/tammetorubbq.ee\/fi\/wp-json\/wp\/v2\/pwb-brand?post=1924"},{"taxonomy":"product_brand","embeddable":true,"href":"https:\/\/tammetorubbq.ee\/fi\/wp-json\/wp\/v2\/product_brand?post=1924"},{"taxonomy":"product_cat","embeddable":true,"href":"https:\/\/tammetorubbq.ee\/fi\/wp-json\/wp\/v2\/product_cat?post=1924"},{"taxonomy":"product_tag","embeddable":true,"href":"https:\/\/tammetorubbq.ee\/fi\/wp-json\/wp\/v2\/product_tag?post=1924"}],"curies":[{"name":"wp","href":"https:\/\/api.w.org\/{rel}","templated":true}]}}