{"id":1951,"date":"2024-09-11T16:21:37","date_gmt":"2024-09-11T13:21:37","guid":{"rendered":"https:\/\/tammetorubbq.ee\/?post_type=product&#038;p=1951"},"modified":"2026-04-15T06:00:06","modified_gmt":"2026-04-15T03:00:06","slug":"naudanlihan-rintafilee-rintafilee-65kg-aus","status":"publish","type":"product","link":"https:\/\/tammetorubbq.ee\/fi\/product-2\/naudanlihan-rintafilee-rintafilee-65kg-aus\/","title":{"rendered":"Naudanrinta BRISKET ~6,5kg ABERDEEN BLACK (AUS)"},"content":{"rendered":"<p>Paino: ~6,5 kg<\/p>\n<p>J\u00e4\u00e4dytysmenetelm\u00e4: IVP -18\u00b0C.<\/p>\n<p>Toimittaja\/Merkki: Aberdeen Black<\/p>\n<p>Rotu: Tyypillisesti Black Angus tai vastaava korkealaatuinen lihakarja.<\/p>\n<p>Luokitus: yleens\u00e4 MB3+-MB5+ (marmorointi Australian asteikon mukaan).<\/p>\n<p>Alkuper\u00e4maa: Australia<\/p>\n<p>&nbsp;<\/p>\n<h3 data-start=\"1466\" data-end=\"1515\">\u2705 V<strong data-start=\"1472\" data-end=\"1515\">verrattuna Creekstoneen (Yhdysvallat):<\/strong><\/h3>\n<div class=\"_tableContainer_16hzy_1\">\n<div class=\"_tableWrapper_16hzy_14 group flex w-fit flex-col-reverse\" tabindex=\"-1\">\n<table class=\"w-fit min-w-(--thread-content-width)\" data-start=\"1516\" data-end=\"1907\">\n<thead data-start=\"1516\" data-end=\"1575\">\n<tr data-start=\"1516\" data-end=\"1575\">\n<th data-start=\"1516\" data-end=\"1526\" data-col-size=\"sm\">Vertailu<\/th>\n<th data-start=\"1526\" data-end=\"1549\" data-col-size=\"sm\">Aberdeen Black (AUS)<\/th>\n<th data-start=\"1549\" data-end=\"1575\" data-col-size=\"sm\">Creekstone Prime (Yhdysvallat)<\/th>\n<\/tr>\n<\/thead>\n<tbody data-start=\"1639\" data-end=\"1907\">\n<tr data-start=\"1639\" data-end=\"1698\">\n<td data-start=\"1639\" data-end=\"1657\" data-col-size=\"sm\">Marmorointi<\/td>\n<td data-start=\"1657\" data-end=\"1673\" data-col-size=\"sm\">Hyv\u00e4 (MB3+-5+)<\/td>\n<td data-start=\"1673\" data-end=\"1698\" data-col-size=\"sm\">Eritt\u00e4in hyv\u00e4 (USDA Prime)<\/td>\n<\/tr>\n<tr data-start=\"1699\" data-end=\"1726\">\n<td data-start=\"1699\" data-end=\"1706\" data-col-size=\"sm\">Hinta<\/td>\n<td data-start=\"1706\" data-end=\"1716\" data-col-size=\"sm\">Halvempi<\/td>\n<td data-start=\"1716\" data-end=\"1726\" data-col-size=\"sm\">Kalliimpi<\/td>\n<\/tr>\n<tr data-start=\"1727\" data-end=\"1785\">\n<td data-start=\"1727\" data-end=\"1736\" data-col-size=\"sm\">Maku<\/td>\n<td data-start=\"1736\" data-end=\"1766\" data-col-size=\"sm\">Hieman v\u00e4hemm\u00e4n rasvainen, puhtaampi<\/td>\n<td data-start=\"1766\" data-end=\"1785\" data-col-size=\"sm\">Syvempi, vois\u00e4vytteisempi<\/td>\n<\/tr>\n<tr data-start=\"1786\" data-end=\"1843\">\n<td data-start=\"1786\" data-end=\"1802\" data-col-size=\"sm\">Saatavilla osoitteessa<\/td>\n<td data-start=\"1802\" data-end=\"1824\" data-col-size=\"sm\">Todenn\u00e4k\u00f6isemmin varastossa<\/td>\n<td data-start=\"1824\" data-end=\"1843\" data-col-size=\"sm\">Tarvitsee tilauksen<\/td>\n<\/tr>\n<tr data-start=\"1844\" data-end=\"1907\">\n<td data-start=\"1844\" data-end=\"1860\" data-col-size=\"sm\">Sopii kenelle<\/td>\n<td data-start=\"1860\" data-end=\"1881\" data-col-size=\"sm\">Hobikokk, ateriapalvelu<\/td>\n<td data-start=\"1881\" data-end=\"1907\" data-col-size=\"sm\">Kilpailijat, ravintolat<\/td>\n<\/tr>\n<\/tbody>\n<\/table>\n<\/div>\n<\/div>","protected":false},"excerpt":{"rendered":"<p data-start=\"358\" data-end=\"667\">Tutustu todelliseen BBQ-klassikkoon! Aberdeen Black Brisket on korkealaatuista australialaista naudanlihaa, joka sopii erinomaisesti hitaaseen kypsent\u00e4miseen, savustamiseen ja sous-vide-kypsennykseen. Sen murea rakenne ja kohtalainen marmoroituminen takaavat mehev\u00e4n lopputuloksen ja syv\u00e4n luonnollisen maun.<\/p>\n<p data-start=\"669\" data-end=\"856\">Tuotettu MSA:n (Meat Standards Australia) laatustandardien mukaisesti, mik\u00e4 takaa jokaisen palan mureuden, mehukkuuden ja maun. Sopii niin kotikokille, grillauksen harrastajille kuin ammattilaisillekin.<\/p>\n<h3 data-start=\"863\" data-end=\"905\">Miksi valita Aberdeen Black Brisket?<\/h3>\n<p data-start=\"909\" data-end=\"947\">\u2705 Luotettava australialainen laatu<\/p>\n<p data-start=\"950\" data-end=\"1011\">\u2705 Ihanteellinen BBQ-savustukseen ja \"low &amp; slow\" -ruoanlaittoon.<\/p>\n<p data-start=\"1014\" data-end=\"1091\">\u2705 Maukas ja mehukas - t\u00e4ydellinen lihan viipalointiin tai viipalointiin.<\/p>\n<p data-start=\"1094\" data-end=\"1141\">\u2705 Edullisempi vaihtoehto US Prime -rintafileelle.<\/p>\n<p data-start=\"1964\" data-end=\"2175\">\ud83d\udca1<strong>Pro-vinkki:<\/strong> Koska t\u00e4m\u00e4 rinta voi olla <strong data-start=\"1991\" data-end=\"2007\">hieman ohuempi<\/strong> jos US Prime, k\u00e4yt\u00e4 <strong data-start=\"2030\" data-end=\"2067\">voin tai naudanrasvan levitt\u00e4miseen<\/strong> tupakoinnin aikana (1-1,5 tunnin v\u00e4lein). N\u00e4in liha pysyy kosteana ja kuori kehittyy paremmin.<\/p>\n<p>Tuote myyd\u00e4\u00e4n painon mukaan. Tarkka hinta lasketaan tuotteen punnituksen j\u00e4lkeen.<\/p>\n<p><strong>Tuote on ennakkotilattavissa.\u00a0<\/strong><\/p>\n<p>Koska kyseess\u00e4 on punnitustuote, tilausta ei voi tehd\u00e4 verkkokaupan kautta.<\/p>\n<p>Tilausta varten kirjoita osoitteeseen <a href=\"\/fi\/info@tammetorubbq.ee\/\">info@tammetorubbq.ee<\/a> tai soita <a href=\"http:\/\/+372 56 888 638\">+372 56 888 638<\/a><\/p>\n<p>&nbsp;<\/p>\n<p><img loading=\"lazy\" decoding=\"async\" class=\"wp-image-1982\" src=\"http:\/\/tammetorubbq.ee\/wp-content\/uploads\/2024\/09\/Aberdeen-Black-300x161.png\" alt=\"Aberdeen Musta\" width=\"233\" height=\"125\" srcset=\"https:\/\/tammetorubbq.ee\/wp-content\/uploads\/2024\/09\/Aberdeen-Black-300x161.png 300w, https:\/\/tammetorubbq.ee\/wp-content\/uploads\/2024\/09\/Aberdeen-Black-18x10.png 18w, https:\/\/tammetorubbq.ee\/wp-content\/uploads\/2024\/09\/Aberdeen-Black-64x34.png 64w, https:\/\/tammetorubbq.ee\/wp-content\/uploads\/2024\/09\/Aberdeen-Black.png 600w\" sizes=\"auto, (max-width: 233px) 100vw, 233px\" \/><\/p>","protected":false},"featured_media":1952,"comment_status":"open","ping_status":"closed","template":"","meta":{"_uf_show_specific_survey":0,"_uf_disable_surveys":false},"pwb-brand":[],"product_brand":[],"product_cat":[71],"product_tag":[],"class_list":{"0":"post-1951","1":"product","2":"type-product","3":"status-publish","4":"has-post-thumbnail","6":"product_cat-liha","8":"first","9":"outofstock","10":"taxable","11":"shipping-taxable","12":"purchasable","13":"product-type-simple"},"brands":[],"_links":{"self":[{"href":"https:\/\/tammetorubbq.ee\/fi\/wp-json\/wp\/v2\/product\/1951","targetHints":{"allow":["GET"]}}],"collection":[{"href":"https:\/\/tammetorubbq.ee\/fi\/wp-json\/wp\/v2\/product"}],"about":[{"href":"https:\/\/tammetorubbq.ee\/fi\/wp-json\/wp\/v2\/types\/product"}],"replies":[{"embeddable":true,"href":"https:\/\/tammetorubbq.ee\/fi\/wp-json\/wp\/v2\/comments?post=1951"}],"wp:featuredmedia":[{"embeddable":true,"href":"https:\/\/tammetorubbq.ee\/fi\/wp-json\/wp\/v2\/media\/1952"}],"wp:attachment":[{"href":"https:\/\/tammetorubbq.ee\/fi\/wp-json\/wp\/v2\/media?parent=1951"}],"wp:term":[{"taxonomy":"pwb-brand","embeddable":true,"href":"https:\/\/tammetorubbq.ee\/fi\/wp-json\/wp\/v2\/pwb-brand?post=1951"},{"taxonomy":"product_brand","embeddable":true,"href":"https:\/\/tammetorubbq.ee\/fi\/wp-json\/wp\/v2\/product_brand?post=1951"},{"taxonomy":"product_cat","embeddable":true,"href":"https:\/\/tammetorubbq.ee\/fi\/wp-json\/wp\/v2\/product_cat?post=1951"},{"taxonomy":"product_tag","embeddable":true,"href":"https:\/\/tammetorubbq.ee\/fi\/wp-json\/wp\/v2\/product_tag?post=1951"}],"curies":[{"name":"wp","href":"https:\/\/api.w.org\/{rel}","templated":true}]}}