{"id":1974,"date":"2024-10-09T12:48:24","date_gmt":"2024-10-09T09:48:24","guid":{"rendered":"https:\/\/tammetorubbq.ee\/?post_type=product&#038;p=1974"},"modified":"2026-04-05T22:00:48","modified_gmt":"2026-04-05T19:00:48","slug":"teurastaja-tomahawk-pihvi-irlanti","status":"publish","type":"product","link":"https:\/\/tammetorubbq.ee\/fi\/product-2\/teurastaja-tomahawk-pihvi-irlanti\/","title":{"rendered":"TOMAHAWK naudanlihapihvi 0,9-1,3kg GREENHILL (IRL)"},"content":{"rendered":"<p>Kohta: tomahawk<br \/>\nHaettu osoitteesta<\/p>\n<p>Rotu: Black Angus HQB (korkealaatuinen naudanliha).<\/p>\n<p>J\u00e4\u00e4dytysmenetelm\u00e4: IVP -18\u00b0C.<br \/>\nPakkaus: 0,9-1,3kg<br \/>\nLaatikko: ~3kg<\/p>\n<p>Tuotemerkki: Greenhill<br \/>\nAlkuper\u00e4maa: Irlanti<\/p>\n<p>&nbsp;<\/p>\n<p>Tuotetta ei voi l\u00e4hett\u00e4\u00e4 pakettiautomaatilla tai kuriirilla.<\/p>\n<p>Kirjoita meille\u00a0<a href=\"https:\/\/tammetorubbq.ee\/fi\/product-2\/swift-searibi-st-louise-usa\/info%40tammetorubbq.ee\/\">info@tammetorubbq.ee<\/a>\u00a0tai soita\u00a0<a href=\"http:\/\/+372%2056%20888%20638\/\" target=\"_blank\" rel=\"noopener\">+372 56 888 638<\/a><\/p>","protected":false},"excerpt":{"rendered":"<p>Naudan Tomahawk-pihvi (marmoroitua antrakin lihaa, jossa on ulkofilee).<\/p>\n<p>&nbsp;<\/p>\n<p>\u00dche steigi\u00a0 kaal on 1,1-1,3kg.<\/p>\n<p>Tuote myyd\u00e4\u00e4n painon mukaan. Tarkka hinta lasketaan tuotteen punnituksen j\u00e4lkeen.<\/p>\n<p>Kysy rohkeasti erikoishintaa suuremmista m\u00e4\u00e4rist\u00e4.<\/p>\n<p>&nbsp;<\/p>\n<p><strong>Tuote on ennakkotilattavissa.\u00a0<\/strong><\/p>\n<p>Koska kyseess\u00e4 on punnitustuote, tilausta ei voi tehd\u00e4 verkkokaupan kautta.<\/p>\n<p>Tilausta varten kirjoita osoitteeseen\u00a0<a href=\"https:\/\/tammetorubbq.ee\/fi\/product-2\/naudanlihan-rintafilee-rintafilee-65kg-aus\/info%40tammetorubbq.ee\/\">info@tammetorubbq.ee<\/a>\u00a0tai soita\u00a0<a href=\"http:\/\/+372%2056%20888%20638\/\">+372 56 888 638<\/a><\/p>\n<p><img loading=\"lazy\" decoding=\"async\" class=\"wp-image-1977\" src=\"http:\/\/tammetorubbq.ee\/wp-content\/uploads\/2024\/10\/Greenhill-Premium-High-Quality-Meat-logo-1-300x142.png\" alt=\"Greenhill Premium High Quality Meat -logo\" width=\"207\" height=\"98\" srcset=\"https:\/\/tammetorubbq.ee\/wp-content\/uploads\/2024\/10\/Greenhill-Premium-High-Quality-Meat-logo-1-300x142.png 300w, https:\/\/tammetorubbq.ee\/wp-content\/uploads\/2024\/10\/Greenhill-Premium-High-Quality-Meat-logo-1-18x9.png 18w, https:\/\/tammetorubbq.ee\/wp-content\/uploads\/2024\/10\/Greenhill-Premium-High-Quality-Meat-logo-1-64x30.png 64w, https:\/\/tammetorubbq.ee\/wp-content\/uploads\/2024\/10\/Greenhill-Premium-High-Quality-Meat-logo-1.png 600w\" sizes=\"auto, (max-width: 207px) 100vw, 207px\" \/><\/p>","protected":false},"featured_media":1979,"comment_status":"open","ping_status":"closed","template":"","meta":{"_uf_show_specific_survey":0,"_uf_disable_surveys":false},"pwb-brand":[186],"product_brand":[],"product_cat":[71],"product_tag":[187,119],"class_list":{"0":"post-1974","1":"product","2":"type-product","3":"status-publish","4":"has-post-thumbnail","6":"pwb-brand-greenhill-quality-meat","7":"product_cat-liha","8":"product_tag-greenhill-quality-meat","9":"product_tag-veiseliha","11":"first","12":"outofstock","13":"taxable","14":"shipping-taxable","15":"purchasable","16":"product-type-simple"},"brands":[{"id":186,"name":"Greenhill Quality Meat","slug":"greenhill-quality-meat"}],"_links":{"self":[{"href":"https:\/\/tammetorubbq.ee\/fi\/wp-json\/wp\/v2\/product\/1974","targetHints":{"allow":["GET"]}}],"collection":[{"href":"https:\/\/tammetorubbq.ee\/fi\/wp-json\/wp\/v2\/product"}],"about":[{"href":"https:\/\/tammetorubbq.ee\/fi\/wp-json\/wp\/v2\/types\/product"}],"replies":[{"embeddable":true,"href":"https:\/\/tammetorubbq.ee\/fi\/wp-json\/wp\/v2\/comments?post=1974"}],"wp:featuredmedia":[{"embeddable":true,"href":"https:\/\/tammetorubbq.ee\/fi\/wp-json\/wp\/v2\/media\/1979"}],"wp:attachment":[{"href":"https:\/\/tammetorubbq.ee\/fi\/wp-json\/wp\/v2\/media?parent=1974"}],"wp:term":[{"taxonomy":"pwb-brand","embeddable":true,"href":"https:\/\/tammetorubbq.ee\/fi\/wp-json\/wp\/v2\/pwb-brand?post=1974"},{"taxonomy":"product_brand","embeddable":true,"href":"https:\/\/tammetorubbq.ee\/fi\/wp-json\/wp\/v2\/product_brand?post=1974"},{"taxonomy":"product_cat","embeddable":true,"href":"https:\/\/tammetorubbq.ee\/fi\/wp-json\/wp\/v2\/product_cat?post=1974"},{"taxonomy":"product_tag","embeddable":true,"href":"https:\/\/tammetorubbq.ee\/fi\/wp-json\/wp\/v2\/product_tag?post=1974"}],"curies":[{"name":"wp","href":"https:\/\/api.w.org\/{rel}","templated":true}]}}