{"id":1994,"date":"2024-11-01T09:10:07","date_gmt":"2024-11-01T07:10:07","guid":{"rendered":"https:\/\/tammetorubbq.ee\/?post_type=product&#038;p=1994"},"modified":"2026-04-15T04:00:18","modified_gmt":"2026-04-15T01:00:18","slug":"richard-fergola-yleishieronta-354g","status":"publish","type":"product","link":"https:\/\/tammetorubbq.ee\/fi\/product-2\/richard-fergola-yleishieronta-354g\/","title":{"rendered":"Richard Fergola All Purpose Rub 354g"},"content":{"rendered":"<p><strong>Ainesosat:<\/strong> Suola, sokeri, mauste, kuivattu valkosipuli, maltodekstriini, paprika, paprikauutteet (v\u00e4ri), dinatriuminosinaatti ja dinatriumguanylaatti, selleriuutteet, luontainen aromi ja enint\u00e4\u00e4n 2% trikalsiumfosfaattia paakkuuntumisen est\u00e4miseksi.<\/p>","protected":false},"excerpt":{"rendered":"<p><strong>Richard Fergola - mies, josta on tullut todellinen laadun ja tiet\u00e4myksen symboli BBQ-yhteis\u00f6ss\u00e4.<\/strong><\/p>\n<p data-start=\"139\" data-end=\"373\">Jos etsit yht\u00e4 maustetta, joka sopii sinun <em data-start=\"179\" data-end=\"188\">kaikki<\/em>, niin <strong data-start=\"195\" data-end=\"227\">Fergolicious All Purpose Rub<\/strong> on juuri sit\u00e4! Monipuolinen, tasapainoinen ja aidon BBQ-maun omaava rub, joka sopii naudan- ja sianlihalle, kanalle ja vihanneksille.<\/p>\n<p data-start=\"375\" data-end=\"607\">Maailmanmestari Richard Fergolan kehitt\u00e4m\u00e4ss\u00e4 sekoituksessa yhdistyv\u00e4t kevyesti savuiset, makeat ja suolaiset vivahteet, jotka tuovat raaka-aineiden parhaat puolet esiin - olipa kyseess\u00e4 sitten hitaasti savustettu kylkiliha tai nopeasti pannulla paistettu kanafilee.<\/p>\n<p data-start=\"609\" data-end=\"775\">\u2714\ufe0fT\u00f5eline \"yksi koko sopii kaikille\" BBQ-hieronta.<br data-start=\"642\" data-end=\"645\" \/>\u2714\ufe0fSobib grillaukseen, savustukseen ja jokap\u00e4iv\u00e4iseen k\u00e4ytt\u00f6\u00f6n keitti\u00f6ss\u00e4.<br data-start=\"717\" data-end=\"720\" \/>\u2714\ufe0fAmeerika Valikoima BBQ-mestareita<br data-start=\"758\" data-end=\"761\" \/>\u2714\ufe0fGluteenivaba<\/p>\n<p data-start=\"777\" data-end=\"903\"><strong data-start=\"777\" data-end=\"789\">\ud83d\udca1Pro vinkki:<\/strong> K\u00e4yt\u00e4 t\u00e4t\u00e4 hierontaa perunoiden, maissin tai avokadon maustamiseen - aivan uusi BBQ-ulottuvuus ruokap\u00f6yt\u00e4\u00e4n!<\/p>\n<p><img loading=\"lazy\" decoding=\"async\" class=\"wp-image-2007\" src=\"http:\/\/tammetorubbq.ee\/wp-content\/uploads\/2024\/11\/Richardfergolabbq-298x300.jpg\" alt=\"Richardfergolabbq \" width=\"192\" height=\"193\" srcset=\"https:\/\/tammetorubbq.ee\/wp-content\/uploads\/2024\/11\/Richardfergolabbq-298x300.jpg 298w, https:\/\/tammetorubbq.ee\/wp-content\/uploads\/2024\/11\/Richardfergolabbq-150x150.jpg 150w, https:\/\/tammetorubbq.ee\/wp-content\/uploads\/2024\/11\/Richardfergolabbq-768x774.jpg 768w, https:\/\/tammetorubbq.ee\/wp-content\/uploads\/2024\/11\/Richardfergolabbq-12x12.jpg 12w, https:\/\/tammetorubbq.ee\/wp-content\/uploads\/2024\/11\/Richardfergolabbq-300x300.jpg 300w, https:\/\/tammetorubbq.ee\/wp-content\/uploads\/2024\/11\/Richardfergolabbq-600x605.jpg 600w, https:\/\/tammetorubbq.ee\/wp-content\/uploads\/2024\/11\/Richardfergolabbq-64x65.jpg 64w, https:\/\/tammetorubbq.ee\/wp-content\/uploads\/2024\/11\/Richardfergolabbq.jpg 952w\" sizes=\"auto, (max-width: 192px) 100vw, 192px\" \/><\/p>","protected":false},"featured_media":1995,"comment_status":"open","ping_status":"closed","template":"","meta":{"_uf_show_specific_survey":0,"_uf_disable_surveys":false},"pwb-brand":[],"product_brand":[],"product_cat":[21],"product_tag":[118,121,114,122,123,119],"class_list":{"0":"post-1994","1":"product","2":"type-product","3":"status-publish","4":"has-post-thumbnail","6":"product_cat-maitseainesegud","7":"product_tag-kanaliha","8":"product_tag-koogiviljad","9":"product_tag-sealiha","10":"product_tag-searibi","11":"product_tag-steik","12":"product_tag-veiseliha","14":"first","15":"instock","16":"taxable","17":"shipping-taxable","18":"purchasable","19":"product-type-simple"},"brands":[],"_links":{"self":[{"href":"https:\/\/tammetorubbq.ee\/fi\/wp-json\/wp\/v2\/product\/1994","targetHints":{"allow":["GET"]}}],"collection":[{"href":"https:\/\/tammetorubbq.ee\/fi\/wp-json\/wp\/v2\/product"}],"about":[{"href":"https:\/\/tammetorubbq.ee\/fi\/wp-json\/wp\/v2\/types\/product"}],"replies":[{"embeddable":true,"href":"https:\/\/tammetorubbq.ee\/fi\/wp-json\/wp\/v2\/comments?post=1994"}],"wp:featuredmedia":[{"embeddable":true,"href":"https:\/\/tammetorubbq.ee\/fi\/wp-json\/wp\/v2\/media\/1995"}],"wp:attachment":[{"href":"https:\/\/tammetorubbq.ee\/fi\/wp-json\/wp\/v2\/media?parent=1994"}],"wp:term":[{"taxonomy":"pwb-brand","embeddable":true,"href":"https:\/\/tammetorubbq.ee\/fi\/wp-json\/wp\/v2\/pwb-brand?post=1994"},{"taxonomy":"product_brand","embeddable":true,"href":"https:\/\/tammetorubbq.ee\/fi\/wp-json\/wp\/v2\/product_brand?post=1994"},{"taxonomy":"product_cat","embeddable":true,"href":"https:\/\/tammetorubbq.ee\/fi\/wp-json\/wp\/v2\/product_cat?post=1994"},{"taxonomy":"product_tag","embeddable":true,"href":"https:\/\/tammetorubbq.ee\/fi\/wp-json\/wp\/v2\/product_tag?post=1994"}],"curies":[{"name":"wp","href":"https:\/\/api.w.org\/{rel}","templated":true}]}}