{"id":2010,"date":"2024-11-04T15:02:24","date_gmt":"2024-11-04T13:02:24","guid":{"rendered":"https:\/\/tammetorubbq.ee\/?post_type=product&#038;p=2010"},"modified":"2026-04-15T03:00:13","modified_gmt":"2026-04-15T00:00:13","slug":"southern-dutch-bbq-a-touch-of-sweet-rub-290g","status":"publish","type":"product","link":"https:\/\/tammetorubbq.ee\/fi\/product-2\/southern-dutch-bbq-a-touch-of-sweet-rub-290g\/","title":{"rendered":"Southern Dutch BBQ A Touch of Sweet Rub 290g"},"content":{"rendered":"<p><strong>Ainesosat:<\/strong> Ruokosokeri, suola, paprika, mustapippuri, vihannekset, sokeri, luontainen aromi, arominvahvenne E621, mausteet, elintarvikev\u00e4ri - paprikauute, E551.<\/p>\n<p>Gluteeniton.<\/p>\n<p>&nbsp;<\/p>\n<p><strong>Kes on Southern Dutch BBQ<\/strong><\/p>\n<p class=\"\" data-start=\"24\" data-end=\"609\">Southern Dutch BBQ on Tom Raesin ja Dorine van Geffenin yhteinen projekti. T\u00e4m\u00e4 vahva tandem aloitti matkansa vuonna 2012 blogilla, jossa he jakavat BBQ-seikkailunsa maailman kanssa. Halu oppia kaikkea amerikkalaisesta grillauksesta johti heid\u00e4t KCBS (Kansas City Barbeque Society) -kilpailuun. Vuonna 2013 he osallistuivat ensimm\u00e4iseen kilpailuunsa - ja siit\u00e4 tuli k\u00e4\u00e4nnekohta. Siit\u00e4 l\u00e4htien he ovat tempautuneet mukaan kilpailullisen grillauksen maailmaan ja osallistuvat kilpailuihin eri puolilla maailmaa pyrkien aina tarjoamaan parhaan ja maukkaimman valikoiman niin tuomareille kuin hyville yst\u00e4villeenkin.<\/p>\n<p class=\"\" data-start=\"611\" data-end=\"748\"><em>Halu kehitty\u00e4 joka p\u00e4iv\u00e4 paremmaksi on johtanut siihen, ett\u00e4 Tom ja Dorine ovat saaneet opastusta joiltakin Yhdysvaltojen parhaista BBQ-mestareista, kuten Tuffy Stonelta ja Travis Clarkilta.<\/em><\/p>\n<p class=\"\" data-start=\"750\" data-end=\"1093\">Nyky\u00e4\u00e4n heid\u00e4n teht\u00e4v\u00e4n\u00e4\u00e4n on el\u00e4\u00e4 ja hengitt\u00e4\u00e4 BBQ:ta joka p\u00e4iv\u00e4 ja tuoda intohimonsa ja tietonsa kaikille, jotka ovat kiinnostuneita kulttuurista, urheilusta tai vain hyv\u00e4st\u00e4 ruoasta. Grillaaminen ja kilpaileminen ei ole heille vain harrastus - se on el\u00e4m\u00e4ntapa. BBQ on vienyt heid\u00e4t paikkoihin, joihin he eiv\u00e4t muuten koskaan menisi, ja luonut elinik\u00e4isi\u00e4 yst\u00e4vyyssuhteita.<\/p>","protected":false},"excerpt":{"rendered":"<p class=\"\" data-start=\"0\" data-end=\"45\"><strong data-start=\"0\" data-end=\"45\">Southern Dutch BBQ \"Kosketus makeaa rubia\"<\/strong><\/p>\n<p class=\"\" data-start=\"47\" data-end=\"408\">Lis\u00e4\u00e4 makeaa s\u00e4ihkett\u00e4 Southern Dutch BBQ:n \"A Touch of Sweet Rubilla\"! T\u00e4m\u00e4 herkullinen, makea sekoitus on suunniteltu t\u00e4ydent\u00e4m\u00e4\u00e4n kanan, sianlihan ja porsaankyljysten makuja, tuomalla esiin lihan luonnolliset aromit ja lis\u00e4\u00e4m\u00e4ll\u00e4 samalla juuri oikean tasapainoisen makeuden. \"A Touch of Sweet Rub\" sopii t\u00e4ydellisesti kaikille grillauksen harrastajille, olipa kyseess\u00e4 sitten ammattilainen tai koti-\"PitMaster\".<\/p>\n<p class=\"\" data-start=\"410\" data-end=\"515\"><strong><em>Tuloksena on t\u00e4ydellinen, kultainen ja karamellisoitunut kuori, joka sopii mihin tahansa grillaustilanteeseen.<\/em><\/strong><\/p>\n<ul data-start=\"531\" data-end=\"773\">\n<li class=\"\" data-start=\"531\" data-end=\"575\">\n<p class=\"\" data-start=\"533\" data-end=\"575\">T\u00e4ydellinen tasapaino makeuden ja maun v\u00e4lill\u00e4<\/p>\n<\/li>\n<li class=\"\" data-start=\"576\" data-end=\"621\">\n<p class=\"\" data-start=\"578\" data-end=\"621\">Ihanteellinen kanalle, sianlihalle, porsaankyljyksille ja silputtuun sianlihaan.<\/p>\n<\/li>\n<li class=\"\" data-start=\"622\" data-end=\"692\">\n<p class=\"\" data-start=\"624\" data-end=\"692\">Sopii kaikille - aloittelijoista kokeneisiin grillimestareihin.<\/p>\n<\/li>\n<li class=\"\" data-start=\"622\" data-end=\"692\">\n<p class=\"\" data-start=\"624\" data-end=\"692\">Vuoden 2023 American Royal Rub -kilpailun voittaja, joka sijoittui luokassaan kolmanneksi.<\/p>\n<\/li>\n<\/ul>\n<p><em><strong>Etel\u00e4-Hollanti on Euroopan viime vuosien menestynein BBQ-joukkue.<\/strong><\/em><\/p>\n<p><a href=\"http:\/\/tammetorubbq.ee\/wp-content\/uploads\/2024\/11\/southern-dutch-bbq.svg\"><img decoding=\"async\" class=\"alignnone size-full wp-image-2012\" src=\"http:\/\/tammetorubbq.ee\/wp-content\/uploads\/2024\/11\/southern-dutch-bbq.svg\" alt=\"Southern Dutch BBQ \" \/><\/a><\/p>","protected":false},"featured_media":2011,"comment_status":"open","ping_status":"closed","template":"","meta":{"_uf_show_specific_survey":0,"_uf_disable_surveys":false},"pwb-brand":[174],"product_brand":[],"product_cat":[21],"product_tag":[118,166,114,122],"class_list":{"0":"post-2010","1":"product","2":"type-product","3":"status-publish","4":"has-post-thumbnail","6":"pwb-brand-southern-dutch-bbq","7":"product_cat-maitseainesegud","8":"product_tag-kanaliha","9":"product_tag-rebitudliha","10":"product_tag-sealiha","11":"product_tag-searibi","13":"first","14":"outofstock","15":"taxable","16":"shipping-taxable","17":"purchasable","18":"product-type-simple"},"brands":[{"id":174,"name":"Southern Dutch BBQ","slug":"southern-dutch-bbq"}],"_links":{"self":[{"href":"https:\/\/tammetorubbq.ee\/fi\/wp-json\/wp\/v2\/product\/2010","targetHints":{"allow":["GET"]}}],"collection":[{"href":"https:\/\/tammetorubbq.ee\/fi\/wp-json\/wp\/v2\/product"}],"about":[{"href":"https:\/\/tammetorubbq.ee\/fi\/wp-json\/wp\/v2\/types\/product"}],"replies":[{"embeddable":true,"href":"https:\/\/tammetorubbq.ee\/fi\/wp-json\/wp\/v2\/comments?post=2010"}],"wp:featuredmedia":[{"embeddable":true,"href":"https:\/\/tammetorubbq.ee\/fi\/wp-json\/wp\/v2\/media\/2011"}],"wp:attachment":[{"href":"https:\/\/tammetorubbq.ee\/fi\/wp-json\/wp\/v2\/media?parent=2010"}],"wp:term":[{"taxonomy":"pwb-brand","embeddable":true,"href":"https:\/\/tammetorubbq.ee\/fi\/wp-json\/wp\/v2\/pwb-brand?post=2010"},{"taxonomy":"product_brand","embeddable":true,"href":"https:\/\/tammetorubbq.ee\/fi\/wp-json\/wp\/v2\/product_brand?post=2010"},{"taxonomy":"product_cat","embeddable":true,"href":"https:\/\/tammetorubbq.ee\/fi\/wp-json\/wp\/v2\/product_cat?post=2010"},{"taxonomy":"product_tag","embeddable":true,"href":"https:\/\/tammetorubbq.ee\/fi\/wp-json\/wp\/v2\/product_tag?post=2010"}],"curies":[{"name":"wp","href":"https:\/\/api.w.org\/{rel}","templated":true}]}}