{"id":2013,"date":"2024-11-04T15:10:32","date_gmt":"2024-11-04T13:10:32","guid":{"rendered":"https:\/\/tammetorubbq.ee\/?post_type=product&#038;p=2013"},"modified":"2026-05-12T15:00:04","modified_gmt":"2026-05-12T12:00:04","slug":"etelainen-hollantilainen-season-it-all-rub-290g","status":"publish","type":"product","link":"https:\/\/tammetorubbq.ee\/fi\/toode\/southern-dutch-season-it-all-rub-290g\/","title":{"rendered":"Southern Dutch BBQ Season it All Rub 290g"},"content":{"rendered":"<p><strong>Ainesosat:<\/strong> ruokosokeri, suola, yrtit\/mausteet, vihannekset, arominvahventeet E621 ja E635, luontaiset aromit, elintarvikev\u00e4ri E160c, E551.<\/p>\n<p>&nbsp;<\/p>\n<p><strong>Kes on Southern Dutch BBQ<\/strong><\/p>\n<p class=\"\" data-start=\"24\" data-end=\"609\">Southern Dutch BBQ on Tom Raesin ja Dorine van Geffenin yhteinen projekti. T\u00e4m\u00e4 vahva tandem aloitti matkansa vuonna 2012 blogilla, jossa he jakavat BBQ-seikkailunsa maailman kanssa. Halu oppia kaikkea amerikkalaisesta grillauksesta johti heid\u00e4t KCBS (Kansas City Barbeque Society) -kilpailuun. Vuonna 2013 he osallistuivat ensimm\u00e4iseen kilpailuunsa - ja siit\u00e4 tuli k\u00e4\u00e4nnekohta. Siit\u00e4 l\u00e4htien he ovat tempautuneet mukaan kilpailullisen grillauksen maailmaan ja osallistuvat kilpailuihin eri puolilla maailmaa pyrkien aina tarjoamaan parhaan ja maukkaimman valikoiman niin tuomareille kuin hyville yst\u00e4villeenkin.<\/p>\n<p class=\"\" data-start=\"611\" data-end=\"748\"><em>Halu kehitty\u00e4 joka p\u00e4iv\u00e4 paremmaksi on johtanut siihen, ett\u00e4 Tom ja Dorine ovat saaneet opastusta joiltakin Yhdysvaltojen parhaista BBQ-mestareista, kuten Tuffy Stonelta ja Travis Clarkilta.<\/em><\/p>\n<p class=\"\" data-start=\"750\" data-end=\"1093\">Nyky\u00e4\u00e4n heid\u00e4n teht\u00e4v\u00e4n\u00e4\u00e4n on el\u00e4\u00e4 ja hengitt\u00e4\u00e4 BBQ:ta joka p\u00e4iv\u00e4 ja tuoda intohimonsa ja tietonsa kaikille, jotka ovat kiinnostuneita kulttuurista, urheilusta tai vain hyv\u00e4st\u00e4 ruoasta. Grillaaminen ja kilpaileminen ei ole heille vain harrastus - se on el\u00e4m\u00e4ntapa. BBQ on vienyt heid\u00e4t paikkoihin, joihin he eiv\u00e4t muuten koskaan menisi, ja luonut elinik\u00e4isi\u00e4 yst\u00e4vyyssuhteita.<\/p>\n<p data-start=\"750\" data-end=\"1093\">","protected":false},"excerpt":{"rendered":"<p class=\"\" data-start=\"743\" data-end=\"785\"><strong data-start=\"743\" data-end=\"785\">Southern Dutch BBQ - Season it All Rub<\/strong><\/p>\n<p class=\"\" data-start=\"787\" data-end=\"1088\"><strong>Yksi hankaus, loputtomat mahdollisuudet!<\/strong><br data-start=\"815\" data-end=\"818\" \/>Southern Dutch BBQ \"Season it All\" on yleisk\u00e4ytt\u00f6inen mauste, joka sopii punaiselle ja valkoiselle lihalle, kalalle, vihanneksille ja jopa perunoille.<\/p>\n<p class=\"\" data-start=\"787\" data-end=\"1088\">Maustesekoitus on luotu grillauskokemusta silm\u00e4ll\u00e4 pit\u00e4en - se takaa todella syv\u00e4n ja tasapainoisen maun jokaisessa grilliruoassa.<\/p>\n<ul data-start=\"1090\" data-end=\"1274\">\n<li class=\"\" data-start=\"1090\" data-end=\"1154\">\n<p class=\"\" data-start=\"1092\" data-end=\"1154\">T\u00e4ydellinen tasapaino makean, suolaisen ja hieman mausteisen maun v\u00e4lill\u00e4.<\/p>\n<\/li>\n<li class=\"\" data-start=\"1155\" data-end=\"1210\">\n<p class=\"\" data-start=\"1157\" data-end=\"1210\">Toimii erinomaisesti savustimessa, grilliss\u00e4 ja pannulla.<\/p>\n<\/li>\n<li class=\"\" data-start=\"1211\" data-end=\"1274\">\n<p class=\"\" data-start=\"1213\" data-end=\"1274\">Luoneet BBQ-ammattilaiset Tom Raes ja Dorine van Geffen.<\/p>\n<\/li>\n<\/ul>\n<p class=\"\" data-start=\"1276\" data-end=\"1343\">\ud83c\udfaf Sopii kaikille, jotka arvostavat yksinkertaista ja herkullista grillausta!<\/p>\n<p><strong>Kaikki t\u00e4m\u00e4 on hyvin erityinen yhdistelm\u00e4.<\/strong><\/p>\n<p><em><strong>Etel\u00e4-Hollanti on Euroopan viime vuosien menestynein BBQ-joukkue.<\/strong><\/em><\/p>\n<p><img decoding=\"async\" class=\"alignnone size-full wp-image-2012\" src=\"http:\/\/tammetorubbq.ee\/wp-content\/uploads\/2024\/11\/southern-dutch-bbq.svg\" alt=\"Southern Dutch BBQ\" \/><\/p>","protected":false},"featured_media":2014,"comment_status":"open","ping_status":"closed","template":"","meta":{"_uf_show_specific_survey":0,"_uf_disable_surveys":false},"pwb-brand":[174],"product_brand":[],"product_cat":[21],"product_tag":[163,118,159,114,122,123,119],"class_list":{"0":"post-2013","1":"product","2":"type-product","3":"status-publish","4":"has-post-thumbnail","6":"pwb-brand-southern-dutch-bbq","7":"product_cat-maitseainesegud","8":"product_tag-kala","9":"product_tag-kanaliha","10":"product_tag-kanatiivad","11":"product_tag-sealiha","12":"product_tag-searibi","13":"product_tag-steik","14":"product_tag-veiseliha","16":"first","17":"instock","18":"taxable","19":"shipping-taxable","20":"purchasable","21":"product-type-simple"},"brands":[{"id":174,"name":"Southern Dutch BBQ","slug":"southern-dutch-bbq"}],"_links":{"self":[{"href":"https:\/\/tammetorubbq.ee\/fi\/wp-json\/wp\/v2\/product\/2013","targetHints":{"allow":["GET"]}}],"collection":[{"href":"https:\/\/tammetorubbq.ee\/fi\/wp-json\/wp\/v2\/product"}],"about":[{"href":"https:\/\/tammetorubbq.ee\/fi\/wp-json\/wp\/v2\/types\/product"}],"replies":[{"embeddable":true,"href":"https:\/\/tammetorubbq.ee\/fi\/wp-json\/wp\/v2\/comments?post=2013"}],"wp:featuredmedia":[{"embeddable":true,"href":"https:\/\/tammetorubbq.ee\/fi\/wp-json\/wp\/v2\/media\/2014"}],"wp:attachment":[{"href":"https:\/\/tammetorubbq.ee\/fi\/wp-json\/wp\/v2\/media?parent=2013"}],"wp:term":[{"taxonomy":"pwb-brand","embeddable":true,"href":"https:\/\/tammetorubbq.ee\/fi\/wp-json\/wp\/v2\/pwb-brand?post=2013"},{"taxonomy":"product_brand","embeddable":true,"href":"https:\/\/tammetorubbq.ee\/fi\/wp-json\/wp\/v2\/product_brand?post=2013"},{"taxonomy":"product_cat","embeddable":true,"href":"https:\/\/tammetorubbq.ee\/fi\/wp-json\/wp\/v2\/product_cat?post=2013"},{"taxonomy":"product_tag","embeddable":true,"href":"https:\/\/tammetorubbq.ee\/fi\/wp-json\/wp\/v2\/product_tag?post=2013"}],"curies":[{"name":"wp","href":"https:\/\/api.w.org\/{rel}","templated":true}]}}