{"id":2015,"date":"2024-11-04T15:31:52","date_gmt":"2024-11-04T13:31:52","guid":{"rendered":"https:\/\/tammetorubbq.ee\/?post_type=product&#038;p=2015"},"modified":"2026-04-15T04:00:11","modified_gmt":"2026-04-15T01:00:11","slug":"southern-dutch-bbq-a-pinch-of-heat-rub-275g","status":"publish","type":"product","link":"https:\/\/tammetorubbq.ee\/fi\/product-2\/southern-dutch-bbq-a-pinch-of-heat-rub-275g\/","title":{"rendered":"Southern Dutch BBQ A Pinch of Heat Rub 275g"},"content":{"rendered":"<p><strong>Ainesosat:<\/strong> Suola, ruokosokeri, paprika, mustapippuri, kasvikset, arominvahventeet E621, mausteet, elintarvikev\u00e4ri - paprikauute, E551, aromit, gluteeniton.<\/p>\n<p>&nbsp;<\/p>\n<p><strong>Kes on Southern Dutch BBQ<\/strong><\/p>\n<p class=\"\" data-start=\"24\" data-end=\"609\">Southern Dutch BBQ on Tom Raesin ja Dorine van Geffenin yhteinen projekti. T\u00e4m\u00e4 vahva tandem aloitti matkansa vuonna 2012 blogilla, jossa he jakavat BBQ-seikkailunsa maailman kanssa. Halu oppia kaikkea amerikkalaisesta grillauksesta johti heid\u00e4t KCBS (Kansas City Barbeque Society) -kilpailuun. Vuonna 2013 he osallistuivat ensimm\u00e4iseen kilpailuunsa - ja siit\u00e4 tuli k\u00e4\u00e4nnekohta. Siit\u00e4 l\u00e4htien he ovat tempautuneet mukaan kilpailullisen grillauksen maailmaan ja osallistuvat kilpailuihin eri puolilla maailmaa pyrkien aina tarjoamaan parhaan ja maukkaimman valikoiman niin tuomareille kuin hyville yst\u00e4villeenkin.<\/p>\n<p class=\"\" data-start=\"611\" data-end=\"748\"><em>Halu kehitty\u00e4 joka p\u00e4iv\u00e4 paremmaksi on johtanut siihen, ett\u00e4 Tom ja Dorine ovat saaneet opastusta joiltakin Yhdysvaltojen parhaista BBQ-mestareista, kuten Tuffy Stonelta ja Travis Clarkilta.<\/em><\/p>\n<p class=\"\" data-start=\"750\" data-end=\"1093\">Nyky\u00e4\u00e4n heid\u00e4n teht\u00e4v\u00e4n\u00e4\u00e4n on el\u00e4\u00e4 ja hengitt\u00e4\u00e4 BBQ:ta joka p\u00e4iv\u00e4 ja tuoda intohimonsa ja tietonsa kaikille, jotka ovat kiinnostuneita kulttuurista, urheilusta tai vain hyv\u00e4st\u00e4 ruoasta. Grillaaminen ja kilpaileminen ei ole heille vain harrastus - se on el\u00e4m\u00e4ntapa. BBQ on vienyt heid\u00e4t paikkoihin, joihin he eiv\u00e4t muuten koskaan menisi, ja luonut elinik\u00e4isi\u00e4 yst\u00e4vyyssuhteita.<\/p>","protected":false},"excerpt":{"rendered":"<p><span class=\"relative -mx-px my-[-0.2rem] rounded px-px py-[0.2rem] transition-colors duration-100 ease-in-out\">Southern Dutch BBQ &#8220;A Pinch of Heat&#8221; on <strong>mitmek\u00fclgne<\/strong> maitseainesegu, mis lisab lihale <strong>kerge v\u00fcrtsikuse<\/strong> ja <strong>s\u00fcgava maitse<\/strong>.<\/span><\/p>\n<p><span class=\"relative -mx-px my-[-0.2rem] rounded px-px py-[0.2rem] transition-colors duration-100 ease-in-out\">Selle rub&#8217;i loojad Tom Raes jah Dorine van Geffenon kogenud BBQ-v\u00f5istlejad, kes on osalenud v\u00f5istlustel Euroopas ja Ameerikas ning saavutanud mitmeid auhindu.<\/span><\/p>\n<p><span class=\"relative -mx-px my-[-0.2rem] rounded px-px py-[0.2rem] transition-colors duration-100 ease-in-out\">&#8220;A Pinch of Heat&#8221; on loodud sobima erinevate lihadega, sealhulgas veise-, sea- ja kanaliha, pakkudes tasakaalustatud maitset, mis ei ole liiga terav.<\/span><\/p>\n<p>Toimib h\u00e4mmastavalt h\u00e4sti veise- ja sealiha puhul. Kombineeri julgelt <strong><a href=\"https:\/\/tammetorubbq.ee\/toode\/southern-dutch-bbq-a-touch-of-sweet-rub-290g\/\">A Touch of Sweetiga<\/a><\/strong>, et saada m\u00f5lemast &#8220;maailmast&#8221; parim!<\/p>\n<p><em><strong>Southern Dutch on viimaste aastate Euroopa edukaim BBQ v\u00f5istkond.<\/strong><\/em><\/p>\n<p><img decoding=\"async\" class=\"alignnone size-full wp-image-2012\" src=\"http:\/\/tammetorubbq.ee\/wp-content\/uploads\/2024\/11\/southern-dutch-bbq.svg\" alt=\"Southern Dutch BBQ\" \/><\/p>\n","protected":false},"featured_media":2016,"comment_status":"open","ping_status":"closed","template":"","meta":{"_uf_show_specific_survey":0,"_uf_disable_surveys":false},"pwb-brand":[],"product_brand":[],"product_cat":[21],"product_tag":[],"class_list":{"0":"post-2015","1":"product","2":"type-product","3":"status-publish","4":"has-post-thumbnail","6":"product_cat-maitseainesegud","8":"first","9":"instock","10":"taxable","11":"shipping-taxable","12":"purchasable","13":"product-type-simple"},"brands":[],"_links":{"self":[{"href":"https:\/\/tammetorubbq.ee\/fi\/wp-json\/wp\/v2\/product\/2015","targetHints":{"allow":["GET"]}}],"collection":[{"href":"https:\/\/tammetorubbq.ee\/fi\/wp-json\/wp\/v2\/product"}],"about":[{"href":"https:\/\/tammetorubbq.ee\/fi\/wp-json\/wp\/v2\/types\/product"}],"replies":[{"embeddable":true,"href":"https:\/\/tammetorubbq.ee\/fi\/wp-json\/wp\/v2\/comments?post=2015"}],"wp:featuredmedia":[{"embeddable":true,"href":"https:\/\/tammetorubbq.ee\/fi\/wp-json\/wp\/v2\/media\/2016"}],"wp:attachment":[{"href":"https:\/\/tammetorubbq.ee\/fi\/wp-json\/wp\/v2\/media?parent=2015"}],"wp:term":[{"taxonomy":"pwb-brand","embeddable":true,"href":"https:\/\/tammetorubbq.ee\/fi\/wp-json\/wp\/v2\/pwb-brand?post=2015"},{"taxonomy":"product_brand","embeddable":true,"href":"https:\/\/tammetorubbq.ee\/fi\/wp-json\/wp\/v2\/product_brand?post=2015"},{"taxonomy":"product_cat","embeddable":true,"href":"https:\/\/tammetorubbq.ee\/fi\/wp-json\/wp\/v2\/product_cat?post=2015"},{"taxonomy":"product_tag","embeddable":true,"href":"https:\/\/tammetorubbq.ee\/fi\/wp-json\/wp\/v2\/product_tag?post=2015"}],"curies":[{"name":"wp","href":"https:\/\/api.w.org\/{rel}","templated":true}]}}