{"id":2017,"date":"2024-11-04T15:38:47","date_gmt":"2024-11-04T13:38:47","guid":{"rendered":"https:\/\/tammetorubbq.ee\/?post_type=product&#038;p=2017"},"modified":"2026-04-06T02:01:05","modified_gmt":"2026-04-05T23:01:05","slug":"southern-dutch-bbq-all-about-steak-rub-245g","status":"publish","type":"product","link":"https:\/\/tammetorubbq.ee\/fi\/product-2\/southern-dutch-bbq-all-about-steak-rub-245g\/","title":{"rendered":"Southern Dutch BBQ All About Steak Rub 245g"},"content":{"rendered":"<p><strong>Ainesosat:<\/strong> merisuola, mustapippuri, pippurijauhe, korianteri, chilijauhe, valkopippuri, valkosipuli, sipuli, E621, sitruunamehutiiviste (kantaja-aineena maltodekstriini), luontainen aromi, mausteuute (paprika), paakkuuntumisenestoaine (E551), v\u00e4riaine (paprikauute).<\/p>\n<p>&nbsp;<\/p>\n<p><strong>Kes on Southern Dutch BBQ<\/strong><\/p>\n<p class=\"\" data-start=\"24\" data-end=\"609\">Southern Dutch BBQ on Tom Raesin ja Dorine van Geffenin yhteinen projekti. T\u00e4m\u00e4 vahva tandem aloitti matkansa vuonna 2012 blogilla, jossa he jakavat BBQ-seikkailunsa maailman kanssa. Halu oppia kaikkea amerikkalaisesta grillauksesta johti heid\u00e4t KCBS (Kansas City Barbeque Society) -kilpailuun. Vuonna 2013 he osallistuivat ensimm\u00e4iseen kilpailuunsa - ja siit\u00e4 tuli k\u00e4\u00e4nnekohta. Siit\u00e4 l\u00e4htien he ovat tempautuneet mukaan kilpailullisen grillauksen maailmaan ja osallistuvat kilpailuihin eri puolilla maailmaa pyrkien aina tarjoamaan parhaan ja maukkaimman valikoiman niin tuomareille kuin hyville yst\u00e4villeenkin.<\/p>\n<p class=\"\" data-start=\"611\" data-end=\"748\"><em>Halu kehitty\u00e4 joka p\u00e4iv\u00e4 paremmaksi on johtanut siihen, ett\u00e4 Tom ja Dorine ovat saaneet opastusta joiltakin Yhdysvaltojen parhaista BBQ-mestareista, kuten Tuffy Stonelta ja Travis Clarkilta.<\/em><\/p>\n<p class=\"\" data-start=\"750\" data-end=\"1093\">Nyky\u00e4\u00e4n heid\u00e4n teht\u00e4v\u00e4n\u00e4\u00e4n on el\u00e4\u00e4 ja hengitt\u00e4\u00e4 BBQ:ta joka p\u00e4iv\u00e4 ja tuoda intohimonsa ja tietonsa kaikille, jotka ovat kiinnostuneita kulttuurista, urheilusta tai vain hyv\u00e4st\u00e4 ruoasta. Grillaaminen ja kilpaileminen ei ole heille vain harrastus - se on el\u00e4m\u00e4ntapa. BBQ on vienyt heid\u00e4t paikkoihin, joihin he eiv\u00e4t muuten koskaan menisi, ja luonut elinik\u00e4isi\u00e4 yst\u00e4vyyssuhteita.<\/p>","protected":false},"excerpt":{"rendered":"<p>Yksinkertainen ja nerokas - kokonaiskuvassa se on SPG (suola, pippuri, valkosipuli).<\/p>\n<p class=\"\" data-start=\"744\" data-end=\"788\"><strong data-start=\"744\" data-end=\"788\">Southern Dutch BBQ \"All About Steak Rub\"<\/strong><\/p>\n<p class=\"\" data-start=\"790\" data-end=\"1068\">T\u00e4m\u00e4 hankaus kertoo vain yhden asian: <strong data-start=\"819\" data-end=\"832\">Steigist!<\/strong><br data-start=\"832\" data-end=\"835\" \/>\"All About Steak\" on kehitetty erityisesti naudanlihan parhaiden ominaisuuksien korostamiseksi. Klassinen mustapippuriin ja suolaan perustuva hieronta, jossa on juuri oikea m\u00e4\u00e4r\u00e4 valkosipulia ja yrttej\u00e4 - t\u00e4ydellinen makusekoitus.<\/p>\n<ul data-start=\"1070\" data-end=\"1247\">\n<li class=\"\" data-start=\"1070\" data-end=\"1121\">\n<p class=\"\" data-start=\"1072\" data-end=\"1121\">Klassinen pihvihieronta aidon lihan yst\u00e4ville<\/p>\n<\/li>\n<li class=\"\" data-start=\"1122\" data-end=\"1186\">\n<p class=\"\" data-start=\"1124\" data-end=\"1186\">Suolaisuuden ja pippurisuuden tasapaino, joka pikemminkin korostaa kuin peitt\u00e4\u00e4 lihan luonnolliset aromit.<\/p>\n<\/li>\n<li class=\"\" data-start=\"1187\" data-end=\"1247\">\n<p class=\"\" data-start=\"1189\" data-end=\"1247\">Sopii naudanlihalle, hampurilaisille ja BBQ-kyljyksille.<\/p>\n<\/li>\n<\/ul>\n<p class=\"\" data-start=\"1249\" data-end=\"1314\">\ud83c\udfaf Huippugrillimestareiden luoma.<\/p>\n<p><em><strong>Etel\u00e4-Hollanti on Euroopan viime vuosien menestynein BBQ-joukkue.<\/strong><\/em><\/p>\n<p><img decoding=\"async\" class=\"alignnone size-full wp-image-2012\" src=\"http:\/\/tammetorubbq.ee\/wp-content\/uploads\/2024\/11\/southern-dutch-bbq.svg\" alt=\"Southern Dutch BBQ\" \/><\/p>","protected":false},"featured_media":2018,"comment_status":"open","ping_status":"closed","template":"","meta":{"_uf_show_specific_survey":0,"_uf_disable_surveys":false},"pwb-brand":[174],"product_brand":[],"product_cat":[21],"product_tag":[138,123,119,165],"class_list":{"0":"post-2017","1":"product","2":"type-product","3":"status-publish","4":"has-post-thumbnail","6":"pwb-brand-southern-dutch-bbq","7":"product_cat-maitseainesegud","8":"product_tag-burger","9":"product_tag-steik","10":"product_tag-veiseliha","11":"product_tag-veiseribi","13":"first","14":"instock","15":"taxable","16":"shipping-taxable","17":"purchasable","18":"product-type-simple"},"brands":[{"id":174,"name":"Southern Dutch BBQ","slug":"southern-dutch-bbq"}],"_links":{"self":[{"href":"https:\/\/tammetorubbq.ee\/fi\/wp-json\/wp\/v2\/product\/2017","targetHints":{"allow":["GET"]}}],"collection":[{"href":"https:\/\/tammetorubbq.ee\/fi\/wp-json\/wp\/v2\/product"}],"about":[{"href":"https:\/\/tammetorubbq.ee\/fi\/wp-json\/wp\/v2\/types\/product"}],"replies":[{"embeddable":true,"href":"https:\/\/tammetorubbq.ee\/fi\/wp-json\/wp\/v2\/comments?post=2017"}],"wp:featuredmedia":[{"embeddable":true,"href":"https:\/\/tammetorubbq.ee\/fi\/wp-json\/wp\/v2\/media\/2018"}],"wp:attachment":[{"href":"https:\/\/tammetorubbq.ee\/fi\/wp-json\/wp\/v2\/media?parent=2017"}],"wp:term":[{"taxonomy":"pwb-brand","embeddable":true,"href":"https:\/\/tammetorubbq.ee\/fi\/wp-json\/wp\/v2\/pwb-brand?post=2017"},{"taxonomy":"product_brand","embeddable":true,"href":"https:\/\/tammetorubbq.ee\/fi\/wp-json\/wp\/v2\/product_brand?post=2017"},{"taxonomy":"product_cat","embeddable":true,"href":"https:\/\/tammetorubbq.ee\/fi\/wp-json\/wp\/v2\/product_cat?post=2017"},{"taxonomy":"product_tag","embeddable":true,"href":"https:\/\/tammetorubbq.ee\/fi\/wp-json\/wp\/v2\/product_tag?post=2017"}],"curies":[{"name":"wp","href":"https:\/\/api.w.org\/{rel}","templated":true}]}}