{"id":2020,"date":"2024-11-04T16:02:39","date_gmt":"2024-11-04T14:02:39","guid":{"rendered":"https:\/\/tammetorubbq.ee\/?post_type=product&#038;p=2020"},"modified":"2026-04-26T17:00:16","modified_gmt":"2026-04-26T14:00:16","slug":"suncity-bbq-valimerellinen-vihannesgrillirubi-280g","status":"publish","type":"product","link":"https:\/\/tammetorubbq.ee\/fi\/product-2\/suncity-bbq-valimerellinen-vihannesgrillirubi-280g\/","title":{"rendered":"SunCity BBQ V\u00e4limeren kasvisten grillirubi 280g"},"content":{"rendered":"<p><strong>Ainesosat:<\/strong> suola, ruskea sokeri, valkosipulirakeet, sipulimurska, jauhettu timjami, jauhettu basilika, mausteet.<\/p>\n<p>&nbsp;<\/p>","protected":false},"excerpt":{"rendered":"<p data-start=\"86\" data-end=\"185\"><strong data-start=\"86\" data-end=\"185\">V\u00e4limerellinen vihannesmausteseos.<\/strong><\/p>\n<p data-start=\"187\" data-end=\"486\">Tuo aurinkoinen V\u00e4limeren maku grilliin SunCity BBQ Mediterranean Vegetable Grill Rubin avulla! T\u00e4ss\u00e4 huolellisesti tasapainotetussa mausteseoksessa yhdistyv\u00e4t aromaattiset V\u00e4limeren yrtit, valkosipuli, sipuli ja mausteet, jotka tuovat esiin vihannesten luonnolliset maut ja antavat niille erityisen savuisen s\u00e4vyn.<\/p>\n<p data-start=\"488\" data-end=\"659\">Ihanteellinen grillattaville kes\u00e4kurpitsoille, paprikoille, sienille, munakoisoille ja muille vihanneksille. Se sopii my\u00f6s erinomaisesti uunissa tai pannulla kypsent\u00e4miseen.<\/p>\n<p data-start=\"488\" data-end=\"659\"><strong data-start=\"48\" data-end=\"60\">Pro tip 1: <\/strong>Sekoita 1-2 teelusikallista seosta oliivi\u00f6ljyyn ja p\u00e4\u00e4llyst\u00e4 vihannekset ennen grillausta tai paistamista. Voidaan k\u00e4ytt\u00e4\u00e4 my\u00f6s kuivamarinadina.<\/p>\n<p data-start=\"488\" data-end=\"659\"><strong data-start=\"48\" data-end=\"60\">Pro tip 2: <\/strong>Sekoita jogurtin tai kermaviilin joukkoon ja tee nopea ja maukas dippikastike grillatuille vihanneksille - t\u00e4ydellinen kes\u00e4n lisuke!<\/p>\n<p>&nbsp;<\/p>\n<p><img loading=\"lazy\" decoding=\"async\" class=\"wp-image-2024\" src=\"http:\/\/tammetorubbq.ee\/wp-content\/uploads\/2024\/11\/SunCity-BBQ-logo-1-300x251.png\" alt=\"SunCity BBQ:n logo\" width=\"149\" height=\"125\" srcset=\"https:\/\/tammetorubbq.ee\/wp-content\/uploads\/2024\/11\/SunCity-BBQ-logo-1-300x251.png 300w, https:\/\/tammetorubbq.ee\/wp-content\/uploads\/2024\/11\/SunCity-BBQ-logo-1-768x644.png 768w, https:\/\/tammetorubbq.ee\/wp-content\/uploads\/2024\/11\/SunCity-BBQ-logo-1-14x12.png 14w, https:\/\/tammetorubbq.ee\/wp-content\/uploads\/2024\/11\/SunCity-BBQ-logo-1-600x503.png 600w, https:\/\/tammetorubbq.ee\/wp-content\/uploads\/2024\/11\/SunCity-BBQ-logo-1-64x54.png 64w, https:\/\/tammetorubbq.ee\/wp-content\/uploads\/2024\/11\/SunCity-BBQ-logo-1.png 940w\" sizes=\"auto, (max-width: 149px) 100vw, 149px\" \/><\/p>","protected":false},"featured_media":2021,"comment_status":"open","ping_status":"closed","template":"","meta":{"_uf_show_specific_survey":0,"_uf_disable_surveys":false},"pwb-brand":[180],"product_brand":[],"product_cat":[21],"product_tag":[179,121],"class_list":{"0":"post-2020","1":"product","2":"type-product","3":"status-publish","4":"has-post-thumbnail","6":"pwb-brand-suncity-bbq","7":"product_cat-maitseainesegud","8":"product_tag-friikartul","9":"product_tag-koogiviljad","11":"first","12":"instock","13":"taxable","14":"shipping-taxable","15":"purchasable","16":"product-type-simple"},"brands":[{"id":180,"name":"SunCity BBQ","slug":"suncity-bbq"}],"_links":{"self":[{"href":"https:\/\/tammetorubbq.ee\/fi\/wp-json\/wp\/v2\/product\/2020","targetHints":{"allow":["GET"]}}],"collection":[{"href":"https:\/\/tammetorubbq.ee\/fi\/wp-json\/wp\/v2\/product"}],"about":[{"href":"https:\/\/tammetorubbq.ee\/fi\/wp-json\/wp\/v2\/types\/product"}],"replies":[{"embeddable":true,"href":"https:\/\/tammetorubbq.ee\/fi\/wp-json\/wp\/v2\/comments?post=2020"}],"wp:featuredmedia":[{"embeddable":true,"href":"https:\/\/tammetorubbq.ee\/fi\/wp-json\/wp\/v2\/media\/2021"}],"wp:attachment":[{"href":"https:\/\/tammetorubbq.ee\/fi\/wp-json\/wp\/v2\/media?parent=2020"}],"wp:term":[{"taxonomy":"pwb-brand","embeddable":true,"href":"https:\/\/tammetorubbq.ee\/fi\/wp-json\/wp\/v2\/pwb-brand?post=2020"},{"taxonomy":"product_brand","embeddable":true,"href":"https:\/\/tammetorubbq.ee\/fi\/wp-json\/wp\/v2\/product_brand?post=2020"},{"taxonomy":"product_cat","embeddable":true,"href":"https:\/\/tammetorubbq.ee\/fi\/wp-json\/wp\/v2\/product_cat?post=2020"},{"taxonomy":"product_tag","embeddable":true,"href":"https:\/\/tammetorubbq.ee\/fi\/wp-json\/wp\/v2\/product_tag?post=2020"}],"curies":[{"name":"wp","href":"https:\/\/api.w.org\/{rel}","templated":true}]}}