{"id":2030,"date":"2024-11-05T12:40:17","date_gmt":"2024-11-05T10:40:17","guid":{"rendered":"https:\/\/tammetorubbq.ee\/?post_type=product&#038;p=2030"},"modified":"2026-04-05T18:01:52","modified_gmt":"2026-04-05T15:01:52","slug":"tuffy-stone-mausteinen-bbq-kastike-560g","status":"publish","type":"product","link":"https:\/\/tammetorubbq.ee\/fi\/product-2\/tuffy-stone-mausteinen-bbq-kastike-560g\/","title":{"rendered":"Tuffy Stone mausteinen BBQ-kastike 560g"},"content":{"rendered":"<p><strong>Ainesosat:<\/strong> tomaatti, valkosipuli, savupaprika, juustokumina, melassi, chipotle.<\/p>","protected":false},"excerpt":{"rendered":"<p>Tuffy Stone on ollut BBQ-maailmassa hyvin, hyvin pitk\u00e4\u00e4n. H\u00e4n on kilpaillut suurimman osan BBQ-urastaan, ja siin\u00e4 on suurin piirtein kaikki mahdolliset maailmanmestaruudet. H\u00e4n kilpaili koko ajan is\u00e4ns\u00e4 kanssa, mutta t\u00e4m\u00e4n kuoltua my\u00f6s Tuffy vet\u00e4ytyi aktiivisesta kilpailutoiminnasta. Sen sijaan h\u00e4n alkoi opettaa BBQ-taitoa sek\u00e4 suoraan ett\u00e4 YouTube-kanavallaan. Tuffy tunnetaan my\u00f6s professorina, koska h\u00e4n osaa ottaa usein yksinkertaiselta vaikuttavan asian ja tehd\u00e4 siit\u00e4 uskomattoman monimutkaisen, jossa jokainen yksityiskohta menee aivan sekaisin. Mutta kun katsoo h\u00e4nen kilpailutuloksiaan, ei ole ep\u00e4ilyst\u00e4k\u00e4\u00e4n siit\u00e4, ett\u00e4 toisinaan t\u00e4llaiseen tarkkailuun on aihetta.<\/p>\n<p>Tuffy julkaisi t\u00e4n\u00e4 vuonna uuden mauste- ja kastikesarjan. Spicy on juuri sellainen kuin nimikin kertoo - se saa suusi syttym\u00e4\u00e4n tuleen. Se on mausteinen versio h\u00e4nen alkuper\u00e4isest\u00e4 kastikkeestaan.<\/p>\n<p>Mausteita ja lis\u00e4\u00e4 mausteita. K\u00e4yt\u00e4 sit\u00e4 kaikkien lihojen maustamiseen.<\/p>\n<p>K\u00e4yt\u00e4 sit\u00e4 maustamaan muita makeita kastikkeita.<\/p>\n<p><img loading=\"lazy\" decoding=\"async\" class=\"wp-image-2029\" src=\"http:\/\/tammetorubbq.ee\/wp-content\/uploads\/2024\/11\/Tuffy-Stone-Logo-300x300.webp\" alt=\"Tuffy Stone -logo\" width=\"171\" height=\"171\" srcset=\"https:\/\/tammetorubbq.ee\/wp-content\/uploads\/2024\/11\/Tuffy-Stone-Logo-300x300.webp 300w, https:\/\/tammetorubbq.ee\/wp-content\/uploads\/2024\/11\/Tuffy-Stone-Logo-150x150.webp 150w, https:\/\/tammetorubbq.ee\/wp-content\/uploads\/2024\/11\/Tuffy-Stone-Logo-768x768.webp 768w, https:\/\/tammetorubbq.ee\/wp-content\/uploads\/2024\/11\/Tuffy-Stone-Logo-12x12.webp 12w, https:\/\/tammetorubbq.ee\/wp-content\/uploads\/2024\/11\/Tuffy-Stone-Logo-600x600.webp 600w, https:\/\/tammetorubbq.ee\/wp-content\/uploads\/2024\/11\/Tuffy-Stone-Logo-64x64.webp 64w, https:\/\/tammetorubbq.ee\/wp-content\/uploads\/2024\/11\/Tuffy-Stone-Logo.webp 1000w\" sizes=\"auto, (max-width: 171px) 100vw, 171px\" \/><\/p>","protected":false},"featured_media":2031,"comment_status":"open","ping_status":"closed","template":"","meta":{"_uf_show_specific_survey":0,"_uf_disable_surveys":false},"pwb-brand":[],"product_brand":[],"product_cat":[22],"product_tag":[],"class_list":{"0":"post-2030","1":"product","2":"type-product","3":"status-publish","4":"has-post-thumbnail","6":"product_cat-kastmed-ja-marinaadid","8":"first","9":"outofstock","10":"taxable","11":"shipping-taxable","12":"purchasable","13":"product-type-simple"},"brands":[],"_links":{"self":[{"href":"https:\/\/tammetorubbq.ee\/fi\/wp-json\/wp\/v2\/product\/2030","targetHints":{"allow":["GET"]}}],"collection":[{"href":"https:\/\/tammetorubbq.ee\/fi\/wp-json\/wp\/v2\/product"}],"about":[{"href":"https:\/\/tammetorubbq.ee\/fi\/wp-json\/wp\/v2\/types\/product"}],"replies":[{"embeddable":true,"href":"https:\/\/tammetorubbq.ee\/fi\/wp-json\/wp\/v2\/comments?post=2030"}],"wp:featuredmedia":[{"embeddable":true,"href":"https:\/\/tammetorubbq.ee\/fi\/wp-json\/wp\/v2\/media\/2031"}],"wp:attachment":[{"href":"https:\/\/tammetorubbq.ee\/fi\/wp-json\/wp\/v2\/media?parent=2030"}],"wp:term":[{"taxonomy":"pwb-brand","embeddable":true,"href":"https:\/\/tammetorubbq.ee\/fi\/wp-json\/wp\/v2\/pwb-brand?post=2030"},{"taxonomy":"product_brand","embeddable":true,"href":"https:\/\/tammetorubbq.ee\/fi\/wp-json\/wp\/v2\/product_brand?post=2030"},{"taxonomy":"product_cat","embeddable":true,"href":"https:\/\/tammetorubbq.ee\/fi\/wp-json\/wp\/v2\/product_cat?post=2030"},{"taxonomy":"product_tag","embeddable":true,"href":"https:\/\/tammetorubbq.ee\/fi\/wp-json\/wp\/v2\/product_tag?post=2030"}],"curies":[{"name":"wp","href":"https:\/\/api.w.org\/{rel}","templated":true}]}}