{"id":2034,"date":"2024-11-05T13:26:34","date_gmt":"2024-11-05T11:26:34","guid":{"rendered":"https:\/\/tammetorubbq.ee\/?post_type=product&#038;p=2034"},"modified":"2026-04-15T00:00:16","modified_gmt":"2026-04-14T21:00:16","slug":"cooklounge-alkuperainen-bbq-kastike-380g","status":"publish","type":"product","link":"https:\/\/tammetorubbq.ee\/fi\/product-2\/cooklounge-alkuperainen-bbq-kastike-380g\/","title":{"rendered":"Cooklounge Original BBQ-kastike 380g"},"content":{"rendered":"<p><strong>Ainesosat:\u00a0<\/strong><span lang=\"ET\">sokeri, tomaattimurska, omenaviinietikka, ruokosekerimelassi, mausteuutteet, muunnettu t\u00e4rkkelys, ruokasuola, viinietikka, kasvikset (valkosipuli, sipuli, paprika), mausteet, mausteet, happamuudens\u00e4\u00e4t\u00f6aine: sitruunahappo, aromi, s\u00e4il\u00f6nt\u00e4aine: kaliumsorbaatti , yrtit, karamellisoitu sokerisiirappi, paprikauute.<\/span><\/p>","protected":false},"excerpt":{"rendered":"<p><span style=\"color: #0000ff;\"><strong>2024a. arvioitu parhaaksi kastikkeeksi omassa Virossa \"GREAT TASTLE\" -kilpailussa.<\/strong><\/span><\/p>\n<p>Cooklounge BBQ Facilitator <span class=\"x1lliihq x1plvlek xryxfnj x1n2onr6 x1ji0vk5 x18bv5gf x193iq5w xeuugli x1fj9vlw x13faqbe x1vvkbs x1s928wv xhkezso x1gmr53x x1cpjm7i x1fgarty x1943h6x x1i0vuye xvs91rp x1s688f x5n08af x10wh9bi x1wdrske x8viiok x18hxmgj\" dir=\"auto\">Geri Hochgatterer <\/span>on eritt\u00e4in tunnettu nimi Euroopassa, erityisesti kilpailumaailmassa. H\u00e4n on Euroopan kausien 2022 ja 2023 mestari.<\/p>\n<p>Original Sauce on k\u00e4ynyt my\u00f6s Amerikassa suuressa BBQ-kastikekilpailussa ja palasi sielt\u00e4 toiseksi.<\/p>\n<p>Se on herkullisen makea kastike. Sopii hyvin sianlihalle eri muodoissa, jos haluat makeaa kanaa, kokeile sit\u00e4 my\u00f6s siin\u00e4.<\/p>\n<p>&nbsp;<\/p>\n<p><img loading=\"lazy\" decoding=\"async\" class=\"alignnone wp-image-2036\" src=\"http:\/\/www.tammetorubbq.ee\/wp-content\/uploads\/2024\/11\/Cooklounge-BBQ-logo-288x300.png\" alt=\"\" width=\"164\" height=\"171\" srcset=\"https:\/\/tammetorubbq.ee\/wp-content\/uploads\/2024\/11\/Cooklounge-BBQ-logo-288x300.png 288w, https:\/\/tammetorubbq.ee\/wp-content\/uploads\/2024\/11\/Cooklounge-BBQ-logo-982x1024.png 982w, https:\/\/tammetorubbq.ee\/wp-content\/uploads\/2024\/11\/Cooklounge-BBQ-logo-768x801.png 768w, https:\/\/tammetorubbq.ee\/wp-content\/uploads\/2024\/11\/Cooklounge-BBQ-logo-1473x1536.png 1473w, https:\/\/tammetorubbq.ee\/wp-content\/uploads\/2024\/11\/Cooklounge-BBQ-logo-1963x2048.png 1963w, https:\/\/tammetorubbq.ee\/wp-content\/uploads\/2024\/11\/Cooklounge-BBQ-logo-12x12.png 12w, https:\/\/tammetorubbq.ee\/wp-content\/uploads\/2024\/11\/Cooklounge-BBQ-logo-600x626.png 600w, https:\/\/tammetorubbq.ee\/wp-content\/uploads\/2024\/11\/Cooklounge-BBQ-logo-64x67.png 64w\" sizes=\"auto, (max-width: 164px) 100vw, 164px\" \/><\/p>","protected":false},"featured_media":2052,"comment_status":"open","ping_status":"closed","template":"","meta":{"_uf_show_specific_survey":0,"_uf_disable_surveys":false},"pwb-brand":[],"product_brand":[],"product_cat":[22],"product_tag":[],"class_list":{"0":"post-2034","1":"product","2":"type-product","3":"status-publish","4":"has-post-thumbnail","6":"product_cat-kastmed-ja-marinaadid","8":"first","9":"outofstock","10":"taxable","11":"shipping-taxable","12":"purchasable","13":"product-type-simple"},"brands":[],"_links":{"self":[{"href":"https:\/\/tammetorubbq.ee\/fi\/wp-json\/wp\/v2\/product\/2034","targetHints":{"allow":["GET"]}}],"collection":[{"href":"https:\/\/tammetorubbq.ee\/fi\/wp-json\/wp\/v2\/product"}],"about":[{"href":"https:\/\/tammetorubbq.ee\/fi\/wp-json\/wp\/v2\/types\/product"}],"replies":[{"embeddable":true,"href":"https:\/\/tammetorubbq.ee\/fi\/wp-json\/wp\/v2\/comments?post=2034"}],"wp:featuredmedia":[{"embeddable":true,"href":"https:\/\/tammetorubbq.ee\/fi\/wp-json\/wp\/v2\/media\/2052"}],"wp:attachment":[{"href":"https:\/\/tammetorubbq.ee\/fi\/wp-json\/wp\/v2\/media?parent=2034"}],"wp:term":[{"taxonomy":"pwb-brand","embeddable":true,"href":"https:\/\/tammetorubbq.ee\/fi\/wp-json\/wp\/v2\/pwb-brand?post=2034"},{"taxonomy":"product_brand","embeddable":true,"href":"https:\/\/tammetorubbq.ee\/fi\/wp-json\/wp\/v2\/product_brand?post=2034"},{"taxonomy":"product_cat","embeddable":true,"href":"https:\/\/tammetorubbq.ee\/fi\/wp-json\/wp\/v2\/product_cat?post=2034"},{"taxonomy":"product_tag","embeddable":true,"href":"https:\/\/tammetorubbq.ee\/fi\/wp-json\/wp\/v2\/product_tag?post=2034"}],"curies":[{"name":"wp","href":"https:\/\/api.w.org\/{rel}","templated":true}]}}