{"id":2037,"date":"2024-11-05T13:40:42","date_gmt":"2024-11-05T11:40:42","guid":{"rendered":"https:\/\/tammetorubbq.ee\/?post_type=product&#038;p=2037"},"modified":"2026-05-07T19:00:13","modified_gmt":"2026-05-07T16:00:13","slug":"heath-riles-sweet-bbq-sauce-473g","status":"publish","type":"product","link":"https:\/\/tammetorubbq.ee\/fi\/toode\/heath-riles-sweet-bbq-kaste-473g\/","title":{"rendered":"Heath Riles Sweet BBQ-kastike 473g"},"content":{"rendered":"<p><strong>Ainesosat:<\/strong> ruskea sokeri; ketsuppi (tomaatit, korkeafruktoosinen maissisiirappi, maissisiirappi,<br \/>\nsipulijauhe, luontaiset mausteet); vesi; hunaja; sinappi (sinapinsiemenet, kurkuma, paprika,<br \/>\nvalkosipulijauhe); tislattu etikka; Worchestershire-kastike (melassi, omenahappo, sitruunahappo,<br \/>\ndekstroosi, selluloosakumi, luonnollinen savuaromi); suola; muunnettu maissit\u00e4rkkelys; mausteet;<br \/>\nkuivattu valkosipuli; kuivattu sipuli; sitruunahappo; natriumbentsoaatti, kaliumsorbaatti;<br \/>\nksantaankummi.<\/p>","protected":false},"excerpt":{"rendered":"<p>Heath Riles on mies, joka on voittanut lukemattomia titteleit\u00e4 maailmanmestaruusluokassa. Viime vuosina h\u00e4n on pysynyt haastamattomana. H\u00e4n tekee sen aina mausteillaan ja kastikkeillaan, ja h\u00e4nen makea bbq-kastikkeensa on kiinte\u00e4 osa h\u00e4nen rib-resepti\u00e4\u00e4n.<\/p>\n<p>T\u00e4m\u00e4 on ns. T\u00e4m\u00e4 on puolet h\u00e4nen kastikkeestaan, joten se on sekoitettava 50:50 h\u00e4nen etikkakastikkeeseensa t\u00e4ydellisen kuorrutuksen saamiseksi. Yksin\u00e4\u00e4n se on selv\u00e4sti klassinen makea BBQ-kastike.<\/p>\n<p>Miss\u00e4 tahansa oletkin k\u00e4ytt\u00e4nyt BBQ-kastiketta, kokeile Heath Rilesin kastiketta, etk\u00e4 tule katumaan.<\/p>\n<p><img loading=\"lazy\" decoding=\"async\" class=\"wp-image-1567\" src=\"http:\/\/tammetorubbq.ee\/wp-content\/uploads\/2024\/03\/Heath_Riles_logo-300x300.webp\" alt=\"Heath_Riles_logo\" width=\"218\" height=\"218\" srcset=\"https:\/\/tammetorubbq.ee\/wp-content\/uploads\/2024\/03\/Heath_Riles_logo-300x300.webp 300w, https:\/\/tammetorubbq.ee\/wp-content\/uploads\/2024\/03\/Heath_Riles_logo-150x150.webp 150w, https:\/\/tammetorubbq.ee\/wp-content\/uploads\/2024\/03\/Heath_Riles_logo-12x12.webp 12w, https:\/\/tammetorubbq.ee\/wp-content\/uploads\/2024\/03\/Heath_Riles_logo-64x64.webp 64w, https:\/\/tammetorubbq.ee\/wp-content\/uploads\/2024\/03\/Heath_Riles_logo.webp 480w\" sizes=\"auto, (max-width: 218px) 100vw, 218px\" \/><\/p>","protected":false},"featured_media":2038,"comment_status":"open","ping_status":"closed","template":"","meta":{"_uf_show_specific_survey":0,"_uf_disable_surveys":false},"pwb-brand":[84],"product_brand":[],"product_cat":[22],"product_tag":[347],"class_list":{"0":"post-2037","1":"product","2":"type-product","3":"status-publish","4":"has-post-thumbnail","6":"pwb-brand-heath-riles","7":"product_cat-kastmed-ja-marinaadid","8":"product_tag-heath-riles","10":"first","11":"outofstock","12":"taxable","13":"shipping-taxable","14":"purchasable","15":"product-type-simple"},"brands":[{"id":84,"name":"Heath Riles","slug":"heath-riles"}],"_links":{"self":[{"href":"https:\/\/tammetorubbq.ee\/fi\/wp-json\/wp\/v2\/product\/2037","targetHints":{"allow":["GET"]}}],"collection":[{"href":"https:\/\/tammetorubbq.ee\/fi\/wp-json\/wp\/v2\/product"}],"about":[{"href":"https:\/\/tammetorubbq.ee\/fi\/wp-json\/wp\/v2\/types\/product"}],"replies":[{"embeddable":true,"href":"https:\/\/tammetorubbq.ee\/fi\/wp-json\/wp\/v2\/comments?post=2037"}],"wp:featuredmedia":[{"embeddable":true,"href":"https:\/\/tammetorubbq.ee\/fi\/wp-json\/wp\/v2\/media\/2038"}],"wp:attachment":[{"href":"https:\/\/tammetorubbq.ee\/fi\/wp-json\/wp\/v2\/media?parent=2037"}],"wp:term":[{"taxonomy":"pwb-brand","embeddable":true,"href":"https:\/\/tammetorubbq.ee\/fi\/wp-json\/wp\/v2\/pwb-brand?post=2037"},{"taxonomy":"product_brand","embeddable":true,"href":"https:\/\/tammetorubbq.ee\/fi\/wp-json\/wp\/v2\/product_brand?post=2037"},{"taxonomy":"product_cat","embeddable":true,"href":"https:\/\/tammetorubbq.ee\/fi\/wp-json\/wp\/v2\/product_cat?post=2037"},{"taxonomy":"product_tag","embeddable":true,"href":"https:\/\/tammetorubbq.ee\/fi\/wp-json\/wp\/v2\/product_tag?post=2037"}],"curies":[{"name":"wp","href":"https:\/\/api.w.org\/{rel}","templated":true}]}}