{"id":2039,"date":"2024-11-05T13:46:13","date_gmt":"2024-11-05T11:46:13","guid":{"rendered":"https:\/\/tammetorubbq.ee\/?post_type=product&#038;p=2039"},"modified":"2026-04-15T06:00:09","modified_gmt":"2026-04-15T03:00:09","slug":"eat-most-powerful-stuff-rub-210g","status":"publish","type":"product","link":"https:\/\/tammetorubbq.ee\/fi\/product-2\/eat-most-powerful-stuff-rub-210g\/","title":{"rendered":"EAT Most Powerful Stuff Rub 210g"},"content":{"rendered":"<p><strong>Ainesosat:<\/strong> suola, sokeri, mausteet (mukaan lukien chilit ja sinappi), ruskea sokeri, mononatriumglutamaatti, paprika, kuivattu valkosipuli ja sipuli, valkosipulijauhe.<\/p>","protected":false},"excerpt":{"rendered":"<p>EAT Most Powerful stuff - Mies t\u00e4m\u00e4n BBQ rubin takana on yht\u00e4 kova kuin Rod Gray. H\u00e4n on KCBS:n nykyinen johtaja, mutta sit\u00e4 ennen h\u00e4n johti omaa Pellet Envy -tiimi\u00e4\u00e4n, joka voitti kaikki t\u00e4rkeimm\u00e4t kilpailut ja tuli tunnetuksi my\u00f6s voitettuaan BBQ Pitmasters -tv-sarjan. Rod ei kutsu t\u00e4t\u00e4 rubia mahtavaksi aineeksi, sen kanssa pit\u00e4\u00e4 olla varovainen, oikealla m\u00e4\u00e4r\u00e4ll\u00e4 saa maailman parasta lihaa, liika saa suupielet vet\u00e4m\u00e4\u00e4n.<\/p>\n<p>EAT Most Powerful stuff on tarkoitettu niille, jotka eiv\u00e4t halua vain makeutta, vaan odottavat my\u00f6s mukavaa pamahdusta \"kuuman\" kielen takaosaan. T\u00e4m\u00e4n kanssa on oltava varovainen, jos ei pid\u00e4 mausteisista jutuista.<\/p>\n<p>Voit k\u00e4ytt\u00e4\u00e4 sit\u00e4 esimerkiksi kylkiluiden toisena hierontana tai laittaa sit\u00e4 ensin suosikkilihallesi ja sitten vasta t\u00e4lle, jotta se antaa sille hieman mausteisuutta ja lis\u00e4\u00e4 makua.<\/p>\n<p>&nbsp;<\/p>","protected":false},"featured_media":2040,"comment_status":"open","ping_status":"closed","template":"","meta":{"_uf_show_specific_survey":0,"_uf_disable_surveys":false},"pwb-brand":[],"product_brand":[],"product_cat":[21],"product_tag":[],"class_list":{"0":"post-2039","1":"product","2":"type-product","3":"status-publish","4":"has-post-thumbnail","6":"product_cat-maitseainesegud","8":"first","9":"outofstock","10":"taxable","11":"shipping-taxable","12":"purchasable","13":"product-type-simple"},"brands":[],"_links":{"self":[{"href":"https:\/\/tammetorubbq.ee\/fi\/wp-json\/wp\/v2\/product\/2039","targetHints":{"allow":["GET"]}}],"collection":[{"href":"https:\/\/tammetorubbq.ee\/fi\/wp-json\/wp\/v2\/product"}],"about":[{"href":"https:\/\/tammetorubbq.ee\/fi\/wp-json\/wp\/v2\/types\/product"}],"replies":[{"embeddable":true,"href":"https:\/\/tammetorubbq.ee\/fi\/wp-json\/wp\/v2\/comments?post=2039"}],"wp:featuredmedia":[{"embeddable":true,"href":"https:\/\/tammetorubbq.ee\/fi\/wp-json\/wp\/v2\/media\/2040"}],"wp:attachment":[{"href":"https:\/\/tammetorubbq.ee\/fi\/wp-json\/wp\/v2\/media?parent=2039"}],"wp:term":[{"taxonomy":"pwb-brand","embeddable":true,"href":"https:\/\/tammetorubbq.ee\/fi\/wp-json\/wp\/v2\/pwb-brand?post=2039"},{"taxonomy":"product_brand","embeddable":true,"href":"https:\/\/tammetorubbq.ee\/fi\/wp-json\/wp\/v2\/product_brand?post=2039"},{"taxonomy":"product_cat","embeddable":true,"href":"https:\/\/tammetorubbq.ee\/fi\/wp-json\/wp\/v2\/product_cat?post=2039"},{"taxonomy":"product_tag","embeddable":true,"href":"https:\/\/tammetorubbq.ee\/fi\/wp-json\/wp\/v2\/product_tag?post=2039"}],"curies":[{"name":"wp","href":"https:\/\/api.w.org\/{rel}","templated":true}]}}