{"id":2041,"date":"2024-11-05T13:54:02","date_gmt":"2024-11-05T11:54:02","guid":{"rendered":"https:\/\/tammetorubbq.ee\/?post_type=product&#038;p=2041"},"modified":"2026-04-14T22:00:21","modified_gmt":"2026-04-14T19:00:21","slug":"lihakirkko-blanco-rub-340g","status":"publish","type":"product","link":"https:\/\/tammetorubbq.ee\/fi\/product-2\/lihakirkko-blanco-rub-340g\/","title":{"rendered":"Lihakirkko Blanco Rub 340g"},"content":{"rendered":"<p><strong>Ainesosat<\/strong>: suola, mausteet, dehydratoitu valkosipuli, dehydratoitu sipuli, natriumglutamaatti, voiaromi (maltodekstriini, suola, luonnonmukainen auringonkukka\u00f6ljy, entsyymimodifioitu auringonkukka\u00f6ljy, riisit\u00e4rkkelys, luontaiset aromit, tokoferoli tuoreuden vuoksi).<\/p>","protected":false},"excerpt":{"rendered":"<p>Lihakirkkomausteet ovat osoittautuneet varsin suosituiksi Virossa, ja Blanco on haluttu jatke Mattin maustevalikoimassa ja meid\u00e4n valikoimassamme. T\u00e4m\u00e4 suolainen mausteseos on ennen kaikkea pihvi\u00e4 varten, niin sanoo purkin Matt, ja niin se todellakin on.<\/p>\n<p>\u00c4l\u00e4 h\u00e4mmenny nimest\u00e4 Blanco, se ei ole niin valkoista, vaan siin\u00e4 on silti pippuria.<\/p>\n<p>Pihvi, pihvi ja, jos ymm\u00e4rr\u00e4t suolaisuuden, kaikki muutkin arkiset asiat. Sinun on osattava annostella.<\/p>\n<p>&nbsp;<\/p>\n<p><img loading=\"lazy\" decoding=\"async\" class=\"wp-image-1702\" src=\"http:\/\/www.tammetorubbq.ee\/wp-content\/uploads\/2024\/02\/Meat-Church-logo-300x300.webp\" alt=\"Lihakirkon logo\" width=\"201\" height=\"201\" \/><\/p>","protected":false},"featured_media":2042,"comment_status":"open","ping_status":"closed","template":"","meta":{"_uf_show_specific_survey":0,"_uf_disable_surveys":false},"pwb-brand":[96],"product_brand":[],"product_cat":[21],"product_tag":[],"class_list":{"0":"post-2041","1":"product","2":"type-product","3":"status-publish","4":"has-post-thumbnail","6":"pwb-brand-meat-church","7":"product_cat-maitseainesegud","9":"first","10":"outofstock","11":"taxable","12":"shipping-taxable","13":"purchasable","14":"product-type-simple"},"brands":[{"id":96,"name":"Lihakirkko","slug":"meat-church"}],"_links":{"self":[{"href":"https:\/\/tammetorubbq.ee\/fi\/wp-json\/wp\/v2\/product\/2041","targetHints":{"allow":["GET"]}}],"collection":[{"href":"https:\/\/tammetorubbq.ee\/fi\/wp-json\/wp\/v2\/product"}],"about":[{"href":"https:\/\/tammetorubbq.ee\/fi\/wp-json\/wp\/v2\/types\/product"}],"replies":[{"embeddable":true,"href":"https:\/\/tammetorubbq.ee\/fi\/wp-json\/wp\/v2\/comments?post=2041"}],"wp:featuredmedia":[{"embeddable":true,"href":"https:\/\/tammetorubbq.ee\/fi\/wp-json\/wp\/v2\/media\/2042"}],"wp:attachment":[{"href":"https:\/\/tammetorubbq.ee\/fi\/wp-json\/wp\/v2\/media?parent=2041"}],"wp:term":[{"taxonomy":"pwb-brand","embeddable":true,"href":"https:\/\/tammetorubbq.ee\/fi\/wp-json\/wp\/v2\/pwb-brand?post=2041"},{"taxonomy":"product_brand","embeddable":true,"href":"https:\/\/tammetorubbq.ee\/fi\/wp-json\/wp\/v2\/product_brand?post=2041"},{"taxonomy":"product_cat","embeddable":true,"href":"https:\/\/tammetorubbq.ee\/fi\/wp-json\/wp\/v2\/product_cat?post=2041"},{"taxonomy":"product_tag","embeddable":true,"href":"https:\/\/tammetorubbq.ee\/fi\/wp-json\/wp\/v2\/product_tag?post=2041"}],"curies":[{"name":"wp","href":"https:\/\/api.w.org\/{rel}","templated":true}]}}