{"id":2045,"date":"2024-11-05T14:04:02","date_gmt":"2024-11-05T12:04:02","guid":{"rendered":"https:\/\/tammetorubbq.ee\/?post_type=product&#038;p=2045"},"modified":"2026-04-15T03:00:25","modified_gmt":"2026-04-15T00:00:25","slug":"kosmos-q-original-naudanlihan-rintafilee-sianliharasva-453g","status":"publish","type":"product","link":"https:\/\/tammetorubbq.ee\/fi\/product-2\/kosmos-q-original-naudanlihan-rintafilee-sianliharasva-453g\/","title":{"rendered":"Kosmo's Q Original Beef Brisket injektio 453g"},"content":{"rendered":"<p><strong>Ainesosat<\/strong>: hydrolysoitu soijaproteiini (sis\u00e4lt\u00e4\u00e4 suolaa), natriumfosfaatti (35%), autolysoitu hiiva, dinatriuminosinaatti ja dinatriumguanylaatti, ksantaanikumi.<\/p>\n<p>Sis\u00e4lt\u00e4\u00e4: soijaa<\/p>","protected":false},"excerpt":{"rendered":"<p>T\u00e4ydellist\u00e4 rintafileegrillausta varten on yksi merkki, jonka yh\u00e4 useammat kilpailukykyiset grillimestarit ymp\u00e4ri maailmaa valitsevat palkittuna salaisena aseenaan.<\/p>\n<p>Kosmo`s Q on muuttanut grillaajien tapaa valmistaa ruokaa k\u00e4ytt\u00e4m\u00e4ll\u00e4 patentoitua suolaseosta, joka s\u00e4ilytt\u00e4\u00e4 kosteuden ja antaa rintafileelle luonnollisen naudanlihan maun.<\/p>\n<p>&nbsp;<\/p>\n<p><img loading=\"lazy\" decoding=\"async\" class=\"wp-image-1698\" src=\"http:\/\/tammetorubbq.ee\/wp-content\/uploads\/2024\/05\/Kosmos-Q-logo.avif\" alt=\"Kosmon Q\" width=\"144\" height=\"108\" srcset=\"https:\/\/tammetorubbq.ee\/wp-content\/uploads\/2024\/05\/Kosmos-Q-logo.avif 258w, https:\/\/tammetorubbq.ee\/wp-content\/uploads\/2024\/05\/Kosmos-Q-logo-16x12.avif 16w, https:\/\/tammetorubbq.ee\/wp-content\/uploads\/2024\/05\/Kosmos-Q-logo-64x48.avif 64w\" sizes=\"auto, (max-width: 144px) 100vw, 144px\" \/><\/p>","protected":false},"featured_media":2046,"comment_status":"open","ping_status":"closed","template":"","meta":{"_uf_show_specific_survey":0,"_uf_disable_surveys":false},"pwb-brand":[81],"product_brand":[],"product_cat":[22],"product_tag":[],"class_list":{"0":"post-2045","1":"product","2":"type-product","3":"status-publish","4":"has-post-thumbnail","6":"pwb-brand-kosmos-q","7":"product_cat-kastmed-ja-marinaadid","9":"first","10":"instock","11":"taxable","12":"shipping-taxable","13":"purchasable","14":"product-type-simple"},"brands":[{"id":81,"name":"Kosmon Q","slug":"kosmos-q"}],"_links":{"self":[{"href":"https:\/\/tammetorubbq.ee\/fi\/wp-json\/wp\/v2\/product\/2045","targetHints":{"allow":["GET"]}}],"collection":[{"href":"https:\/\/tammetorubbq.ee\/fi\/wp-json\/wp\/v2\/product"}],"about":[{"href":"https:\/\/tammetorubbq.ee\/fi\/wp-json\/wp\/v2\/types\/product"}],"replies":[{"embeddable":true,"href":"https:\/\/tammetorubbq.ee\/fi\/wp-json\/wp\/v2\/comments?post=2045"}],"wp:featuredmedia":[{"embeddable":true,"href":"https:\/\/tammetorubbq.ee\/fi\/wp-json\/wp\/v2\/media\/2046"}],"wp:attachment":[{"href":"https:\/\/tammetorubbq.ee\/fi\/wp-json\/wp\/v2\/media?parent=2045"}],"wp:term":[{"taxonomy":"pwb-brand","embeddable":true,"href":"https:\/\/tammetorubbq.ee\/fi\/wp-json\/wp\/v2\/pwb-brand?post=2045"},{"taxonomy":"product_brand","embeddable":true,"href":"https:\/\/tammetorubbq.ee\/fi\/wp-json\/wp\/v2\/product_brand?post=2045"},{"taxonomy":"product_cat","embeddable":true,"href":"https:\/\/tammetorubbq.ee\/fi\/wp-json\/wp\/v2\/product_cat?post=2045"},{"taxonomy":"product_tag","embeddable":true,"href":"https:\/\/tammetorubbq.ee\/fi\/wp-json\/wp\/v2\/product_tag?post=2045"}],"curies":[{"name":"wp","href":"https:\/\/api.w.org\/{rel}","templated":true}]}}