{"id":2053,"date":"2024-11-05T15:13:56","date_gmt":"2024-11-05T13:13:56","guid":{"rendered":"https:\/\/tammetorubbq.ee\/?post_type=product&#038;p=2053"},"modified":"2026-04-15T00:00:07","modified_gmt":"2026-04-14T21:00:07","slug":"richard-fergola-sweet-rub-318g","status":"publish","type":"product","link":"https:\/\/tammetorubbq.ee\/fi\/product-2\/richard-fergola-sweet-rub-318g\/","title":{"rendered":"Richard Fergola Sweet Rub 318g"},"content":{"rendered":"<p><strong>Ainesosat:<\/strong> suola, sokeri, mausteet, chili, maltodekstriini, paprika, valkosipuli, sipuli, ruskea sokeri ja hunaja, paakkuuntumisenestoaineet.<\/p>","protected":false},"excerpt":{"rendered":"<p><strong>Richard Fergola - mies, josta on tullut todellinen laadun ja tiet\u00e4myksen symboli BBQ-yhteis\u00f6ss\u00e4.<\/strong><\/p>\n<p data-start=\"127\" data-end=\"401\">Luonut legendaarinen kuoppamestari Richard Fergola <strong data-start=\"173\" data-end=\"186\">Sweet Rub<\/strong> on todellinen herkkupala kaikille BBQ:n yst\u00e4ville. T\u00e4m\u00e4 makea ja mausteinen makusekoitus tuo esiin lihan luonnollisen mehukkuuden ja tarjoaa t\u00e4ydellisen tasapainon ruskean sokerin, paprikan, valkosipulin ja mausteisten s\u00e4vyjen v\u00e4lill\u00e4.<\/p>\n<p data-start=\"403\" data-end=\"589\">Sopii erinomaisesti kyljysten, possun niskan, kanan, siipien ja jopa vihannesten maustamiseen. - <strong data-start=\"484\" data-end=\"504\">Fergolicious BBQ<\/strong> tuotemerkin rub on toistuvasti voittanut huippupalkintoja yhdysvaltalaisissa grillauskilpailuissa.<\/p>\n<p>\u2714\ufe0fMagus ja hieman savuinen profiili<br data-start=\"626\" data-end=\"629\" \/>\u2714\ufe0f Amerikkalaisten BBQ-mestareiden mieltymykset<br data-start=\"662\" data-end=\"665\" \/>\u2714\ufe0fSobib savustamiseen, grillaamiseen ja uunissa kypsent\u00e4miseen.<br data-start=\"724\" data-end=\"727\" \/>\u2714\ufe0fGluteenivaba<\/p>\n<p><strong>\ud83d\udc4c 10\/10 searibile.\u00a0<\/strong><\/p>\n<p data-start=\"743\" data-end=\"879\"><strong data-start=\"743\" data-end=\"755\">\ud83d\udca1Pro vinkki:<\/strong> P\u00e4\u00e4llyst\u00e4 liha ohuella sinappikerroksella ennen mausteiden lis\u00e4\u00e4mist\u00e4 - t\u00e4m\u00e4 auttaa hierontaa kovettumaan paremmin ja makua tunkeutumaan syvemm\u00e4lle!<\/p>\n<p><img loading=\"lazy\" decoding=\"async\" class=\"wp-image-2007\" src=\"http:\/\/tammetorubbq.ee\/wp-content\/uploads\/2024\/11\/Richardfergolabbq-298x300.jpg\" alt=\"Richardfergolabbq\" width=\"189\" height=\"190\" srcset=\"https:\/\/tammetorubbq.ee\/wp-content\/uploads\/2024\/11\/Richardfergolabbq-298x300.jpg 298w, https:\/\/tammetorubbq.ee\/wp-content\/uploads\/2024\/11\/Richardfergolabbq-150x150.jpg 150w, https:\/\/tammetorubbq.ee\/wp-content\/uploads\/2024\/11\/Richardfergolabbq-768x774.jpg 768w, https:\/\/tammetorubbq.ee\/wp-content\/uploads\/2024\/11\/Richardfergolabbq-12x12.jpg 12w, https:\/\/tammetorubbq.ee\/wp-content\/uploads\/2024\/11\/Richardfergolabbq-300x300.jpg 300w, https:\/\/tammetorubbq.ee\/wp-content\/uploads\/2024\/11\/Richardfergolabbq-600x605.jpg 600w, https:\/\/tammetorubbq.ee\/wp-content\/uploads\/2024\/11\/Richardfergolabbq-64x65.jpg 64w, https:\/\/tammetorubbq.ee\/wp-content\/uploads\/2024\/11\/Richardfergolabbq.jpg 952w\" sizes=\"auto, (max-width: 189px) 100vw, 189px\" \/><\/p>\n<p>&nbsp;<\/p>","protected":false},"featured_media":2054,"comment_status":"open","ping_status":"closed","template":"","meta":{"_uf_show_specific_survey":0,"_uf_disable_surveys":false},"pwb-brand":[],"product_brand":[],"product_cat":[21],"product_tag":[],"class_list":{"0":"post-2053","1":"product","2":"type-product","3":"status-publish","4":"has-post-thumbnail","6":"product_cat-maitseainesegud","8":"first","9":"outofstock","10":"taxable","11":"shipping-taxable","12":"purchasable","13":"product-type-simple"},"brands":[],"_links":{"self":[{"href":"https:\/\/tammetorubbq.ee\/fi\/wp-json\/wp\/v2\/product\/2053","targetHints":{"allow":["GET"]}}],"collection":[{"href":"https:\/\/tammetorubbq.ee\/fi\/wp-json\/wp\/v2\/product"}],"about":[{"href":"https:\/\/tammetorubbq.ee\/fi\/wp-json\/wp\/v2\/types\/product"}],"replies":[{"embeddable":true,"href":"https:\/\/tammetorubbq.ee\/fi\/wp-json\/wp\/v2\/comments?post=2053"}],"wp:featuredmedia":[{"embeddable":true,"href":"https:\/\/tammetorubbq.ee\/fi\/wp-json\/wp\/v2\/media\/2054"}],"wp:attachment":[{"href":"https:\/\/tammetorubbq.ee\/fi\/wp-json\/wp\/v2\/media?parent=2053"}],"wp:term":[{"taxonomy":"pwb-brand","embeddable":true,"href":"https:\/\/tammetorubbq.ee\/fi\/wp-json\/wp\/v2\/pwb-brand?post=2053"},{"taxonomy":"product_brand","embeddable":true,"href":"https:\/\/tammetorubbq.ee\/fi\/wp-json\/wp\/v2\/product_brand?post=2053"},{"taxonomy":"product_cat","embeddable":true,"href":"https:\/\/tammetorubbq.ee\/fi\/wp-json\/wp\/v2\/product_cat?post=2053"},{"taxonomy":"product_tag","embeddable":true,"href":"https:\/\/tammetorubbq.ee\/fi\/wp-json\/wp\/v2\/product_tag?post=2053"}],"curies":[{"name":"wp","href":"https:\/\/api.w.org\/{rel}","templated":true}]}}