{"id":2067,"date":"2024-11-06T19:22:23","date_gmt":"2024-11-06T17:22:23","guid":{"rendered":"https:\/\/tammetorubbq.ee\/?post_type=product&#038;p=2067"},"modified":"2026-04-15T02:00:17","modified_gmt":"2026-04-14T23:00:17","slug":"stokes-siideri-ja-madaroikan-sinappi-185g","status":"publish","type":"product","link":"https:\/\/tammetorubbq.ee\/fi\/product-2\/stokes-siideri-ja-madaroikan-sinappi-185g\/","title":{"rendered":"Stokes siideri ja piparjuurisinappi 185g T\u00e4ysjyv\u00e4sinappi 185g"},"content":{"rendered":"<p><strong>Ainesosat:<\/strong> etikka (21%), vesi, kellert\u00e4v\u00e4 v\u00e4ri <strong>sinapinsiemeni\u00e4<\/strong>\u00a0(16%), ruskea\u00a0<strong>sinapinsiemeni\u00e4<\/strong>\u00a0(14%), englantilainen siideri (11%), (<strong>sulfiitti<\/strong>), sokeri, piparjuurijauhe (6%), merisuola.<\/p>\n<p>Ravintoarvo 100 g:ssa: energia 937 kcal\/223 kJ, rasva 1,1 g, josta tyydyttynytt\u00e4 rasvaa 0,6 g, hiilihydraatit 22 g, josta sokereita 14 g, proteiini 8,2 g, suola 2,5 g.<\/p>\n<p>&nbsp;<\/p>\n<p>&nbsp;<\/p>","protected":false},"excerpt":{"rendered":"<p>Siiderietikan, englantilaisen luonnonsiiderin, piparjuuri sek\u00e4 keltaisten ja mustien sinapinsiementen sekoituksesta valmistetussa sinapissa on kaikkea!<\/p>\n<p>Valmistettu aidosta siiderist\u00e4 ja piparjuuresta. J\u00e4nnitt\u00e4v\u00e4 ja herkullisen kerroksellinen maku.<\/p>\n<p>Ainutlaatuinen ainesosien yhdistelm\u00e4, joka on kokeilemisen arvoinen ja antaa ruokiin miellytt\u00e4v\u00e4n maun ja tuoksun.<\/p>\n<p>&nbsp;<\/p>\n<p>STOKES - Ensiluokkaiset kastikkeet, ketsupit ja sinapit, jotka ovat korkealaatuisia Englannista.<\/p>\n<p><img loading=\"lazy\" decoding=\"async\" class=\"alignnone wp-image-1551\" src=\"http:\/\/tammetorubbq.ee\/wp-content\/uploads\/2023\/12\/stokes-logo-vector-1.png\" alt=\"\" width=\"173\" height=\"96\" srcset=\"https:\/\/tammetorubbq.ee\/wp-content\/uploads\/2023\/12\/stokes-logo-vector-1.png 300w, https:\/\/tammetorubbq.ee\/wp-content\/uploads\/2023\/12\/stokes-logo-vector-1-18x10.png 18w, https:\/\/tammetorubbq.ee\/wp-content\/uploads\/2023\/12\/stokes-logo-vector-1-64x35.png 64w\" sizes=\"auto, (max-width: 173px) 100vw, 173px\" \/><\/p>","protected":false},"featured_media":2068,"comment_status":"open","ping_status":"closed","template":"","meta":{"_uf_show_specific_survey":0,"_uf_disable_surveys":false},"pwb-brand":[89],"product_brand":[],"product_cat":[22],"product_tag":[],"class_list":{"0":"post-2067","1":"product","2":"type-product","3":"status-publish","4":"has-post-thumbnail","6":"pwb-brand-stokes","7":"product_cat-kastmed-ja-marinaadid","9":"first","10":"outofstock","11":"taxable","12":"shipping-taxable","13":"purchasable","14":"product-type-simple"},"brands":[{"id":89,"name":"Stokes","slug":"stokes"}],"_links":{"self":[{"href":"https:\/\/tammetorubbq.ee\/fi\/wp-json\/wp\/v2\/product\/2067","targetHints":{"allow":["GET"]}}],"collection":[{"href":"https:\/\/tammetorubbq.ee\/fi\/wp-json\/wp\/v2\/product"}],"about":[{"href":"https:\/\/tammetorubbq.ee\/fi\/wp-json\/wp\/v2\/types\/product"}],"replies":[{"embeddable":true,"href":"https:\/\/tammetorubbq.ee\/fi\/wp-json\/wp\/v2\/comments?post=2067"}],"wp:featuredmedia":[{"embeddable":true,"href":"https:\/\/tammetorubbq.ee\/fi\/wp-json\/wp\/v2\/media\/2068"}],"wp:attachment":[{"href":"https:\/\/tammetorubbq.ee\/fi\/wp-json\/wp\/v2\/media?parent=2067"}],"wp:term":[{"taxonomy":"pwb-brand","embeddable":true,"href":"https:\/\/tammetorubbq.ee\/fi\/wp-json\/wp\/v2\/pwb-brand?post=2067"},{"taxonomy":"product_brand","embeddable":true,"href":"https:\/\/tammetorubbq.ee\/fi\/wp-json\/wp\/v2\/product_brand?post=2067"},{"taxonomy":"product_cat","embeddable":true,"href":"https:\/\/tammetorubbq.ee\/fi\/wp-json\/wp\/v2\/product_cat?post=2067"},{"taxonomy":"product_tag","embeddable":true,"href":"https:\/\/tammetorubbq.ee\/fi\/wp-json\/wp\/v2\/product_tag?post=2067"}],"curies":[{"name":"wp","href":"https:\/\/api.w.org\/{rel}","templated":true}]}}