{"id":2069,"date":"2024-11-06T19:43:46","date_gmt":"2024-11-06T17:43:46","guid":{"rendered":"https:\/\/tammetorubbq.ee\/?post_type=product&#038;p=2069"},"modified":"2026-04-15T06:00:04","modified_gmt":"2026-04-15T03:00:04","slug":"stokes-piccallikastike-240g","status":"publish","type":"product","link":"https:\/\/tammetorubbq.ee\/fi\/product-2\/stokes-piccallikastike-240g\/","title":{"rendered":"Stokes Piccallikastike 240g"},"content":{"rendered":"<p><strong>Ainesosat:<\/strong> siiderietikka, kukkakaali (16%), sipuli (14%), puhdistamaton ruokosokeri, kes\u00e4kurpitsa (8%), Dijon-juusto <strong>sinep<\/strong>\u00a0(7%) (vesi, sinapinsiemenet, v\u00e4kiviinaetikka, suola, happamuudens\u00e4\u00e4t\u00f6aine: sitruunahappo), vihre\u00e4 paprika (4%), punainen paprika (4%), maissijauho, suolakurkut (3%) (suolakurkut, tislattu mallasetikka (ohra), suola, vesi, happo: etikkahappo, keltaiset sinapinsiemenet).<strong>,<\/strong>\u00a0mauste, merisuola, s\u00e4il\u00f6nt\u00e4aine: sorbiinihappo.<\/p>\n<p>Ravintoarvo 100 g:ssa: energia 391kJ\/92kcal, rasvat 1,5 g, josta tyydyttyneit\u00e4 0,0 g, hiilihydraatit 20 g, josta sokereita 15 g, proteiinit 2,3 g, suola 1,4 g.<\/p>","protected":false},"excerpt":{"rendered":"<p>Rapeiden puutarhavihannesten makeus kirpe\u00e4ss\u00e4, kurkumalla maustetussa sinappikastikkeessa.<\/p>\n<p>Englannin perinteinen suosikki PICCALILLI KASTE - mausteinen, hieman makea sinappikastike, joka on maustettu kurkumalla.<\/p>\n<p>Sopii erinomaisesti leikatun lihan ja my\u00f6s juuston kanssa.<\/p>\n<h3><\/h3>\n<p>&nbsp;<\/p>\n<p>STOKES - Ensiluokkaiset kastikkeet, ketsupit ja sinapit, jotka ovat korkealaatuisia Englannista.<\/p>\n<p><img loading=\"lazy\" decoding=\"async\" class=\"alignnone wp-image-1551\" src=\"http:\/\/tammetorubbq.ee\/wp-content\/uploads\/2023\/12\/stokes-logo-vector-1.png\" alt=\"\" width=\"170\" height=\"94\" srcset=\"https:\/\/tammetorubbq.ee\/wp-content\/uploads\/2023\/12\/stokes-logo-vector-1.png 300w, https:\/\/tammetorubbq.ee\/wp-content\/uploads\/2023\/12\/stokes-logo-vector-1-18x10.png 18w, https:\/\/tammetorubbq.ee\/wp-content\/uploads\/2023\/12\/stokes-logo-vector-1-64x35.png 64w\" sizes=\"auto, (max-width: 170px) 100vw, 170px\" \/><\/p>","protected":false},"featured_media":2070,"comment_status":"open","ping_status":"closed","template":"","meta":{"_uf_show_specific_survey":0,"_uf_disable_surveys":false},"pwb-brand":[89],"product_brand":[],"product_cat":[22],"product_tag":[],"class_list":{"0":"post-2069","1":"product","2":"type-product","3":"status-publish","4":"has-post-thumbnail","6":"pwb-brand-stokes","7":"product_cat-kastmed-ja-marinaadid","9":"first","10":"outofstock","11":"taxable","12":"shipping-taxable","13":"purchasable","14":"product-type-simple"},"brands":[{"id":89,"name":"Stokes","slug":"stokes"}],"_links":{"self":[{"href":"https:\/\/tammetorubbq.ee\/fi\/wp-json\/wp\/v2\/product\/2069","targetHints":{"allow":["GET"]}}],"collection":[{"href":"https:\/\/tammetorubbq.ee\/fi\/wp-json\/wp\/v2\/product"}],"about":[{"href":"https:\/\/tammetorubbq.ee\/fi\/wp-json\/wp\/v2\/types\/product"}],"replies":[{"embeddable":true,"href":"https:\/\/tammetorubbq.ee\/fi\/wp-json\/wp\/v2\/comments?post=2069"}],"wp:featuredmedia":[{"embeddable":true,"href":"https:\/\/tammetorubbq.ee\/fi\/wp-json\/wp\/v2\/media\/2070"}],"wp:attachment":[{"href":"https:\/\/tammetorubbq.ee\/fi\/wp-json\/wp\/v2\/media?parent=2069"}],"wp:term":[{"taxonomy":"pwb-brand","embeddable":true,"href":"https:\/\/tammetorubbq.ee\/fi\/wp-json\/wp\/v2\/pwb-brand?post=2069"},{"taxonomy":"product_brand","embeddable":true,"href":"https:\/\/tammetorubbq.ee\/fi\/wp-json\/wp\/v2\/product_brand?post=2069"},{"taxonomy":"product_cat","embeddable":true,"href":"https:\/\/tammetorubbq.ee\/fi\/wp-json\/wp\/v2\/product_cat?post=2069"},{"taxonomy":"product_tag","embeddable":true,"href":"https:\/\/tammetorubbq.ee\/fi\/wp-json\/wp\/v2\/product_tag?post=2069"}],"curies":[{"name":"wp","href":"https:\/\/api.w.org\/{rel}","templated":true}]}}