{"id":2298,"date":"2024-12-02T18:02:36","date_gmt":"2024-12-02T16:02:36","guid":{"rendered":"https:\/\/tammetorubbq.ee\/?post_type=product&#038;p=2298"},"modified":"2026-04-15T02:00:17","modified_gmt":"2026-04-14T23:00:17","slug":"blues-hog-vadelma-chipotle-bbq-kastike-557g","status":"publish","type":"product","link":"https:\/\/tammetorubbq.ee\/fi\/product-2\/blues-hog-vadelma-chipotle-bbq-kastike-557g\/","title":{"rendered":"Blues Hog Vadelma Chipotle BBQ-kastike 557g"},"content":{"rendered":"<p>Blues Hogin gourmet-kastikkeet ovat gluteenittomia ja valmistettu luonnollisista, korkealaatuisista raaka-aineista.<\/p>\n<p>Blues Hog -tuotteilla on enemm\u00e4n palkintoja kuin mill\u00e4\u00e4n muulla markkinoilla olevalla \"kilpailijalla\", mink\u00e4 vuoksi Blues Hog -tuotteita k\u00e4ytt\u00e4v\u00e4t 90% kilpailevat grillijoukkueet ymp\u00e4ri maailmaa.<\/p>\n<p><strong>Ainesosat:<\/strong> valkoinen sokeri, vesi, vadelmat, paprika (chipotle-paprika, vesi, etikka, sokeri, suola, tomaattimurska, savuuute, sipuli, valkosipuli), ruskea sokeri, ketsuppi (tomaattitiiviste kypsist\u00e4 punaisista tomaateista, tislattu etikka, korkea fruktoosipitoisuus omaava maissisiirappi, maissisiirappi, suola, mausteet, sipulijauhe, luontaiset mausteet), valkoinen etikka, omenaviinietikka, sitruunamehu, mustapippuri, Worcestershire-kastike (tislattu etikka, vesi, melassi, maissisiirappi, suola, sokeri, mausteet, karamelliv\u00e4ri, anjovis, luontaiset aromit (soija), ksantaanikumi, kuivattu valkosipulijauhe ja tamarindiuute.) Suola, mausteet, mukaan lukien paprika, kuivattu valkosipuli ja jopa 2% piidioksidia, joka on lis\u00e4tty paakkuuntumisen est\u00e4miseksi, suola, kaneli, inkiv\u00e4\u00e4ri, punapippuri ja vanilja.<\/p>","protected":false},"excerpt":{"rendered":"<p>Legendaarinen Bill Arnold Blues Hog ei kaipaa esittely\u00e4 - nimi kertoo kaiken!<\/p>\n<p>Blues Hog Raspberry Chipotle BBQ kaste \u00fchendab magusa vaarika ja suitsuse chipotle t\u0161illi t\u00e4iuslikuks maitsete tasakaaluks. See k\u00e4sit\u00f6\u00f6na valmistatud BBQ-kaste on rikkaliku tekstuuriga ja s\u00fcgava maitsega, sobides suurep\u00e4raselt nii grillimiseks kui ka serveerimiseks.<\/p>\n<p><strong>Magus-v\u00fcrtsikas maitseprofiil<\/strong> &#8211; Vaarika loomulik magusus kohtub chipotle t\u0161illi suitsuse ja kergelt terava noodiga, luues meeldivalt tasakaalus kastme, mis ei ole \u00fcleliia tuline.<\/p>\n<p><strong>Monipuolinen k\u00e4ytt\u00f6<\/strong> &#8211; Ideaalne ribidele, seafileele, kanale, veiselihale ja burgeritele. Sobib ka glasuuriks, marinaadiks v\u00f5i dipikastmeks.<\/p>\n<p><strong>BBQ-meistrite valik<\/strong> &#8211; Blues Hog kastmeid kasutavad ja usaldavad paljud v\u00f5istlusgrillijad \u00fcle maailma t\u00e4nu nende paksule konsistentsile ja puhtale maitsele.<\/p>\n<p><strong data-start=\"822\" data-end=\"834\">Pro-vinkki: <\/strong>Sega Raspberry Chipotle kaste vahekorras 1:1 Blues Hog Original BBQ kastmega \u2013 tulemuseks on v\u00f5istlustasemel glasuur ribidele v\u00f5i kanatiibadele, mis karamellistub grillil kaunilt ega k\u00f5rbe kergesti.<\/p>\n<p><img loading=\"lazy\" decoding=\"async\" class=\"wp-image-3462\" src=\"http:\/\/tammetorubbq.ee\/wp-content\/uploads\/2024\/02\/BH_Logo_2022-300x280.avif\" alt=\"Blues Hog\" width=\"181\" height=\"169\" srcset=\"https:\/\/tammetorubbq.ee\/wp-content\/uploads\/2024\/02\/BH_Logo_2022-300x280.avif 300w, https:\/\/tammetorubbq.ee\/wp-content\/uploads\/2024\/02\/BH_Logo_2022-13x12.avif 13w, https:\/\/tammetorubbq.ee\/wp-content\/uploads\/2024\/02\/BH_Logo_2022-64x60.avif 64w, https:\/\/tammetorubbq.ee\/wp-content\/uploads\/2024\/02\/BH_Logo_2022.avif 322w\" sizes=\"auto, (max-width: 181px) 100vw, 181px\" \/><\/p>","protected":false},"featured_media":2300,"comment_status":"open","ping_status":"closed","template":"","meta":{"_uf_show_specific_survey":0,"_uf_disable_surveys":false},"pwb-brand":[74],"product_brand":[],"product_cat":[22],"product_tag":[331,138,118,159,114,122,119,165],"class_list":{"0":"post-2298","1":"product","2":"type-product","3":"status-publish","4":"has-post-thumbnail","6":"pwb-brand-blues-hog","7":"product_cat-kastmed-ja-marinaadid","8":"product_tag-blues-hog","9":"product_tag-burger","10":"product_tag-kanaliha","11":"product_tag-kanatiivad","12":"product_tag-sealiha","13":"product_tag-searibi","14":"product_tag-veiseliha","15":"product_tag-veiseribi","17":"first","18":"outofstock","19":"taxable","20":"shipping-taxable","21":"purchasable","22":"product-type-simple"},"brands":[{"id":74,"name":"Blues Hog","slug":"blues-hog"}],"_links":{"self":[{"href":"https:\/\/tammetorubbq.ee\/fi\/wp-json\/wp\/v2\/product\/2298","targetHints":{"allow":["GET"]}}],"collection":[{"href":"https:\/\/tammetorubbq.ee\/fi\/wp-json\/wp\/v2\/product"}],"about":[{"href":"https:\/\/tammetorubbq.ee\/fi\/wp-json\/wp\/v2\/types\/product"}],"replies":[{"embeddable":true,"href":"https:\/\/tammetorubbq.ee\/fi\/wp-json\/wp\/v2\/comments?post=2298"}],"wp:featuredmedia":[{"embeddable":true,"href":"https:\/\/tammetorubbq.ee\/fi\/wp-json\/wp\/v2\/media\/2300"}],"wp:attachment":[{"href":"https:\/\/tammetorubbq.ee\/fi\/wp-json\/wp\/v2\/media?parent=2298"}],"wp:term":[{"taxonomy":"pwb-brand","embeddable":true,"href":"https:\/\/tammetorubbq.ee\/fi\/wp-json\/wp\/v2\/pwb-brand?post=2298"},{"taxonomy":"product_brand","embeddable":true,"href":"https:\/\/tammetorubbq.ee\/fi\/wp-json\/wp\/v2\/product_brand?post=2298"},{"taxonomy":"product_cat","embeddable":true,"href":"https:\/\/tammetorubbq.ee\/fi\/wp-json\/wp\/v2\/product_cat?post=2298"},{"taxonomy":"product_tag","embeddable":true,"href":"https:\/\/tammetorubbq.ee\/fi\/wp-json\/wp\/v2\/product_tag?post=2298"}],"curies":[{"name":"wp","href":"https:\/\/api.w.org\/{rel}","templated":true}]}}